{"id":1334,"date":"2022-08-24T15:00:31","date_gmt":"2022-08-24T18:00:31","guid":{"rendered":"https:\/\/www.aeroclubushuaia.com\/quincho\/"},"modified":"2023-10-27T18:57:46","modified_gmt":"2023-10-27T21:57:46","slug":"quincho","status":"publish","type":"page","link":"https:\/\/www.aeroclubushuaia.com\/pt-br\/quincho\/","title":{"rendered":"Quincho"},"content":{"rendered":"<p>[et_pb_section fb_built=&#8221;1&#8243; fullwidth=&#8221;on&#8221; next_background_color=&#8221;#fcfcfc&#8221; admin_label=&#8221;Header&#8221; _builder_version=&#8221;4.9.10&#8243; background_color=&#8221;#b7b9c7&#8243; custom_padding=&#8221;0px|0|0px|0px|false|false&#8221; bottom_divider_style=&#8221;curve2&#8243; locked=&#8221;off&#8221;][et_pb_fullwidth_header title=&#8221;Quincho&#8221; text_orientation=&#8221;center&#8221; background_overlay_color=&#8221;rgba(83,90,128,0.3)&#8221; image_orientation=&#8221;bottom&#8221; content_max_width=&#8221;90%&#8221; _builder_version=&#8221;4.9.10&#8243; title_font=&#8221;Noto Serif|700|||||||&#8221; title_text_align=&#8221;center&#8221; title_font_size=&#8221;3vw&#8221; content_font=&#8221;Noto Serif|700|||||||&#8221; content_text_align=&#8221;left&#8221; content_font_size=&#8221;32px&#8221; subhead_font=&#8221;Noto Sans||||||||&#8221; subhead_text_align=&#8221;center&#8221; subhead_font_size=&#8221;30px&#8221; subhead_line_height=&#8221;2em&#8221; background_color=&#8221;rgba(224,43,32,0.55)&#8221; background_image=&#8221;https:\/\/www.aeroclubushuaia.com\/wp-content\/uploads\/2022\/09\/IMG_20220630_155758003_HDR-1.jpg&#8221; parallax=&#8221;on&#8221; parallax_method=&#8221;on&#8221; custom_button_one=&#8221;on&#8221; button_one_text_size=&#8221;17px&#8221; button_one_text_color=&#8221;#FFFFFF&#8221; button_one_bg_color=&#8221;#0063a8&#8243; button_one_border_width=&#8221;7px&#8221; button_one_border_color=&#8221;#0063a8&#8243; button_one_border_radius=&#8221;100px&#8221; button_one_font=&#8221;Noto Sans|700||on|||||&#8221; button_one_use_icon=&#8221;off&#8221; custom_margin=&#8221;|||&#8221; custom_padding=&#8221;166px||164px|||&#8221; custom_padding_tablet=&#8221;100px|||&#8221; custom_padding_phone=&#8221;&#8221; custom_padding_last_edited=&#8221;on|phone&#8221; animation_style=&#8221;fade&#8221; animation_direction=&#8221;top&#8221; hover_enabled=&#8221;0&#8243; title_font_size_tablet=&#8221;60px&#8221; title_font_size_phone=&#8221;35px&#8221; title_font_size_last_edited=&#8221;on|phone&#8221; subhead_font_size_tablet=&#8221;&#8221; subhead_font_size_phone=&#8221;20px&#8221; subhead_font_size_last_edited=&#8221;on|desktop&#8221; subhead_line_height_tablet=&#8221;&#8221; subhead_line_height_phone=&#8221;1.5em&#8221; subhead_line_height_last_edited=&#8221;on|phone&#8221; button_one_text_color_hover=&#8221;#ffffff&#8221; button_one_border_color_hover=&#8221;#ff9e59&#8243; button_one_border_radius_hover=&#8221;100px&#8221; button_one_bg_color_hover=&#8221;#ff9e59&#8243; button_one_text_size__hover_enabled=&#8221;off&#8221; button_two_text_size__hover_enabled=&#8221;off&#8221; button_one_text_color__hover_enabled=&#8221;on&#8221; button_one_text_color__hover=&#8221;#ffffff&#8221; button_two_text_color__hover_enabled=&#8221;off&#8221; button_one_border_width__hover_enabled=&#8221;off&#8221; button_two_border_width__hover_enabled=&#8221;off&#8221; button_one_border_color__hover_enabled=&#8221;on&#8221; button_one_border_color__hover=&#8221;#0063a8&#8243; button_two_border_color__hover_enabled=&#8221;off&#8221; button_one_border_radius__hover_enabled=&#8221;on&#8221; button_one_border_radius__hover=&#8221;100px&#8221; button_two_border_radius__hover_enabled=&#8221;off&#8221; button_one_letter_spacing__hover_enabled=&#8221;off&#8221; button_two_letter_spacing__hover_enabled=&#8221;off&#8221; button_one_bg_color__hover_enabled=&#8221;on|hover&#8221; button_one_bg_color__hover=&#8221;#0063a8&#8243; button_two_bg_color__hover_enabled=&#8221;off&#8221; button_one_bg_enable_color__hover=&#8221;on&#8221; sticky_enabled=&#8221;0&#8243;][\/et_pb_fullwidth_header][\/et_pb_section][et_pb_section fb_built=&#8221;1&#8243; _builder_version=&#8221;4.9.10&#8243; _module_preset=&#8221;default&#8221; background_color=&#8221;#fcfcfc&#8221; locked=&#8221;off&#8221;][et_pb_row _builder_version=&#8221;4.9.10&#8243; _module_preset=&#8221;default&#8221;][et_pb_column type=&#8221;4_4&#8243; _builder_version=&#8221;4.9.10&#8243; _module_preset=&#8221;default&#8221;][et_pb_text _builder_version=&#8221;4.9.10&#8243; text_font=&#8221;Noto Sans||||||||&#8221; text_text_color=&#8221;#000000&#8243; text_font_size=&#8221;17px&#8221; text_line_height=&#8221;2em&#8221; link_font=&#8221;||||||||&#8221; ul_font=&#8221;||||||||&#8221; ol_font=&#8221;||||||||&#8221; quote_font=&#8221;||||||||&#8221; header_font=&#8221;||||||||&#8221; header_text_align=&#8221;center&#8221; header_2_font=&#8221;Noto Serif|700|||||||&#8221; header_2_text_align=&#8221;center&#8221; header_2_text_color=&#8221;#000000&#8243; header_2_font_size=&#8221;44px&#8221; header_2_line_height=&#8221;1.5em&#8221; max_width=&#8221;800px&#8221; module_alignment=&#8221;center&#8221; custom_margin=&#8221;||6px|||&#8221; custom_padding=&#8221;20px|||||&#8221; header_2_font_size_tablet=&#8221;&#8221; header_2_font_size_phone=&#8221;34px&#8221; header_2_font_size_last_edited=&#8221;on|phone&#8221; locked=&#8221;off&#8221;]<\/p>\n<h2><span data-sheets-value=\"{\"1\":2,\"2\":\"Tarifas de Vuelos\"}\" data-sheets-userformat=\"{\"2\":7041,\"3\":{\"1\":0},\"10\":1,\"11\":4,\"12\":0,\"14\":{\"1\":3,\"3\":1},\"15\":\"Arial\"}\">Aluguel de Quincho<\/span><\/h2>\n<p>[\/et_pb_text][et_pb_divider color=&#8221;#0C71C3&#8243; divider_weight=&#8221;6px&#8221; _builder_version=&#8221;4.9.10&#8243; _module_preset=&#8221;default&#8221; width=&#8221;10%&#8221; module_alignment=&#8221;center&#8221; custom_margin=&#8221;||9px|||&#8221; locked=&#8221;off&#8221;][\/et_pb_divider][et_pb_text _builder_version=&#8221;4.9.10&#8243; _module_preset=&#8221;default&#8221; text_font=&#8221;Noto Sans||||||||&#8221; text_text_color=&#8221;#000000&#8243; text_font_size=&#8221;17px&#8221; text_line_height=&#8221;2em&#8221; link_font=&#8221;||||||||&#8221; ul_font=&#8221;||||||||&#8221; ol_font=&#8221;||||||||&#8221; quote_font=&#8221;||||||||&#8221; header_font=&#8221;||||||||&#8221; header_2_font=&#8221;Noto Serif|700|||||||&#8221; header_2_text_color=&#8221;#000000&#8243; header_2_font_size=&#8221;44px&#8221; header_2_line_height=&#8221;1.5em&#8221; max_width=&#8221;800px&#8221; module_alignment=&#8221;center&#8221; custom_margin=&#8221;-2px|||||&#8221; custom_padding=&#8221;2px|||||&#8221; header_2_font_size_tablet=&#8221;&#8221; header_2_font_size_phone=&#8221;34px&#8221; header_2_font_size_last_edited=&#8221;on|phone&#8221;]<\/p>\n<p style=\"text-align: left;\"><span>O Aeroclube Ushuaia possui em suas instala\u00e7\u00f5es uma das melhores churrasqueiras da cidade de Ushuaia. Localizada na Passarela Luis Pedro Fique 151, nossa churrasqueira possui amplas janelas que garantem as melhores vistas da cidade, da Cordilheira dos Andes e se voc\u00ea gosta de avi\u00f5es, tamb\u00e9m da pista do antigo aeroporto de Ushuaia, atual sede do Aeroclube.  <\/span><\/p>\n<p><span>A \u00e1rea da churrasqueira possui uma ampla cozinha, que \u00e9 integrada ao restante da sala e conta com churrasqueira interna, forno a g\u00e1s, \u00e1gua encanada, t\u00e1buas de madeira, bancadas amplas, geladeira e freezer grande. Da mesma forma, est\u00e1 equipado com banheiros separados para homens e mulheres.  <\/span><\/p>\n<p><span>As mesas s\u00e3o facilmente remov\u00edveis e as cadeiras empilhadas para personalizar a sala dependendo do tipo de evento que deseja realizar. Lou\u00e7as (pratos, copos e talheres) est\u00e3o inclu\u00eddas no aluguel.<\/span><\/p>\n<p><span>A churrasqueira possui um amplo jardim para que seu evento n\u00e3o se limite \u00e0s paredes da sala. Possui tamb\u00e9m um amplo estacionamento externo iluminado.<\/span><\/p>\n<p><span>Cumprindo as normas de seguran\u00e7a, a \u00e1rea da churrasqueira conta com extintor e duas sa\u00eddas de emerg\u00eancia, al\u00e9m do acesso principal. Ambas as sa\u00eddas est\u00e3o claramente marcadas com sinais indicadores.<\/span><\/p>\n<p>[\/et_pb_text][et_pb_accordion icon_color=&#8221;#0C71C3&#8243; _builder_version=&#8221;4.9.10&#8243; _module_preset=&#8221;default&#8221; toggle_font=&#8221;Noto Sans|700|||||||&#8221; body_text_color=&#8221;#000000&#8243; width=&#8221;75%&#8221; module_alignment=&#8221;center&#8221; hover_enabled=&#8221;0&#8243; sticky_enabled=&#8221;0&#8243; width_last_edited=&#8221;on|phone&#8221; width_phone=&#8221;100%&#8221;][et_pb_accordion_item title=&#8221;Quais s\u00e3o os turnos para alugar?&#8221; open=&#8221;on&#8221; _builder_version=&#8221;4.9.10&#8243; _module_preset=&#8221;default&#8221;]<\/p>\n<p><span>A churrasqueira est\u00e1 dispon\u00edvel tanto para s\u00f3cios quanto para n\u00e3o s\u00f3cios do Aeroclube. Existem dois turnos de aluguel: turno do meio-dia e turno da noite.<\/span><\/p>\n<p><span>TURNO DO MEIO-DIA: 10h30 \u00e0s 17h00<\/span><br \/><span>Turno Noturno: 19h30 \u00e0s 3h00.<\/span><\/p>\n<p><span>\u00c9 alugado de segunda a s\u00e1bado. N\u00c3O \u00e9 alugado aos domingos. A churrasqueira N\u00c3O \u00e9 alugada para casamentos ou anivers\u00e1rios de 15 anos. A capacidade m\u00e1xima \u00e9 de 50 pessoas.<\/span><\/p>\n<p>[\/et_pb_accordion_item][et_pb_accordion_item title=&#8221;Como alugar?&#8221; _builder_version=&#8221;4.9.10&#8243; _module_preset=&#8221;default&#8221; open=&#8221;off&#8221;]<\/p>\n<p><span>Pode ligar-nos para o n\u00famero 421717 ou 421892 das 8h00 \u00e0s 16h00 (segunda a sexta-feira) e das 8h00 \u00e0s 12h00 (s\u00e1bados); ou dirija-se ao Aeroclube (Pasarela Luis Pedro Fique 151) para verificar a disponibilidade.<\/span><\/p>\n<p>[\/et_pb_accordion_item][\/et_pb_accordion][\/et_pb_column][\/et_pb_row][\/et_pb_section]<\/p>\n","protected":false},"excerpt":{"rendered":"<p>Quincho Aluguel de Quincho O Aeroclube Ushuaia possui em suas instala\u00e7\u00f5es uma das melhores churrasqueiras da cidade de Ushuaia. Localizada na Passarela Luis Pedro Fique 151, nossa churrasqueira possui amplas janelas que garantem as melhores vistas da cidade, da Cordilheira dos Andes e se voc\u00ea gosta de avi\u00f5es, tamb\u00e9m da pista do antigo aeroporto de [&hellip;]<\/p>\n","protected":false},"author":1,"featured_media":0,"parent":0,"menu_order":0,"comment_status":"closed","ping_status":"closed","template":"","meta":{"_et_pb_use_builder":"on","_et_pb_old_content":"","_et_gb_content_width":"","footnotes":""},"class_list":["post-1334","page","type-page","status-publish","hentry"],"_links":{"self":[{"href":"https:\/\/www.aeroclubushuaia.com\/pt-br\/wp-json\/wp\/v2\/pages\/1334","targetHints":{"allow":["GET"]}}],"collection":[{"href":"https:\/\/www.aeroclubushuaia.com\/pt-br\/wp-json\/wp\/v2\/pages"}],"about":[{"href":"https:\/\/www.aeroclubushuaia.com\/pt-br\/wp-json\/wp\/v2\/types\/page"}],"author":[{"embeddable":true,"href":"https:\/\/www.aeroclubushuaia.com\/pt-br\/wp-json\/wp\/v2\/users\/1"}],"replies":[{"embeddable":true,"href":"https:\/\/www.aeroclubushuaia.com\/pt-br\/wp-json\/wp\/v2\/comments?post=1334"}],"version-history":[{"count":4,"href":"https:\/\/www.aeroclubushuaia.com\/pt-br\/wp-json\/wp\/v2\/pages\/1334\/revisions"}],"predecessor-version":[{"id":1381,"href":"https:\/\/www.aeroclubushuaia.com\/pt-br\/wp-json\/wp\/v2\/pages\/1334\/revisions\/1381"}],"wp:attachment":[{"href":"https:\/\/www.aeroclubushuaia.com\/pt-br\/wp-json\/wp\/v2\/media?parent=1334"}],"curies":[{"name":"wp","href":"https:\/\/api.w.org\/{rel}","templated":true}]}}