{"id":1338,"date":"2022-08-06T03:33:51","date_gmt":"2022-08-06T06:33:51","guid":{"rendered":"https:\/\/www.aeroclubushuaia.com\/sala-de-aula\/"},"modified":"2023-10-27T18:57:35","modified_gmt":"2023-10-27T21:57:35","slug":"sala-de-aula","status":"publish","type":"page","link":"https:\/\/www.aeroclubushuaia.com\/pt-br\/sala-de-aula\/","title":{"rendered":"Sala de aula"},"content":{"rendered":"<p style=\"text-align: justify;\">\n  Uma parte vital da Escola de Voo do Aeroclube Ushuaia \u00e9 a sala de aula. \u00c9 aqui que s\u00e3o dadas as aulas te\u00f3ricas aos alunos piloto.<\/p>\n<p>  Tem capacidade para 10 alunos, e disp\u00f5e, entre outros, de ilumina\u00e7\u00e3o, aquecimento, projetor de alta defini\u00e7\u00e3o, televis\u00e3o, leitor de DVD, quadro negro, mesa de trabalho de grupo, cartografia, elementos de demonstra\u00e7\u00e3o (pe\u00e7as de motores de aeronaves, maquetes, etc.) , bem como uma ampla e variada biblioteca aeron\u00e1utica.<\/p>\n<p>  Al\u00e9m das aulas te\u00f3ricas correspondentes ao curso de Piloto de Avi\u00e3o Privado, os nossos Instrutores de Voo ministram periodicamente aulas te\u00f3ricas abertas sobre diversos temas: Regulamentos de voo, espa\u00e7o a\u00e9reo, meteorologia, navega\u00e7\u00e3o a\u00e9rea, voo entre montanhas, entre outros.<\/p>\n<p>  A sala de aula possui excelente vista da plataforma do Aeroclube, bem como da pista do aer\u00f3dromo.<\/p>\n","protected":false},"excerpt":{"rendered":"<p>Uma parte vital da Escola de Voo do Aeroclube Ushuaia \u00e9 a sala de aula. \u00c9 aqui que s\u00e3o dadas as aulas te\u00f3ricas aos alunos piloto. Tem capacidade para 10 alunos, e disp\u00f5e, entre outros, de ilumina\u00e7\u00e3o, aquecimento, projetor de alta defini\u00e7\u00e3o, televis\u00e3o, leitor de DVD, quadro negro, mesa de trabalho de grupo, cartografia, elementos [&hellip;]<\/p>\n","protected":false},"author":1,"featured_media":0,"parent":0,"menu_order":0,"comment_status":"open","ping_status":"open","template":"","meta":{"_et_pb_use_builder":"","_et_pb_old_content":"","_et_gb_content_width":"","footnotes":""},"class_list":["post-1338","page","type-page","status-publish","hentry"],"_links":{"self":[{"href":"https:\/\/www.aeroclubushuaia.com\/pt-br\/wp-json\/wp\/v2\/pages\/1338","targetHints":{"allow":["GET"]}}],"collection":[{"href":"https:\/\/www.aeroclubushuaia.com\/pt-br\/wp-json\/wp\/v2\/pages"}],"about":[{"href":"https:\/\/www.aeroclubushuaia.com\/pt-br\/wp-json\/wp\/v2\/types\/page"}],"author":[{"embeddable":true,"href":"https:\/\/www.aeroclubushuaia.com\/pt-br\/wp-json\/wp\/v2\/users\/1"}],"replies":[{"embeddable":true,"href":"https:\/\/www.aeroclubushuaia.com\/pt-br\/wp-json\/wp\/v2\/comments?post=1338"}],"version-history":[{"count":1,"href":"https:\/\/www.aeroclubushuaia.com\/pt-br\/wp-json\/wp\/v2\/pages\/1338\/revisions"}],"predecessor-version":[{"id":1371,"href":"https:\/\/www.aeroclubushuaia.com\/pt-br\/wp-json\/wp\/v2\/pages\/1338\/revisions\/1371"}],"wp:attachment":[{"href":"https:\/\/www.aeroclubushuaia.com\/pt-br\/wp-json\/wp\/v2\/media?parent=1338"}],"curies":[{"name":"wp","href":"https:\/\/api.w.org\/{rel}","templated":true}]}}