{"id":1347,"date":"2022-08-09T23:43:17","date_gmt":"2022-08-10T02:43:17","guid":{"rendered":"https:\/\/www.aeroclubushuaia.com\/comecar\/"},"modified":"2023-10-27T18:57:47","modified_gmt":"2023-10-27T21:57:47","slug":"comecar","status":"publish","type":"page","link":"https:\/\/www.aeroclubushuaia.com\/pt-br\/","title":{"rendered":"Come\u00e7ar"},"content":{"rendered":"<p>[et_pb_section fb_built=&#8221;1&#8243; fullwidth=&#8221;on&#8221; next_background_color=&#8221;#0C71C3&#8243; admin_label=&#8221;Header&#8221; _builder_version=&#8221;4.9.10&#8243; background_color=&#8221;#b7b9c7&#8243; custom_padding=&#8221;0px|0|0px|0px|false|false&#8221; bottom_divider_style=&#8221;arrow2&#8243;][et_pb_fullwidth_header title=&#8221;Eu experimentei Ushuaia do ar&#8221; text_orientation=&#8221;center&#8221; button_one_text=&#8221;VOE CONOSCO&#8221; button_one_url=&#8221;https:\/\/www.aeroclubushuaia.com\/contacto\/&#8221; background_overlay_color=&#8221;rgba(83,90,128,0.3)&#8221; content_max_width=&#8221;90%&#8221; _builder_version=&#8221;4.9.10&#8243; title_font=&#8221;Noto Serif|700|||||||&#8221; title_text_align=&#8221;center&#8221; title_font_size=&#8221;3vw&#8221; content_font=&#8221;Noto Serif|700|||||||&#8221; content_text_align=&#8221;left&#8221; content_font_size=&#8221;32px&#8221; subhead_font=&#8221;Noto Sans||||||||&#8221; subhead_text_align=&#8221;center&#8221; subhead_font_size=&#8221;30px&#8221; subhead_line_height=&#8221;2em&#8221; background_color=&#8221;rgba(224,43,32,0.55)&#8221; background_image=&#8221;https:\/\/www.aeroclubushuaia.com\/wp-content\/uploads\/2022\/10\/Aeroclub-Ushuaia-8.jpg&#8221; custom_button_one=&#8221;on&#8221; button_one_text_size=&#8221;14px&#8221; button_one_text_color=&#8221;#FFFFFF&#8221; button_one_bg_color=&#8221;#0063a8&#8243; button_one_border_width=&#8221;7px&#8221; button_one_border_color=&#8221;#0063a8&#8243; button_one_border_radius=&#8221;100px&#8221; button_one_font=&#8221;Noto Sans|700||on|||||&#8221; button_one_use_icon=&#8221;off&#8221; custom_margin=&#8221;|||&#8221; custom_padding=&#8221;166px||164px|||&#8221; custom_padding_tablet=&#8221;100px|||&#8221; custom_padding_phone=&#8221;&#8221; custom_padding_last_edited=&#8221;on|phone&#8221; animation_style=&#8221;fade&#8221; animation_direction=&#8221;top&#8221; hover_enabled=&#8221;0&#8243; title_font_size_tablet=&#8221;60px&#8221; title_font_size_phone=&#8221;35px&#8221; title_font_size_last_edited=&#8221;on|phone&#8221; subhead_font_size_tablet=&#8221;&#8221; subhead_font_size_phone=&#8221;20px&#8221; subhead_font_size_last_edited=&#8221;on|desktop&#8221; subhead_line_height_tablet=&#8221;&#8221; subhead_line_height_phone=&#8221;1.5em&#8221; subhead_line_height_last_edited=&#8221;on|phone&#8221; button_one_text_color_hover=&#8221;#ffffff&#8221; button_one_border_color_hover=&#8221;#ff9e59&#8243; button_one_border_radius_hover=&#8221;100px&#8221; button_one_bg_color_hover=&#8221;#ff9e59&#8243; button_one_text_size__hover_enabled=&#8221;off&#8221; button_two_text_size__hover_enabled=&#8221;off&#8221; button_one_text_color__hover_enabled=&#8221;on&#8221; button_one_text_color__hover=&#8221;#ffffff&#8221; button_two_text_color__hover_enabled=&#8221;off&#8221; button_one_border_width__hover_enabled=&#8221;off&#8221; button_two_border_width__hover_enabled=&#8221;off&#8221; button_one_border_color__hover_enabled=&#8221;on&#8221; button_one_border_color__hover=&#8221;#0063a8&#8243; button_two_border_color__hover_enabled=&#8221;off&#8221; button_one_border_radius__hover_enabled=&#8221;on&#8221; button_one_border_radius__hover=&#8221;100px&#8221; button_two_border_radius__hover_enabled=&#8221;off&#8221; button_one_letter_spacing__hover_enabled=&#8221;off&#8221; button_two_letter_spacing__hover_enabled=&#8221;off&#8221; button_one_bg_color__hover_enabled=&#8221;on|hover&#8221; button_one_bg_color__hover=&#8221;#0063a8&#8243; button_two_bg_color__hover_enabled=&#8221;off&#8221; button_one_bg_enable_color__hover=&#8221;on&#8221; link_option_url_new_window=&#8221;on&#8221; sticky_enabled=&#8221;0&#8243;][\/et_pb_fullwidth_header][\/et_pb_section][et_pb_section fb_built=&#8221;1&#8243; _builder_version=&#8221;4.9.10&#8243; _module_preset=&#8221;default&#8221; background_color=&#8221;#0C71C3&#8243; bottom_divider_style=&#8221;arrow2&#8243; bottom_divider_color=&#8221;#FFFFFF&#8221; bottom_divider_height=&#8221;90px&#8221;][et_pb_row column_structure=&#8221;1_2,1_2&#8243; _builder_version=&#8221;4.9.10&#8243; _module_preset=&#8221;default&#8221;][et_pb_column type=&#8221;1_2&#8243; _builder_version=&#8221;4.9.10&#8243; _module_preset=&#8221;default&#8221;][et_pb_text _builder_version=&#8221;4.9.10&#8243; text_font=&#8221;Noto Sans||||||||&#8221; text_text_color=&#8221;#FFFFFF&#8221; text_font_size=&#8221;17px&#8221; text_line_height=&#8221;2em&#8221; link_font=&#8221;||||||||&#8221; ul_font=&#8221;||||||||&#8221; ol_font=&#8221;||||||||&#8221; quote_font=&#8221;||||||||&#8221; header_font=&#8221;||||||||&#8221; header_2_font=&#8221;Noto Serif|700|||||||&#8221; header_2_text_color=&#8221;#FFFFFF&#8221; header_2_font_size=&#8221;44px&#8221; header_2_line_height=&#8221;1.5em&#8221; max_width=&#8221;800px&#8221; module_alignment=&#8221;center&#8221; custom_padding=&#8221;20px|||||&#8221; header_2_font_size_tablet=&#8221;&#8221; header_2_font_size_phone=&#8221;35px&#8221; header_2_font_size_last_edited=&#8221;on|phone&#8221; locked=&#8221;off&#8221;]<\/p>\n<h2>Sobre n\u00f3s<\/h2>\n<p style=\"text-align: left;\">Somos o primeiro e \u00fanico Aeroclube de Ushuaia. Al\u00e9m disso, o mais meridional do mundo.<\/p>\n<p style=\"text-align: left;\">H\u00e1 mais de 60 anos prestamos um servi\u00e7o de excel\u00eancia em termos de forma\u00e7\u00e3o de pilotos comerciais e sobrevoos tur\u00edsticos.<\/p>\n<p style=\"text-align: left;\">[\/et_pb_text][\/et_pb_column][et_pb_column type=&#8221;1_2&#8243; _builder_version=&#8221;4.9.10&#8243; _module_preset=&#8221;default&#8221;][et_pb_image src=&#8221;https:\/\/www.aeroclubushuaia.com\/wp-content\/uploads\/2022\/10\/LV-FFC.jpg&#8221; title_text=&#8221;LV FFC&#8221; align=&#8221;center&#8221; _builder_version=&#8221;4.9.10&#8243; _module_preset=&#8221;default&#8221; width=&#8221;100%&#8221; max_width=&#8221;100%&#8221; border_radii=&#8221;on|20px|20px|20px|20px&#8221; box_shadow_style=&#8221;preset1&#8243;][\/et_pb_image][\/et_pb_column][\/et_pb_row][\/et_pb_section][et_pb_section fb_built=&#8221;1&#8243; admin_label=&#8221;Travel History&#8221; _builder_version=&#8221;4.9.10&#8243; background_color=&#8221;RGBA(0,0,0,0)&#8221; custom_padding=&#8221;80px|0px|80px|0px|true|false&#8221;][et_pb_row _builder_version=&#8221;3.25&#8243; custom_padding=&#8221;27px|0px|27px|0px&#8221;][et_pb_column type=&#8221;4_4&#8243; _builder_version=&#8221;3.25&#8243; custom_padding=&#8221;|||&#8221; custom_padding__hover=&#8221;|||&#8221;][et_pb_text _builder_version=&#8221;4.9.10&#8243; text_font=&#8221;Noto Sans||||||||&#8221; text_font_size=&#8221;17px&#8221; text_line_height=&#8221;2em&#8221; link_font=&#8221;||||||||&#8221; ul_font=&#8221;||||||||&#8221; ol_font=&#8221;||||||||&#8221; quote_font=&#8221;||||||||&#8221; header_font=&#8221;||||||||&#8221; header_text_align=&#8221;center&#8221; header_2_font=&#8221;Noto Serif|700|||||||&#8221; header_2_font_size=&#8221;44px&#8221; header_2_line_height=&#8221;1.5em&#8221; header_3_font=&#8221;||||||||&#8221; text_orientation=&#8221;center&#8221; max_width=&#8221;800px&#8221; module_alignment=&#8221;center&#8221; custom_margin=&#8221;-34px||-1px|||&#8221; custom_padding=&#8221;||5px|||&#8221; header_2_font_size_tablet=&#8221;&#8221; header_2_font_size_phone=&#8221;34px&#8221; header_2_font_size_last_edited=&#8221;on|phone&#8221;]<\/p>\n<h2>Clima<\/h2>\n<p>[\/et_pb_text][et_pb_divider color=&#8221;#0C71C3&#8243; divider_weight=&#8221;6px&#8221; _builder_version=&#8221;4.9.10&#8243; _module_preset=&#8221;default&#8221; width=&#8221;10%&#8221; module_alignment=&#8221;center&#8221; custom_margin=&#8221;||9px|||&#8221; locked=&#8221;off&#8221;][\/et_pb_divider][et_pb_text _builder_version=&#8221;4.9.10&#8243; _module_preset=&#8221;default&#8221; text_font=&#8221;Noto Sans||||||||&#8221; text_font_size=&#8221;17px&#8221; link_text_align=&#8221;center&#8221; header_text_align=&#8221;center&#8221; custom_margin=&#8221;-5px|||||&#8221;]<\/p>\n<p style=\"text-align: center;\">Lembre-se que nossas sa\u00eddas est\u00e3o 100% sujeitas \u00e0s condi\u00e7\u00f5es clim\u00e1ticas. Se voc\u00ea tiver alguma d\u00favida, n\u00e3o hesite em entrar em contato com nossa equipe.<\/p>\n<p>[\/et_pb_text][\/et_pb_column][\/et_pb_row][et_pb_row _builder_version=&#8221;4.9.10&#8243; _module_preset=&#8221;default&#8221;][et_pb_column type=&#8221;4_4&#8243; _builder_version=&#8221;4.9.10&#8243; _module_preset=&#8221;default&#8221;][et_pb_code _builder_version=&#8221;4.9.10&#8243; _module_preset=&#8221;default&#8221;]<a class=\"weatherwidget-io\" href=\"https:\/\/forecast7.com\/es\/n54d80n68d30\/ushuaia\/\" data-label_1=\"USHUAIA\" data-label_2=\"WEATHER\" data-days=\"3\" data-theme=\"mountains\" data-basecolor=\"#0C71C3\">O TEMPO EM USHUAIA<\/a><!-- [et_pb_line_break_holder] --><script><!-- [et_pb_line_break_holder] -->!function(d,s,id){var js,fjs=d.getElementsByTagName(s)[0];if(!d.getElementById(id)){js=d.createElement(s);js.id=id;js.src='https:\/\/weatherwidget.io\/js\/widget.min.js';fjs.parentNode.insertBefore(js,fjs);}}(document,'script','weatherwidget-io-js');<!-- [et_pb_line_break_holder] --><\/script>[\/et_pb_code][et_pb_code _builder_version=&#8221;4.9.10&#8243; _module_preset=&#8221;default&#8221;]<\/p>\n<div id=\"cont_1f1f20fbc6879f6f2115ec1f68926815\"><script type=\"text\/javascript\" async=\"\" src=\"https:\/\/www.tiempo.com\/wid_loader\/1f1f20fbc6879f6f2115ec1f68926815\"><\/script><\/div>\n<p>[\/et_pb_code][\/et_pb_column][\/et_pb_row][\/et_pb_section][et_pb_section fb_built=&#8221;1&#8243; admin_label=&#8221;Recent Travels&#8221; _builder_version=&#8221;4.9.10&#8243; background_color=&#8221;RGBA(0,0,0,0)&#8221; custom_padding=&#8221;6px|0px|6px|0px|true|false&#8221;][et_pb_row _builder_version=&#8221;3.25&#8243; custom_padding=&#8221;|||&#8221;][et_pb_column type=&#8221;4_4&#8243; _builder_version=&#8221;3.25&#8243; custom_padding=&#8221;|||&#8221; custom_padding__hover=&#8221;|||&#8221;][et_pb_text _builder_version=&#8221;4.9.10&#8243; text_font=&#8221;Noto Sans||||||||&#8221; text_font_size=&#8221;17px&#8221; text_line_height=&#8221;2em&#8221; link_font=&#8221;||||||||&#8221; ul_font=&#8221;||||||||&#8221; ol_font=&#8221;||||||||&#8221; quote_font=&#8221;||||||||&#8221; header_font=&#8221;||||||||&#8221; header_2_font=&#8221;Noto Serif|700|||||||&#8221; header_2_font_size=&#8221;44px&#8221; header_2_line_height=&#8221;1.5em&#8221; text_orientation=&#8221;center&#8221; max_width=&#8221;800px&#8221; module_alignment=&#8221;center&#8221; custom_margin=&#8221;-27px||0px|||&#8221; custom_padding=&#8221;0px|||||&#8221; header_2_font_size_tablet=&#8221;&#8221; header_2_font_size_phone=&#8221;34px&#8221; header_2_font_size_last_edited=&#8221;on|phone&#8221;]<\/p>\n<h2>Nossos servi\u00e7os<\/h2>\n<p>[\/et_pb_text][et_pb_divider color=&#8221;#0C71C3&#8243; divider_weight=&#8221;6px&#8221; _builder_version=&#8221;4.9.10&#8243; _module_preset=&#8221;default&#8221; width=&#8221;10%&#8221; module_alignment=&#8221;center&#8221; custom_margin=&#8221;||9px|||&#8221; locked=&#8221;off&#8221;][\/et_pb_divider][et_pb_text _builder_version=&#8221;4.9.10&#8243; _module_preset=&#8221;default&#8221; text_font=&#8221;Noto Sans||||||||&#8221; text_font_size=&#8221;17px&#8221; link_text_align=&#8221;center&#8221; header_text_align=&#8221;center&#8221; custom_margin=&#8221;-5px|||||&#8221; locked=&#8221;off&#8221;]<\/p>\n<p style=\"text-align: center;\">No Aeroclub Ushuaia oferecemos uma ampla gama de servi\u00e7os desde voos introdut\u00f3rios para quem est\u00e1 come\u00e7ando na avia\u00e7\u00e3o at\u00e9 perfis mais avan\u00e7ados que precisam fazer treinos e horas de voo.  <\/p>\n<p>[\/et_pb_text][\/et_pb_column][\/et_pb_row][et_pb_row column_structure=&#8221;1_3,1_3,1_3&#8243; _builder_version=&#8221;4.9.10&#8243; _module_preset=&#8221;default&#8221;][et_pb_column type=&#8221;1_3&#8243; _builder_version=&#8221;4.9.10&#8243; _module_preset=&#8221;default&#8221;][et_pb_blurb title=&#8221;Voos&#8221; image=&#8221;https:\/\/www.aeroclubushuaia.com\/wp-content\/uploads\/2022\/10\/Aeroclub-Ushuaia-11.jpg&#8221; _builder_version=&#8221;4.9.10&#8243; _module_preset=&#8221;default&#8221; header_font=&#8221;|700|||||||&#8221; text_orientation=&#8221;center&#8221; custom_padding=&#8221;||20px||false|true&#8221; box_shadow_style=&#8221;preset2&#8243; locked=&#8221;off&#8221;]<\/p>\n<p>V\u00f4os de batismo e sobrev\u00f4os em Ushuaia<\/p>\n<p><a href=\"https:\/\/www.aeroclubushuaia.com\/vuelos\/\"><span style=\"text-decoration: underline;\"><strong>Mais informa\u00e7\u00e3o<\/strong><\/span><\/a><\/p>\n<p>[\/et_pb_blurb][\/et_pb_column][et_pb_column type=&#8221;1_3&#8243; _builder_version=&#8221;4.9.10&#8243; _module_preset=&#8221;default&#8221;][et_pb_blurb title=&#8221;escola piloto&#8221; image=&#8221;https:\/\/www.aeroclubushuaia.com\/wp-content\/uploads\/2022\/11\/Escuela-de-pilotos-aeroclub-ushuaia.jpg&#8221; _builder_version=&#8221;4.9.10&#8243; _module_preset=&#8221;default&#8221; header_font=&#8221;|700|||||||&#8221; text_orientation=&#8221;center&#8221; custom_padding=&#8221;||20px||false|true&#8221; box_shadow_style=&#8221;preset2&#8243; locked=&#8221;off&#8221;]<\/p>\n<p>Treinamento de piloto comercial<\/p>\n<p><a href=\"https:\/\/www.aeroclubushuaia.com\/pt-br\/pilotos\/\"><span style=\"text-decoration: underline;\"><strong>Mais informa\u00e7\u00e3o<\/strong><\/span><\/a><\/p>\n<p>[\/et_pb_blurb][\/et_pb_column][et_pb_column type=&#8221;1_3&#8243; _builder_version=&#8221;4.9.10&#8243; _module_preset=&#8221;default&#8221;][et_pb_blurb title=&#8221;Instala\u00e7\u00f5es&#8221; image=&#8221;https:\/\/www.aeroclubushuaia.com\/wp-content\/uploads\/2022\/10\/Aeroclub-Ushuaia-12.jpg&#8221; _builder_version=&#8221;4.9.10&#8243; _module_preset=&#8221;default&#8221; header_font=&#8221;|700|||||||&#8221; text_orientation=&#8221;center&#8221; custom_padding=&#8221;||20px||false|true&#8221; box_shadow_style=&#8221;preset2&#8243; locked=&#8221;off&#8221;]<\/p>\n<p>Localiza\u00e7\u00e3o estrat\u00e9gica e servi\u00e7os hanagraje<\/p>\n<p><a href=\"https:\/\/www.aeroclubushuaia.com\/pt-br\/quincho\/\"><span style=\"text-decoration: underline;\"><strong>Mais informa\u00e7\u00e3o<\/strong><\/span><\/a><\/p>\n<p>[\/et_pb_blurb][\/et_pb_column][\/et_pb_row][et_pb_row _builder_version=&#8221;4.9.10&#8243; _module_preset=&#8221;default&#8221;][et_pb_column type=&#8221;4_4&#8243; _builder_version=&#8221;4.9.10&#8243; _module_preset=&#8221;default&#8221;][et_pb_text _builder_version=&#8221;4.9.10&#8243; text_font=&#8221;Noto Sans||||||||&#8221; text_font_size=&#8221;17px&#8221; text_line_height=&#8221;2em&#8221; link_font=&#8221;||||||||&#8221; ul_font=&#8221;||||||||&#8221; ol_font=&#8221;||||||||&#8221; quote_font=&#8221;||||||||&#8221; header_font=&#8221;||||||||&#8221; header_2_font=&#8221;Noto Serif|700|||||||&#8221; header_2_font_size=&#8221;44px&#8221; header_2_line_height=&#8221;1.5em&#8221; text_orientation=&#8221;center&#8221; max_width=&#8221;800px&#8221; module_alignment=&#8221;center&#8221; custom_margin=&#8221;10px||0px|||&#8221; custom_padding=&#8221;0px|||||&#8221; header_2_font_size_tablet=&#8221;&#8221; header_2_font_size_phone=&#8221;35px&#8221; header_2_font_size_last_edited=&#8221;on|phone&#8221;]<\/p>\n<h2>Vivi uma experi\u00eancia inesquec\u00edvel!<\/h2>\n<p>[\/et_pb_text][et_pb_divider color=&#8221;#0C71C3&#8243; divider_weight=&#8221;6px&#8221; _builder_version=&#8221;4.9.10&#8243; _module_preset=&#8221;default&#8221; width=&#8221;10%&#8221; module_alignment=&#8221;center&#8221; custom_margin=&#8221;||9px|||&#8221; locked=&#8221;off&#8221;][\/et_pb_divider][et_pb_code _builder_version=&#8221;4.9.10&#8243; _module_preset=&#8221;default&#8221;]<iframe loading=\"lazy\" width=\"560\" height=\"315\" src=\"https:\/\/www.youtube.com\/embed\/Cg8DjhU6nmc\" title=\"Reprodutor de v\u00eddeo do YouTube\" frameborder=\"0\" allow=\"accelerometer; autoplay; clipboard-write; encrypted-media; gyroscope; picture-in-picture\" allowfullscreen=\"\"><\/iframe>[\/et_pb_code][\/et_pb_column][\/et_pb_row][\/et_pb_section][et_pb_section fb_built=&#8221;1&#8243; admin_label=&#8221;Recent Travels&#8221; _builder_version=&#8221;4.9.10&#8243; background_color=&#8221;#fcfcfc&#8221; custom_padding=&#8221;80px|0px|80px|0px|true|false&#8221; locked=&#8221;off&#8221;][et_pb_row _builder_version=&#8221;3.25&#8243; custom_margin=&#8221;-46px|auto||auto||&#8221; custom_padding=&#8221;|||&#8221;][et_pb_column type=&#8221;4_4&#8243; _builder_version=&#8221;3.25&#8243; custom_padding=&#8221;|||&#8221; custom_padding__hover=&#8221;|||&#8221;][et_pb_text _builder_version=&#8221;4.9.10&#8243; text_font=&#8221;Noto Sans||||||||&#8221; text_font_size=&#8221;17px&#8221; text_line_height=&#8221;2em&#8221; link_font=&#8221;||||||||&#8221; ul_font=&#8221;||||||||&#8221; ol_font=&#8221;||||||||&#8221; quote_font=&#8221;||||||||&#8221; header_font=&#8221;||||||||&#8221; header_2_font=&#8221;Noto Serif|700|||||||&#8221; header_2_font_size=&#8221;44px&#8221; header_2_line_height=&#8221;1.5em&#8221; text_orientation=&#8221;center&#8221; max_width=&#8221;800px&#8221; module_alignment=&#8221;center&#8221; custom_margin=&#8221;-22px||-3px|||&#8221; custom_padding=&#8221;||0px|||&#8221; header_2_font_size_tablet=&#8221;&#8221; header_2_font_size_phone=&#8221;34px&#8221; header_2_font_size_last_edited=&#8221;on|phone&#8221;]<\/p>\n<h2>Depoimentos de nossos passageiros<\/h2>\n<p>[\/et_pb_text][et_pb_divider color=&#8221;#0C71C3&#8243; divider_weight=&#8221;6px&#8221; _builder_version=&#8221;4.9.10&#8243; _module_preset=&#8221;default&#8221; width=&#8221;10%&#8221; module_alignment=&#8221;center&#8221; custom_margin=&#8221;||9px|||&#8221; locked=&#8221;off&#8221;][\/et_pb_divider][\/et_pb_column][\/et_pb_row][et_pb_row column_structure=&#8221;1_3,1_3,1_3&#8243; _builder_version=&#8221;4.9.10&#8243; _module_preset=&#8221;default&#8221; custom_margin=&#8221;-17px|auto||auto||&#8221;][et_pb_column type=&#8221;1_3&#8243; _builder_version=&#8221;4.9.10&#8243; _module_preset=&#8221;default&#8221;][et_pb_testimonial author=&#8221;Mat\u00edas L.&#8221; quote_icon_color=&#8221;#0C71C3&#8243; _builder_version=&#8221;4.9.10&#8243; _module_preset=&#8221;default&#8221; locked=&#8221;off&#8221;]<\/p>\n<p>Foi excelente. A decolagem e o pouso foram impec\u00e1veis. Nenhuma manobra para procurar. O piloto \u00e9 excelente. Essa experi\u00eancia \u00e9 nota 10!<\/p>\n<p>[\/et_pb_testimonial][\/et_pb_column][et_pb_column type=&#8221;1_3&#8243; _builder_version=&#8221;4.9.10&#8243; _module_preset=&#8221;default&#8221;][et_pb_testimonial author=&#8221;Paula G.&#8221; quote_icon_color=&#8221;#0C71C3&#8243; _builder_version=&#8221;4.9.10&#8243; _module_preset=&#8221;default&#8221; locked=&#8221;off&#8221;]<\/p>\n<p>Voc\u00ea \u00e9 bonito. Voc\u00ea pode ver todo Ushuaia, o Parque Nacional, todo o Canal Beagle. Uma maravilha. A vista \u00e9 linda. Muito recomend\u00e1vel.<\/p>\n<p>[\/et_pb_testimonial][\/et_pb_column][et_pb_column type=&#8221;1_3&#8243; _builder_version=&#8221;4.9.10&#8243; _module_preset=&#8221;default&#8221;][et_pb_testimonial author=&#8221;Gustavo C.&#8221; quote_icon_color=&#8221;#0C71C3&#8243; _builder_version=&#8221;4.9.10&#8243; _module_preset=&#8221;default&#8221; locked=&#8221;off&#8221;]<\/p>\n<p>\u00c9 incr\u00edvel! Uma experi\u00eancia que voc\u00ea nunca esquecer\u00e1. O v\u00f4o \u00e9 divino e a aeronave \u00e9 de seda. Foi muito sereno, vimos um arco-\u00edris completo.<\/p>\n<p>[\/et_pb_testimonial][\/et_pb_column][\/et_pb_row][\/et_pb_section][et_pb_section fb_built=&#8221;1&#8243; admin_label=&#8221;Recent Travels&#8221; _builder_version=&#8221;4.9.10&#8243; background_color=&#8221;#FFFFFF&#8221; custom_padding=&#8221;80px|0px|80px|0px|true|false&#8221;][et_pb_row _builder_version=&#8221;3.25&#8243; custom_padding=&#8221;|||&#8221;][et_pb_column type=&#8221;4_4&#8243; _builder_version=&#8221;3.25&#8243; custom_padding=&#8221;|||&#8221; custom_padding__hover=&#8221;|||&#8221;][et_pb_text _builder_version=&#8221;4.9.10&#8243; text_font=&#8221;Noto Sans||||||||&#8221; text_font_size=&#8221;17px&#8221; text_line_height=&#8221;2em&#8221; link_font=&#8221;||||||||&#8221; ul_font=&#8221;||||||||&#8221; ol_font=&#8221;||||||||&#8221; quote_font=&#8221;||||||||&#8221; header_font=&#8221;||||||||&#8221; header_2_font=&#8221;Noto Serif|700|||||||&#8221; header_2_font_size=&#8221;44px&#8221; header_2_line_height=&#8221;1.5em&#8221; text_orientation=&#8221;center&#8221; max_width=&#8221;800px&#8221; module_alignment=&#8221;center&#8221; custom_margin=&#8221;-30px||-1px|||&#8221; custom_padding=&#8221;||2px|||&#8221; header_2_font_size_tablet=&#8221;&#8221; header_2_font_size_phone=&#8221;34px&#8221; header_2_font_size_last_edited=&#8221;on|phone&#8221;]<\/p>\n<h2>\u00daltimos artigos do blog<\/h2>\n<p>[\/et_pb_text][et_pb_divider color=&#8221;#0C71C3&#8243; divider_weight=&#8221;6px&#8221; _builder_version=&#8221;4.9.10&#8243; _module_preset=&#8221;default&#8221; width=&#8221;10%&#8221; module_alignment=&#8221;center&#8221; custom_margin=&#8221;||9px|||&#8221; locked=&#8221;off&#8221;][\/et_pb_divider][et_pb_text _builder_version=&#8221;4.9.10&#8243; _module_preset=&#8221;default&#8221; text_font=&#8221;Noto Sans||||||||&#8221; text_font_size=&#8221;17px&#8221; link_text_align=&#8221;center&#8221; header_text_align=&#8221;center&#8221; custom_margin=&#8221;-9px|||||&#8221; locked=&#8221;off&#8221;]<\/p>\n<p style=\"text-align: center;\">Descubra todas as novidades e atualiza\u00e7\u00f5es do Aeroclub Ushuaia!<\/p>\n<p>[\/et_pb_text][et_pb_blog fullwidth=&#8221;off&#8221; posts_number=&#8221;3&#8243; include_categories=&#8221;all&#8221; show_author=&#8221;off&#8221; show_date=&#8221;off&#8221; show_categories=&#8221;off&#8221; show_pagination=&#8221;off&#8221; _builder_version=&#8221;4.9.10&#8243; _module_preset=&#8221;default&#8221; header_text_color=&#8221;#0C71C3&#8243; body_text_color=&#8221;#000000&#8243;][\/et_pb_blog][\/et_pb_column][\/et_pb_row][\/et_pb_section]<\/p>\n","protected":false},"excerpt":{"rendered":"<p>Eu experimentei Ushuaia do ar VOE CONOSCO Sobre n\u00f3s Somos o primeiro e \u00fanico Aeroclube de Ushuaia. Al\u00e9m disso, o mais meridional do mundo. H\u00e1 mais de 60 anos prestamos um servi\u00e7o de excel\u00eancia em termos de forma\u00e7\u00e3o de pilotos comerciais e sobrevoos tur\u00edsticos. Clima Lembre-se que nossas sa\u00eddas est\u00e3o 100% sujeitas \u00e0s condi\u00e7\u00f5es clim\u00e1ticas. [&hellip;]<\/p>\n","protected":false},"author":1,"featured_media":0,"parent":0,"menu_order":0,"comment_status":"closed","ping_status":"closed","template":"","meta":{"_et_pb_use_builder":"on","_et_pb_old_content":"","_et_gb_content_width":"","footnotes":""},"class_list":["post-1347","page","type-page","status-publish","hentry"],"_links":{"self":[{"href":"https:\/\/www.aeroclubushuaia.com\/pt-br\/wp-json\/wp\/v2\/pages\/1347","targetHints":{"allow":["GET"]}}],"collection":[{"href":"https:\/\/www.aeroclubushuaia.com\/pt-br\/wp-json\/wp\/v2\/pages"}],"about":[{"href":"https:\/\/www.aeroclubushuaia.com\/pt-br\/wp-json\/wp\/v2\/types\/page"}],"author":[{"embeddable":true,"href":"https:\/\/www.aeroclubushuaia.com\/pt-br\/wp-json\/wp\/v2\/users\/1"}],"replies":[{"embeddable":true,"href":"https:\/\/www.aeroclubushuaia.com\/pt-br\/wp-json\/wp\/v2\/comments?post=1347"}],"version-history":[{"count":4,"href":"https:\/\/www.aeroclubushuaia.com\/pt-br\/wp-json\/wp\/v2\/pages\/1347\/revisions"}],"predecessor-version":[{"id":1413,"href":"https:\/\/www.aeroclubushuaia.com\/pt-br\/wp-json\/wp\/v2\/pages\/1347\/revisions\/1413"}],"wp:attachment":[{"href":"https:\/\/www.aeroclubushuaia.com\/pt-br\/wp-json\/wp\/v2\/media?parent=1347"}],"curies":[{"name":"wp","href":"https:\/\/api.w.org\/{rel}","templated":true}]}}