{"id":1380,"date":"2022-08-06T03:33:39","date_gmt":"2022-08-06T06:33:39","guid":{"rendered":"https:\/\/www.aeroclubushuaia.com\/diretorio\/"},"modified":"2023-10-27T18:57:57","modified_gmt":"2023-10-27T21:57:57","slug":"diretorio","status":"publish","type":"page","link":"https:\/\/www.aeroclubushuaia.com\/pt-br\/diretorio\/","title":{"rendered":"Diret\u00f3rio"},"content":{"rendered":"<p><strong>O diret\u00f3rio \u00e9 composto por:<\/strong><\/p>\n<ul>\n<li>\n  Presidente: Ortega, Eduardo<\/li>\n<li>\n  Vice-presidente: Preto, Ruggero<\/li>\n<li>\n  Secret\u00e1rio: Echaz\u00fa, Santiago<\/li>\n<li>\n  Pr\u00f3-secret\u00e1rio: Rodriguez Nievas, Enrique<\/li>\n<li>\n  Tesoureiro: Guardamagna, Martin<\/li>\n<li>\n  Pr\u00f3-tesoureiro: Acevedo, Nicolas<\/li>\n<li>\n  Primeiro vocal: Guardamagna, Osvaldo<\/li>\n<li>\n  Segundo Vocal: Leonelli, Andr\u00e9s<\/li>\n<li>\n  Terceiro Vocal: Zarate Maiztegui, Marcos<\/li>\n<li>\n  Primeiro vocal alternativo: Maldonado, Ignacion<\/li>\n<li>\n  Segundo Vocal Suplente: Abdala, Jos\u00e9 Mar\u00eda<\/li>\n<li>\n  Terceiro Vocal Alternativo: Estefo, Dardo<\/li>\n<li>\n  Auditor: Ruesjas, Nicol\u00e1s<\/li>\n<li>\n  Auditor: Alvarado Sanchez, Alberto<\/li>\n<\/ul>\n","protected":false},"excerpt":{"rendered":"<p>O diret\u00f3rio \u00e9 composto por: Presidente: Ortega, Eduardo Vice-presidente: Preto, Ruggero Secret\u00e1rio: Echaz\u00fa, Santiago Pr\u00f3-secret\u00e1rio: Rodriguez Nievas, Enrique Tesoureiro: Guardamagna, Martin Pr\u00f3-tesoureiro: Acevedo, Nicolas Primeiro vocal: Guardamagna, Osvaldo Segundo Vocal: Leonelli, Andr\u00e9s Terceiro Vocal: Zarate Maiztegui, Marcos Primeiro vocal alternativo: Maldonado, Ignacion Segundo Vocal Suplente: Abdala, Jos\u00e9 Mar\u00eda Terceiro Vocal Alternativo: Estefo, Dardo Auditor: Ruesjas, [&hellip;]<\/p>\n","protected":false},"author":1,"featured_media":0,"parent":0,"menu_order":0,"comment_status":"open","ping_status":"open","template":"","meta":{"_et_pb_use_builder":"","_et_pb_old_content":"","_et_gb_content_width":"","footnotes":""},"class_list":["post-1380","page","type-page","status-publish","hentry"],"_links":{"self":[{"href":"https:\/\/www.aeroclubushuaia.com\/pt-br\/wp-json\/wp\/v2\/pages\/1380","targetHints":{"allow":["GET"]}}],"collection":[{"href":"https:\/\/www.aeroclubushuaia.com\/pt-br\/wp-json\/wp\/v2\/pages"}],"about":[{"href":"https:\/\/www.aeroclubushuaia.com\/pt-br\/wp-json\/wp\/v2\/types\/page"}],"author":[{"embeddable":true,"href":"https:\/\/www.aeroclubushuaia.com\/pt-br\/wp-json\/wp\/v2\/users\/1"}],"replies":[{"embeddable":true,"href":"https:\/\/www.aeroclubushuaia.com\/pt-br\/wp-json\/wp\/v2\/comments?post=1380"}],"version-history":[{"count":1,"href":"https:\/\/www.aeroclubushuaia.com\/pt-br\/wp-json\/wp\/v2\/pages\/1380\/revisions"}],"predecessor-version":[{"id":1393,"href":"https:\/\/www.aeroclubushuaia.com\/pt-br\/wp-json\/wp\/v2\/pages\/1380\/revisions\/1393"}],"wp:attachment":[{"href":"https:\/\/www.aeroclubushuaia.com\/pt-br\/wp-json\/wp\/v2\/media?parent=1380"}],"curies":[{"name":"wp","href":"https:\/\/api.w.org\/{rel}","templated":true}]}}