{"id":1382,"date":"2022-08-06T03:33:39","date_gmt":"2022-08-06T06:33:39","guid":{"rendered":"https:\/\/www.aeroclubushuaia.com\/escola-de-aviacao\/"},"modified":"2022-08-06T03:33:39","modified_gmt":"2022-08-06T06:33:39","slug":"escola-de-aviacao","status":"publish","type":"page","link":"https:\/\/www.aeroclubushuaia.com\/pt-br\/escola-de-aviacao\/","title":{"rendered":"Escola de avia\u00e7\u00e3o"},"content":{"rendered":"<h1 style=\"text-align: justify;\">\n\t<span style=\"font-size:14px;\"><strong>Seu sonho \u00e9 ser piloto de avi\u00e3o? Quer realizar o sonho de se tornar piloto? Voc\u00ea gostaria de voar, mas apenas como hobby?<\/strong><\/span><\/h1>\n<p style=\"text-align: justify;\">\n  N\u00e3o importa se o seu objetivo \u00e9 se tornar, no futuro, piloto de avi\u00e3o ou se deseja aprender a voar apenas por hobby. N\u00e3o importa se voc\u00ea \u00e9 jovem ou velho. N\u00e3o importa a \u00e9poca do ano. A Escola de Avia\u00e7\u00e3o do Aeroclub Ushuaia est\u00e1 de portas abertas para ajudar voc\u00ea a atingir seus objetivos.<br \/>\n\t&nbsp;<br \/>\n  Quer pretenda seguir carreira ou hobby, tudo come\u00e7a com o curso de Piloto Privado. Depois de conclu\u00eddo e aprovado o curso, voc\u00ea ganha sua Licen\u00e7a de Piloto Privado (PPL). Esta licen\u00e7a \u00e9 emitida pela autoridade nacional de avia\u00e7\u00e3o da Argentina (ANAC) e permite voar aeronaves monomotores com peso m\u00e1ximo de 5.700 kg. A principal limita\u00e7\u00e3o desta licen\u00e7a \u00e9 que ela n\u00e3o permite cobran\u00e7a (n\u00e3o \u00e9 poss\u00edvel trabalhar como piloto de uma empresa). Se o seu objetivo \u00e9 voar como hobby, a Licen\u00e7a de Piloto Privado provavelmente \u00e9 a licen\u00e7a indicada para voc\u00ea!<\/p>\n<p style=\"text-align: center;\">\n\t<img decoding=\"async\" alt=\"\" src=\"https:\/\/www.aeroclubushuaia.com\/wp-content\/uploads\/2022\/08\/CSC_1353.jpg\" style=\"width: 545px; height: 363px;\"><\/p>\n<p style=\"text-align: justify;\">\n  Agora, e se eu quiser trabalhar como piloto? Ent\u00e3o a Licen\u00e7a de Piloto Privado \u00e9 apenas o come\u00e7o. Desde que voc\u00ea se tornou piloto, voc\u00ea tem que acumular 200 horas de experi\u00eancia de voo que, junto com um curso te\u00f3rico*, permite que voc\u00ea se torne um piloto comercial (CPL). Com esta licen\u00e7a voc\u00ea pode trabalhar como piloto, com algumas pequenas limita\u00e7\u00f5es.<br \/>\n\t&nbsp;<br \/>\n  Ap\u00f3s atingir uma experi\u00eancia de voo de 500 horas (desde que possua a licen\u00e7a de piloto privado), juntamente com um curso te\u00f3rico*, voc\u00ea pode se tornar um Instrutor de Voo. Isso permitir\u00e1 que voc\u00ea d\u00ea instru\u00e7\u00e3o de v\u00f4o, ou seja, ensine os alunos a voar e ajude outros pilotos que desejam aprimorar sua t\u00e9cnica, ao mesmo tempo em que voc\u00ea acumula mais experi\u00eancia de v\u00f4o.<br \/>\n\t&nbsp;<br \/>\n  Depois de ter 900 horas de experi\u00eancia de voo e o correspondente curso te\u00f3rico* voc\u00ea poder\u00e1 se tornar Piloto Comercial de Primeira Classe (PC1), o que lhe permite trabalhar como copiloto em uma companhia a\u00e9rea regular.<\/p>\n<p style=\"text-align: center;\">\n\t<img decoding=\"async\" alt=\"\" src=\"https:\/\/www.aeroclubushuaia.com\/wp-content\/uploads\/2022\/08\/IMG_0434.jpg\" style=\"width: 545px; height: 409px;\"><\/p>\n<h1 style=\"text-align: justify;\">\n\t<span style=\"font-size:12px;\"><strong style=\"text-align: justify;\">Requisitos para iniciar o curso de Piloto Privado em nossa escola de voo:<\/strong><\/span><\/h1>\n<ul style=\"margin-left: 40px;\">\n<li style=\"text-align: justify;\">\n  Ter pelo menos 16 anos e 9 meses (para menores \u00e9 necess\u00e1ria autoriza\u00e7\u00e3o dos pais com assinatura autenticada de not\u00e1rio p\u00fablico ou juiz de paz).<\/li>\n<li style=\"text-align: justify;\">\n  Ter conclu\u00eddo o ensino b\u00e1sico geral (EGB) ou equivalente.<\/li>\n<li style=\"text-align: justify;\">\n  Possuir atestado m\u00e9dico (psicof\u00edsico), emitido pela Administra\u00e7\u00e3o Nacional de Avia\u00e7\u00e3o Civil (ANAC).<\/li>\n<li style=\"text-align: justify;\">\n  Ler, falar, escrever e compreender corretamente a l\u00edngua espanhola.<\/li>\n<li style=\"text-align: justify;\">\n  Seja s\u00f3cio do Aeroclube Ushuaia. * <sup>1<\/sup><\/li>\n<li style=\"text-align: justify;\">\n  \u00c9 necess\u00e1ria resid\u00eancia argentina<\/li>\n<\/ul>\n<h1 style=\"text-align: center;\">\n  Para mais informa\u00e7\u00f5es n\u00e3o hesite em ligar-nos para o 421 717 ou 421 892 ou melhor ainda, dirija-se ao Aeroclube (Pasarela Luis Pedro Fique 151) e um dos nossos instrutores de voo fornecer-lhe-\u00e1 todas as informa\u00e7\u00f5es necess\u00e1rias para que possa iniciar o curso.<\/h1>\n<p><\/p>\n<p style=\"text-align: justify;\">\n\t&nbsp;*: O Aeroclub Ushuaia n\u00e3o determina os cursos te\u00f3ricos exigidos para o licenciamento: Bilhetes de Piloto de Avi\u00e3o Comercial, Avi\u00e3o Instrutor de Voo e Piloto Comercial de 1\u00aa Classe. Esses cursos podem ser realizados remotamente a partir de Ushuaia, por escolas habilitadas. A experi\u00eancia de voo necess\u00e1ria poder\u00e1 ser realizada em nosso Aeroclube.<\/p>\n<p>  * <sup>1<\/sup> : Para se tornar s\u00f3cio do Aeroclube Ushuaia e pagar a mensalidade reduzida do curso PPL, \u00e9 necess\u00e1rio ter um ano de resid\u00eancia na Terra do Fogo.<\/p>\n","protected":false},"excerpt":{"rendered":"<p>Seu sonho \u00e9 ser piloto de avi\u00e3o? Quer realizar o sonho de se tornar piloto? Voc\u00ea gostaria de voar, mas apenas como hobby? N\u00e3o importa se o seu objetivo \u00e9 se tornar, no futuro, piloto de avi\u00e3o ou se deseja aprender a voar apenas por hobby. N\u00e3o importa se voc\u00ea \u00e9 jovem ou velho. N\u00e3o [&hellip;]<\/p>\n","protected":false},"author":1,"featured_media":1387,"parent":0,"menu_order":0,"comment_status":"open","ping_status":"open","template":"","meta":{"_et_pb_use_builder":"","_et_pb_old_content":"","_et_gb_content_width":"","footnotes":""},"class_list":["post-1382","page","type-page","status-publish","has-post-thumbnail","hentry"],"_links":{"self":[{"href":"https:\/\/www.aeroclubushuaia.com\/pt-br\/wp-json\/wp\/v2\/pages\/1382","targetHints":{"allow":["GET"]}}],"collection":[{"href":"https:\/\/www.aeroclubushuaia.com\/pt-br\/wp-json\/wp\/v2\/pages"}],"about":[{"href":"https:\/\/www.aeroclubushuaia.com\/pt-br\/wp-json\/wp\/v2\/types\/page"}],"author":[{"embeddable":true,"href":"https:\/\/www.aeroclubushuaia.com\/pt-br\/wp-json\/wp\/v2\/users\/1"}],"replies":[{"embeddable":true,"href":"https:\/\/www.aeroclubushuaia.com\/pt-br\/wp-json\/wp\/v2\/comments?post=1382"}],"version-history":[{"count":0,"href":"https:\/\/www.aeroclubushuaia.com\/pt-br\/wp-json\/wp\/v2\/pages\/1382\/revisions"}],"wp:featuredmedia":[{"embeddable":true,"href":"https:\/\/www.aeroclubushuaia.com\/pt-br\/wp-json\/wp\/v2\/media\/1387"}],"wp:attachment":[{"href":"https:\/\/www.aeroclubushuaia.com\/pt-br\/wp-json\/wp\/v2\/media?parent=1382"}],"curies":[{"name":"wp","href":"https:\/\/api.w.org\/{rel}","templated":true}]}}