{"id":1383,"date":"2022-08-06T03:33:39","date_gmt":"2022-08-06T06:33:39","guid":{"rendered":"https:\/\/www.aeroclubushuaia.com\/uma-hora\/"},"modified":"2022-08-06T03:33:39","modified_gmt":"2022-08-06T06:33:39","slug":"uma-hora","status":"publish","type":"page","link":"https:\/\/www.aeroclubushuaia.com\/pt-br\/uma-hora\/","title":{"rendered":"Uma hora"},"content":{"rendered":"<h1>\n  Cidade de Ushuaia, Cordilheira dos Andes, Lago Fagnano, Est\u00e2ncia Harberton, Canal Beagle e Farol Les Eclereurs.<\/h1>\n<p style=\"text-align: justify;\">\n  O v\u00f4o de uma hora come\u00e7a no antigo aeroporto da cidade de Ushuaia, onde est\u00e1 localizado o Aeroclube, a apenas 10 minutos a p\u00e9 do centro da cidade de Ushuaia.<\/p>\n<p>  \u00c0 chegada ao Aeroclube, ser\u00e1 recebido por um dos nossos pilotos que lhe fornecer\u00e1 todas as informa\u00e7\u00f5es relativas ao voo que ser\u00e1 realizado, bem como lhe fornecer\u00e1 informa\u00e7\u00f5es de seguran\u00e7a.&nbsp;<\/p>\n<p>  Quando tudo estiver pronto, voc\u00ea embarcar\u00e1 em uma de nossas oito aeronaves, que ser\u00e3o previamente selecionadas pelo piloto para melhor atender \u00e0s suas necessidades. Todas as nossas aeronaves encontram-se em perfeito estado de manuten\u00e7\u00e3o, cumprindo as mais exigentes normas nesta mat\u00e9ria.<br \/>\n\t&nbsp;<\/p>\n<p style=\"text-align: center;\">\n\t<span style=\"font-size:18px;\"><span style=\"color:#999999;\"><em><span style=\"text-align: center;\">\u201cO atendimento \u00e9 100% personalizado. Antes, durante e depois do voo nossos pilotos garantem o bem-estar dos nossos passageiros.\u201d<\/span><\/em><\/span><\/span><\/p>\n<p>\n\t<br \/>\n  Ap\u00f3s a decolagem, ascendemos a uma altitude m\u00e9dia de 3.500 p\u00e9s, equivalente a aproximadamente 1.150 metros, enquanto sobrevoamos a Ba\u00eda de Ushuaia em dire\u00e7\u00e3o aos imponentes e ic\u00f4nicos Montes Olivia e Cinco Hermanos. Durante a subida voc\u00ea ter\u00e1 vistas incompar\u00e1veis \u200b\u200bda cidade de Ushuaia.<\/p>\n<p style=\"text-align: center;\">\n\t<img decoding=\"async\" alt=\"\" src=\"https:\/\/www.aeroclubushuaia.com\/wp-content\/uploads\/2022\/08\/DSC8255.jpg\" style=\"width: 545px; height: 361px;\"><\/p>\n<p style=\"text-align: justify;\">\n\t<br \/>\n  Passando pelo impressionante Monte Olivia, entramos no Vale Tierra Mayor onde se pode ver, entre outras coisas, a majestosa Laguna Esmeralda, o Glaciar Ojo del Albino, o Monte Alvear e suas duas geleiras, e o Cerro Krund, onde est\u00e1 localizado o Cerro Castor Winter. Centro. Do avi\u00e3o voc\u00ea pode ver perfeitamente as encostas e telef\u00e9ricos do Cerro. Se for inverno voc\u00ea pode at\u00e9 ver os esquiadores!<\/p>\n<p>  Atravessamos a Cordilheira dos Andes ao norte pelo Passo Garibaldi, onde veremos o Lago Escondido, o Petrel Hostel e a Laguna Bombilla; para ent\u00e3o encontrar a imensid\u00e3o do Lago Fagnano (Kami).<\/p>\n<p>  J\u00e1 na regi\u00e3o do Lago Fagnano voaremos em dire\u00e7\u00e3o ao leste podendo avistar os lagos Yehuin e Chepelmut \u00e0 esquerda e as lagoas Santa Laura e San Ricardo \u00e0 direita. Alguns quil\u00f4metros \u00e0 frente est\u00e1 Tolhuin, uma pequena comuna localizada no cora\u00e7\u00e3o da Ilha Grande da Terra do Fogo.<\/p>\n<p style=\"text-align: center;\">\n\t<img decoding=\"async\" alt=\"\" src=\"https:\/\/www.aeroclubushuaia.com\/wp-content\/uploads\/2022\/08\/15-minutos-princiapal.jpg\" style=\"width: 545px; height: 363px;\"><\/p>\n<p style=\"text-align: justify;\">\n  Deixamos para tr\u00e1s o setor do Lago Fagnano para voar, rumo ao sul, at\u00e9 o ic\u00f4nico Rancho Harberton, enquanto descemos para apreci\u00e1-lo de perto. Em seguida, voc\u00ea sobrevoa a Ilha Martillo, conhecida por ser o lar de pinguins migrat\u00f3rios durante o ver\u00e3o, e ent\u00e3o avista o Gable Fronton, localizado na ilha de mesmo nome.<\/p>\n<p>  A partir deste momento voaremos para oeste em dire\u00e7\u00e3o \u00e0 cidade de Ushuaia, sempre sobre o Canal Beagle. Mas ainda h\u00e1 muito para saber: O Canal divide a Argentina do Chile, por isso neste momento sobrevoaremos um pouco a fronteira internacional. A Ilha Grande da Terra do Fogo, \u00e0 direita, pertence \u00e0 Argentina; enquanto a Ilha Navarino, \u00e0 esquerda, pertence ao Chile.<\/p>\n<p>  Em nossa viagem \u00e0 cidade poderemos conhecer Puerto Williams e os Dientes de la Navarino (Chile), Puerto Almanza e suas pescarias, o navio tur\u00edstico Monte Sarmiento, que encalhou em Puerto Remolinos em 1935, o rio Encajonado, as fazendas Punta Second e Tunnel, bem como o solit\u00e1rio e mundialmente famoso Farol Les Eclareurs, as Ilhas Wolf e as Ilhas Bird.<br \/>\n\t&nbsp;<\/p>\n<p style=\"text-align: center;\">\n\t<img decoding=\"async\" alt=\"\" src=\"https:\/\/www.aeroclubushuaia.com\/wp-content\/uploads\/2022\/08\/1-hora-secundario.jpg\" style=\"width: 545px; height: 409px;\"><\/p>\n<p style=\"text-align: justify;\">\n  J\u00e1 na etapa final do nosso voo, deixamos para tr\u00e1s o setor de far\u00f3is para retornar \u00e0 Ba\u00eda de Ushuaia, onde sobrevoamos a cidade em descida para pousar no Aeroporto Antigo. \u00c9 neste exato momento que se tem as melhores vistas do centro da cidade de Ushuaia.<br \/>\n\t&nbsp;<\/p>\n<h1 style=\"text-align: justify;\">\n  Importante:<\/h1>\n<ul>\n<li style=\"text-align: justify;\">\n  \u00c9 poss\u00edvel fazer uma reserva gratuita. Voc\u00ea pode nos ligar ou escrever um e-mail para reservar ( <a href=\"http:\/\/www.aeroclubushuaia.com\/es\/contacto\/\">clicando aqui<\/a> ). O passageiro seleciona o dia e hor\u00e1rio de sua prefer\u00eancia. Para conhecer as tarifas dos nossos voos, <a href=\"http:\/\/www.aeroclubushuaia.com\/es\/tarifas-de-vuelos,3\/\">clique aqui<\/a><\/li>\n<li style=\"text-align: justify;\">\n  Todos os nossos voos est\u00e3o sujeitos a altera\u00e7\u00f5es ou cancelamentos. Condi\u00e7\u00f5es clim\u00e1ticas (nebulosidade, precipita\u00e7\u00e3o, turbul\u00eancia, etc.), problemas operacionais das aeronaves e outros fatores podem causar varia\u00e7\u00f5es nos circuitos e at\u00e9 mesmo cancelamentos.<\/li>\n<\/ul>\n<p style=\"text-align: justify;\">\n\t&nbsp;<\/p>\n<div class=\"TA_linkingWidgetRedesign\" id=\"TA_linkingWidgetRedesign701\">\n<ul class=\"TA_links 0sYJXyrYQid2\" id=\"i05l2smCU6MT\">\n<li class=\"qnm3XtVTjQc\" id=\"cUdfNlK\">\n  Leia avalia\u00e7\u00f5es do <a href=\"http:\/\/www.tripadvisor.com.ar\/Attraction_Review-g312855-d3734577-Reviews-Aeroclub_Ushuaia-Ushuaia_Province_of_Tierra_del_Fuego_Patagonia.html\" target=\"_blank\" rel=\"noopener\">Aeroclube de Ushuaia<\/a><\/li>\n<\/ul>\n<\/div>\n<p><script src=\"http:\/\/www.jscache.com\/wejs?wtype=linkingWidgetRedesign&amp;uniq=701&amp;locationId=3734577&amp;lang=es_AR&amp;border=true\"><\/script><\/p>\n","protected":false},"excerpt":{"rendered":"<p>Cidade de Ushuaia, Cordilheira dos Andes, Lago Fagnano, Est\u00e2ncia Harberton, Canal Beagle e Farol Les Eclereurs. O v\u00f4o de uma hora come\u00e7a no antigo aeroporto da cidade de Ushuaia, onde est\u00e1 localizado o Aeroclube, a apenas 10 minutos a p\u00e9 do centro da cidade de Ushuaia. \u00c0 chegada ao Aeroclube, ser\u00e1 recebido por um dos [&hellip;]<\/p>\n","protected":false},"author":1,"featured_media":0,"parent":0,"menu_order":0,"comment_status":"open","ping_status":"open","template":"","meta":{"_et_pb_use_builder":"","_et_pb_old_content":"","_et_gb_content_width":"","footnotes":""},"class_list":["post-1383","page","type-page","status-publish","hentry"],"_links":{"self":[{"href":"https:\/\/www.aeroclubushuaia.com\/pt-br\/wp-json\/wp\/v2\/pages\/1383","targetHints":{"allow":["GET"]}}],"collection":[{"href":"https:\/\/www.aeroclubushuaia.com\/pt-br\/wp-json\/wp\/v2\/pages"}],"about":[{"href":"https:\/\/www.aeroclubushuaia.com\/pt-br\/wp-json\/wp\/v2\/types\/page"}],"author":[{"embeddable":true,"href":"https:\/\/www.aeroclubushuaia.com\/pt-br\/wp-json\/wp\/v2\/users\/1"}],"replies":[{"embeddable":true,"href":"https:\/\/www.aeroclubushuaia.com\/pt-br\/wp-json\/wp\/v2\/comments?post=1383"}],"version-history":[{"count":0,"href":"https:\/\/www.aeroclubushuaia.com\/pt-br\/wp-json\/wp\/v2\/pages\/1383\/revisions"}],"wp:attachment":[{"href":"https:\/\/www.aeroclubushuaia.com\/pt-br\/wp-json\/wp\/v2\/media?parent=1383"}],"curies":[{"name":"wp","href":"https:\/\/api.w.org\/{rel}","templated":true}]}}