{"id":1394,"date":"2022-08-06T03:33:39","date_gmt":"2022-08-06T06:33:39","guid":{"rendered":"https:\/\/www.aeroclubushuaia.com\/escola\/"},"modified":"2023-10-27T18:57:44","modified_gmt":"2023-10-27T21:57:44","slug":"escola","status":"publish","type":"page","link":"https:\/\/www.aeroclubushuaia.com\/pt-br\/escola\/","title":{"rendered":"Escola"},"content":{"rendered":"<p>[et_pb_section fb_built=&#8221;1&#8243; next_background_color=&#8221;#ffffff&#8221; _builder_version=&#8221;4.9.10&#8243; _module_preset=&#8221;default&#8221; background_color=&#8221;#0C71C3&#8243; bottom_divider_style=&#8221;curve2&#8243; locked=&#8221;off&#8221;][et_pb_row column_structure=&#8221;1_2,1_2&#8243; _builder_version=&#8221;4.9.10&#8243; _module_preset=&#8221;default&#8221; custom_padding=&#8221;||46px|||&#8221;][et_pb_column type=&#8221;1_2&#8243; _builder_version=&#8221;4.9.10&#8243; _module_preset=&#8221;default&#8221;][et_pb_text _builder_version=&#8221;4.9.10&#8243; text_font=&#8221;Noto Sans||||||||&#8221; text_text_color=&#8221;#FFFFFF&#8221; text_font_size=&#8221;17px&#8221; text_line_height=&#8221;2em&#8221; link_font=&#8221;||||||||&#8221; ul_font=&#8221;||||||||&#8221; ol_font=&#8221;||||||||&#8221; quote_font=&#8221;||||||||&#8221; header_font=&#8221;||||||||&#8221; header_2_font=&#8221;Noto Serif|700|||||||&#8221; header_2_text_color=&#8221;#FFFFFF&#8221; header_2_font_size=&#8221;30px&#8221; header_2_line_height=&#8221;1.5em&#8221; max_width=&#8221;800px&#8221; module_alignment=&#8221;center&#8221; custom_padding=&#8221;20px|||||&#8221; hover_enabled=&#8221;0&#8243; header_2_font_size_tablet=&#8221;&#8221; header_2_font_size_phone=&#8221;34px&#8221; header_2_font_size_last_edited=&#8221;on|phone&#8221; locked=&#8221;off&#8221; sticky_enabled=&#8221;0&#8243;]<\/p>\n<h2>O seu sonho \u00e9 ser piloto de avi\u00e3o? Quer realizar o sonho adiado?<\/h2>\n<p style=\"text-align: left;\"><span style=\"font-size: 14px;\">N<\/span><span style=\"font-size: 14px;\">ou importa se seu objetivo \u00e9 se tornar, no futuro, piloto de avi\u00e3o ou, se quiser, aprender a voar apenas como hobby. N\u00e3o importa se voc\u00ea \u00e9 jovem ou adulto<\/span><span style=\"font-size: 14px;\">. A \u00e9poca do ano n\u00e3o importa. Na escola de avia\u00e7\u00e3o do Aeroclube Ushuaia estamos esperando por voc\u00ea de portas abertas para<\/span><span style=\"font-size: 14px;\">ajud\u00e1-lo a alcan\u00e7ar seu objetivo.<\/span><\/p>\n<p style=\"text-align: left;\">[\/et_pb_text][\/et_pb_column][et_pb_column type=&#8221;1_2&#8243; _builder_version=&#8221;4.9.10&#8243; _module_preset=&#8221;default&#8221;][et_pb_image src=&#8221;https:\/\/www.aeroclubushuaia.com\/wp-content\/uploads\/2022\/10\/Aeroclub-Ushuaia-escuela-2.jpg&#8221; title_text=&#8221;Escola Aeroclube Ushuaia 2&#8243; align=&#8221;center&#8221; _builder_version=&#8221;4.9.10&#8243; _module_preset=&#8221;default&#8221; width=&#8221;100%&#8221; max_width=&#8221;100%&#8221; border_radii=&#8221;on|20px|20px|20px|20px&#8221; box_shadow_style=&#8221;preset1&#8243;][\/et_pb_image][\/et_pb_column][\/et_pb_row][\/et_pb_section][et_pb_section fb_built=&#8221;1&#8243; admin_label=&#8221;section&#8221; _builder_version=&#8221;3.22&#8243;][et_pb_row admin_label=&#8221;linha&#8221; _builder_version=&#8221;3.25&#8243; background_size=&#8221;initial&#8221; background_position=&#8221;top_left&#8221; background_repeat=&#8221;repeat&#8221; custom_padding=&#8221;1px|||||&#8221;][et_pb_column type=&#8221;4_4&#8243; _builder_version=&#8221;3.25&#8243; custom_padding=&#8221;|||&#8221; custom_padding__hover=&#8221;|||&#8221;][et_pb_text _builder_version=&#8221;4.9.10&#8243; text_font=&#8221;Noto Sans||||||||&#8221; text_text_color=&#8221;#000000&#8243; text_font_size=&#8221;17px&#8221; text_line_height=&#8221;2em&#8221; link_font=&#8221;||||||||&#8221; ul_font=&#8221;||||||||&#8221; ol_font=&#8221;||||||||&#8221; quote_font=&#8221;||||||||&#8221; header_font=&#8221;||||||||&#8221; header_2_font=&#8221;Noto Serif|700|||||||&#8221; header_2_text_color=&#8221;#000000&#8243; header_2_font_size=&#8221;44px&#8221; header_2_line_height=&#8221;1.5em&#8221; max_width=&#8221;800px&#8221; module_alignment=&#8221;center&#8221; custom_padding=&#8221;20px|||||&#8221; header_2_font_size_tablet=&#8221;&#8221; header_2_font_size_phone=&#8221;34px&#8221; header_2_font_size_last_edited=&#8221;on|phone&#8221; locked=&#8221;off&#8221;]<\/p>\n<p style=\"text-align: left;\"><span>Se voc\u00ea deseja fazer isso como carreira ou como hobby; Tudo come\u00e7a com o curso de Piloto Privado.<\/span><span>Vion. Ao concluir e aprovar este curso, voc\u00ea se torna Piloto Privado de Avi\u00e3o. Esta licen\u00e7a \u00e9 emitida pela Autoridade Aeron\u00e1utica Nacional (ANAC) e permite voar aeronaves monomotores, com peso m\u00e1ximo de 5.700kg. A principal limita\u00e7\u00e3o desta licen\u00e7a \u00e9 que ela n\u00e3o permite receber pagamentos, ou seja, voc\u00ea n\u00e3o pode trabalhar como piloto de uma empresa. Se o seu objetivo \u00e9 voar como hobby, a licen\u00e7a de Piloto Privado de Aeronave \u00e9 provavelmente a op\u00e7\u00e3o certa.<\/span><\/p>\n<p><span>Agora, o que acontece se eu quiser trabalhar como piloto? Ent\u00e3o a licen\u00e7a de Piloto Privado de Aeronave \u00e9 apenas o come\u00e7o. Depois de se formar como Piloto, voc\u00ea dever\u00e1 acumular 200 horas de voo de experi\u00eancia, experi\u00eancia que, aliada a um curso te\u00f3rico*, lhe permitir\u00e1 se tornar Piloto de Avi\u00e3o Comercial. Com esta licen\u00e7a voc\u00ea est\u00e1 autorizado a trabalhar como piloto, com algumas pequenas limita\u00e7\u00f5es.<\/span><\/p>\n<p>Chegou a uma experi\u00eancia<span>  de 500 horas de voo (a partir do momento em que voc\u00ea se torna Piloto Privado de Avi\u00e3o), e junto com um curso te\u00f3rico*, voc\u00ea pode se tornar um Instrutor de Voo de Avi\u00e3o. Isso permitir\u00e1 que voc\u00ea forne\u00e7a instru\u00e7\u00e3o de voo, ou seja, ensine voar para alunos pilotos e outros pilotos j\u00e1 recebidos que desejam aperfei\u00e7oar sua t\u00e9cnica, enquanto voc\u00ea acumula mais experi\u00eancia de voo.<\/span><\/p>\n<p><span>Ao ter 900 horas de experi\u00eancia de voo, e o correspondente curso te\u00f3rico*, voc\u00ea poder\u00e1 se tornar um Piloto Comercial de 1\u00aa Classe, o que o qualifica para atuar como copiloto em uma companhia a\u00e9rea regular.<\/span><\/p>\n<p style=\"text-align: left;\">[\/et_pb_text][et_pb_blurb title=&#8221;Requisitos para iniciar o curso de Piloto de Avi\u00e3o Privado em nossa escola de avia\u00e7\u00e3o:&#8221; use_icon=&#8221;on&#8221; font_icon=&#8221;%%73%%&#8221; icon_color=&#8221;#0C71C3&#8243; icon_placement=&#8221;left&#8221; _builder_version=&#8221;4.9.10&#8243; _module_preset=&#8221;default&#8221; header_level=&#8221;h3&#8243; header_text_align=&#8221;left&#8221;][\/et_pb_blurb][et_pb_text _builder_version=&#8221;4.9.10&#8243; text_font=&#8221;Noto Sans||||||||&#8221; text_text_color=&#8221;#000000&#8243; text_font_size=&#8221;17px&#8221; text_line_height=&#8221;2.1em&#8221; link_font=&#8221;||||||||&#8221; ul_font=&#8221;||||||||&#8221; ol_font=&#8221;||||||||&#8221; quote_font=&#8221;||||||||&#8221; header_font=&#8221;||||||||&#8221; header_2_font=&#8221;Noto Serif|700|||||||&#8221; header_2_text_color=&#8221;#000000&#8243; header_2_font_size=&#8221;44px&#8221; header_2_line_height=&#8221;1.5em&#8221; header_3_text_color=&#8221;#0C71C3&#8243; header_3_font_size=&#8221;25px&#8221; header_3_line_height=&#8221;1.2em&#8221; max_width=&#8221;800px&#8221; module_alignment=&#8221;center&#8221; custom_padding=&#8221;20px|||||&#8221; header_2_font_size_tablet=&#8221;&#8221; header_2_font_size_phone=&#8221;34px&#8221; header_2_font_size_last_edited=&#8221;on|phone&#8221; locked=&#8221;off&#8221;]<\/p>\n<h3><\/h3>\n<ul>\n<li>Ser maior de 16 anos e 9 meses (para menores \u00e9 necess\u00e1ria autoriza\u00e7\u00e3o dos pais ou respons\u00e1vel com assinatura autenticada por Tabeli\u00e3o P\u00fablico ou Juiz de Paz).<\/li>\n<li>Ter conclu\u00eddo o Ensino B\u00e1sico Geral (EGB) ou equivalente.<\/li>\n<li>Possuir atestado m\u00e9dico (Psicof\u00edsico), emitido pela Administra\u00e7\u00e3o Nacional de Avia\u00e7\u00e3o Civil (ANAC).<\/li>\n<li>Ler, falar, escrever e compreender corretamente a l\u00edngua espanhola.<\/li>\n<li>Seja s\u00f3cio do Aeroclube Ushuaia. * <sup>1<\/sup><\/li>\n<li>Ter nacionalidade argentina.<\/li>\n<\/ul>\n<p style=\"text-align: left;\">\n<p>[\/et_pb_text][\/et_pb_column][\/et_pb_row][et_pb_row _builder_version=&#8221;4.9.10&#8243; _module_preset=&#8221;default&#8221;][et_pb_column type=&#8221;4_4&#8243; _builder_version=&#8221;4.9.10&#8243; _module_preset=&#8221;default&#8221;][et_pb_cta title=&#8221;INFORMA\u00c7\u00c3O IMPORTANTE&#8221; _builder_version=&#8221;4.9.10&#8243; _module_preset=&#8221;default&#8221; background_color=&#8221;#0C71C3&#8243;]<\/p>\n<p>&nbsp;<\/p>\n<p>Para mais informa\u00e7\u00f5es n\u00e3o hesite em ligar-nos para o 421717 ou 421892 ou melhor ainda, dirija-se ao Aeroclube (Pasarela Luis Pedro Fique 151) e um dos nossos Instrutores de Voo dar-lhe-\u00e1 todas as informa\u00e7\u00f5es necess\u00e1rias para que possa iniciar o curso.<\/p>\n<p>[\/et_pb_cta][\/et_pb_column][\/et_pb_row][\/et_pb_section]<\/p>\n","protected":false},"excerpt":{"rendered":"<p>O seu sonho \u00e9 ser piloto de avi\u00e3o? Quer realizar o sonho adiado? Nou importa se seu objetivo \u00e9 se tornar, no futuro, piloto de avi\u00e3o ou, se quiser, aprender a voar apenas como hobby. N\u00e3o importa se voc\u00ea \u00e9 jovem ou adulto. A \u00e9poca do ano n\u00e3o importa. Na escola de avia\u00e7\u00e3o do Aeroclube [&hellip;]<\/p>\n","protected":false},"author":1,"featured_media":1387,"parent":0,"menu_order":0,"comment_status":"open","ping_status":"open","template":"","meta":{"_et_pb_use_builder":"on","_et_pb_old_content":"","_et_gb_content_width":"","footnotes":""},"class_list":["post-1394","page","type-page","status-publish","has-post-thumbnail","hentry"],"_links":{"self":[{"href":"https:\/\/www.aeroclubushuaia.com\/pt-br\/wp-json\/wp\/v2\/pages\/1394","targetHints":{"allow":["GET"]}}],"collection":[{"href":"https:\/\/www.aeroclubushuaia.com\/pt-br\/wp-json\/wp\/v2\/pages"}],"about":[{"href":"https:\/\/www.aeroclubushuaia.com\/pt-br\/wp-json\/wp\/v2\/types\/page"}],"author":[{"embeddable":true,"href":"https:\/\/www.aeroclubushuaia.com\/pt-br\/wp-json\/wp\/v2\/users\/1"}],"replies":[{"embeddable":true,"href":"https:\/\/www.aeroclubushuaia.com\/pt-br\/wp-json\/wp\/v2\/comments?post=1394"}],"version-history":[{"count":2,"href":"https:\/\/www.aeroclubushuaia.com\/pt-br\/wp-json\/wp\/v2\/pages\/1394\/revisions"}],"predecessor-version":[{"id":1402,"href":"https:\/\/www.aeroclubushuaia.com\/pt-br\/wp-json\/wp\/v2\/pages\/1394\/revisions\/1402"}],"wp:featuredmedia":[{"embeddable":true,"href":"https:\/\/www.aeroclubushuaia.com\/pt-br\/wp-json\/wp\/v2\/media\/1387"}],"wp:attachment":[{"href":"https:\/\/www.aeroclubushuaia.com\/pt-br\/wp-json\/wp\/v2\/media?parent=1394"}],"curies":[{"name":"wp","href":"https:\/\/api.w.org\/{rel}","templated":true}]}}