{"id":1412,"date":"2022-08-06T03:33:24","date_gmt":"2022-08-06T06:33:24","guid":{"rendered":"https:\/\/www.aeroclubushuaia.com\/instalacoes-2\/"},"modified":"2023-10-27T18:57:49","modified_gmt":"2023-10-27T21:57:49","slug":"instalacoes-2","status":"publish","type":"page","link":"https:\/\/www.aeroclubushuaia.com\/pt-br\/instalacoes-2\/","title":{"rendered":"Instala\u00e7\u00f5es"},"content":{"rendered":"<p>[et_pb_section fb_built=&#8221;1&#8243; next_background_color=&#8221;#ffffff&#8221; _builder_version=&#8221;4.9.10&#8243; _module_preset=&#8221;default&#8221; background_color=&#8221;#0C71C3&#8243; bottom_divider_style=&#8221;curve2&#8243; locked=&#8221;off&#8221;][et_pb_row column_structure=&#8221;1_2,1_2&#8243; _builder_version=&#8221;4.9.10&#8243; _module_preset=&#8221;default&#8221; custom_padding=&#8221;||55px|||&#8221;][et_pb_column type=&#8221;1_2&#8243; _builder_version=&#8221;4.9.10&#8243; _module_preset=&#8221;default&#8221;][et_pb_text _builder_version=&#8221;4.9.10&#8243; text_font=&#8221;Noto Sans||||||||&#8221; text_text_color=&#8221;#FFFFFF&#8221; text_font_size=&#8221;17px&#8221; text_line_height=&#8221;2em&#8221; link_font=&#8221;||||||||&#8221; ul_font=&#8221;||||||||&#8221; ol_font=&#8221;||||||||&#8221; quote_font=&#8221;||||||||&#8221; header_font=&#8221;||||||||&#8221; header_2_font=&#8221;Noto Serif|700|||||||&#8221; header_2_text_color=&#8221;#FFFFFF&#8221; header_2_font_size=&#8221;30px&#8221; header_2_line_height=&#8221;1.5em&#8221; max_width=&#8221;800px&#8221; module_alignment=&#8221;center&#8221; custom_padding=&#8221;43px|||||&#8221; header_2_font_size_tablet=&#8221;&#8221; header_2_font_size_phone=&#8221;34px&#8221; header_2_font_size_last_edited=&#8221;on|phone&#8221; locked=&#8221;off&#8221;]<\/p>\n<h2 style=\"text-align: left;\">Instala\u00e7\u00f5es<\/h2>\n<p style=\"text-align: left;\">O Aeroclube Ushuaia conta com instala\u00e7\u00f5es de \u00faltima gera\u00e7\u00e3o tanto para a escola de forma\u00e7\u00e3o de pilotos comerciais quanto para sobrevoos ou voos de batismo abertos a toda a comunidade.<\/p>\n<p style=\"text-align: left;\">[\/et_pb_text][\/et_pb_column][et_pb_column type=&#8221;1_2&#8243; _builder_version=&#8221;4.9.10&#8243; _module_preset=&#8221;default&#8221;][et_pb_image src=&#8221;https:\/\/www.aeroclubushuaia.com\/wp-content\/uploads\/2022\/10\/Aeroclub-Ushuaia-7.jpg&#8221; title_text=&#8221;Aeroclube Ushuaia 7&#8243; align=&#8221;center&#8221; _builder_version=&#8221;4.9.10&#8243; _module_preset=&#8221;default&#8221; module_alignment=&#8221;center&#8221; border_radii=&#8221;on|20px|20px|20px|20px&#8221; box_shadow_style=&#8221;preset1&#8243;][\/et_pb_image][\/et_pb_column][\/et_pb_row][\/et_pb_section][et_pb_section fb_built=&#8221;1&#8243; _builder_version=&#8221;4.9.10&#8243; _module_preset=&#8221;default&#8221; custom_padding=&#8221;||12px|||&#8221;][et_pb_row column_structure=&#8221;1_2,1_2&#8243; _builder_version=&#8221;4.9.10&#8243; _module_preset=&#8221;default&#8221;][et_pb_column type=&#8221;1_2&#8243; _builder_version=&#8221;4.9.10&#8243; _module_preset=&#8221;default&#8221;][et_pb_image src=&#8221;https:\/\/www.aeroclubushuaia.com\/wp-content\/uploads\/2022\/09\/IMG_0197.jpg&#8221; title_text=&#8221;IMG_0197&#8243; align=&#8221;center&#8221; _builder_version=&#8221;4.9.10&#8243; _module_preset=&#8221;default&#8221; width=&#8221;100%&#8221; max_width=&#8221;100%&#8221; custom_padding=&#8221;9px|||||&#8221; border_radii=&#8221;on|20px|20px|20px|20px&#8221; box_shadow_style=&#8221;preset1&#8243;][\/et_pb_image][et_pb_image src=&#8221;https:\/\/www.aeroclubushuaia.com\/wp-content\/uploads\/2022\/11\/Escuela-de-pilotos-aeroclub-ushuaia.jpg&#8221; title_text=&#8221;escola de pilotos do aeroclube ushuaia&#8221; align=&#8221;center&#8221; _builder_version=&#8221;4.9.10&#8243; _module_preset=&#8221;default&#8221; width=&#8221;100%&#8221; max_width=&#8221;100%&#8221; custom_padding=&#8221;9px|||||&#8221; hover_enabled=&#8221;0&#8243; border_radii=&#8221;on|20px|20px|20px|20px&#8221; box_shadow_style=&#8221;preset1&#8243; sticky_enabled=&#8221;0&#8243;][\/et_pb_image][\/et_pb_column][et_pb_column type=&#8221;1_2&#8243; _builder_version=&#8221;4.9.10&#8243; _module_preset=&#8221;default&#8221;][et_pb_text _builder_version=&#8221;4.9.10&#8243; text_font=&#8221;Noto Sans||||||||&#8221; text_text_color=&#8221;#000000&#8243; text_font_size=&#8221;17px&#8221; text_line_height=&#8221;2.1em&#8221; link_font=&#8221;||||||||&#8221; ul_font=&#8221;||||||||&#8221; ol_font=&#8221;||||||||&#8221; quote_font=&#8221;||||||||&#8221; header_font=&#8221;||||||||&#8221; header_2_font=&#8221;Noto Serif|700|||||||&#8221; header_2_text_color=&#8221;#000000&#8243; header_2_font_size=&#8221;44px&#8221; header_2_line_height=&#8221;1.5em&#8221; header_3_text_color=&#8221;#0C71C3&#8243; header_3_font_size=&#8221;25px&#8221; header_3_line_height=&#8221;1.2em&#8221; max_width=&#8221;800px&#8221; module_alignment=&#8221;center&#8221; custom_padding=&#8221;48px|||||&#8221; hover_enabled=&#8221;0&#8243; header_2_font_size_tablet=&#8221;&#8221; header_2_font_size_phone=&#8221;34px&#8221; header_2_font_size_last_edited=&#8221;on|phone&#8221; locked=&#8221;off&#8221; sticky_enabled=&#8221;0&#8243;]<\/p>\n<h2 style=\"text-align: center;\"><span style=\"color: #000000;\">Nossa trilha<\/span><\/h2>\n<p>Aqui poder\u00e1 ver a nossa pista, bem como parte das nossas instala\u00e7\u00f5es (hangar, confeitaria, etc.).<\/p>\n<p><strong>Dados da pista<\/strong> : Orienta\u00e7\u00e3o SAWO 16-34, 1.615 metros x 49 metros de asfalto, eleva\u00e7\u00e3o 40 p\u00e9s, 5 pistas de t\u00e1xi, habilitadas para v\u00f4o noturno local.<\/p>\n<p><strong>Frequ\u00eancia da Torre Ushuaia:<\/strong> 118,1, auxiliar 122,1<\/p>\n<p>Nota: Para voos provenientes do estrangeiro ou de outras prov\u00edncias, antes de chegar \u00e0s nossas instala\u00e7\u00f5es dever\u00e1 aterrar no Aeroporto Internacional (SAWH) para procedimentos alfandeg\u00e1rios, de imigra\u00e7\u00e3o e sanit\u00e1rios.<\/p>\n<p>Dispomos de um ve\u00edculo de assist\u00eancia terrestre para aumentar a seguran\u00e7a das opera\u00e7\u00f5es a\u00e9reas.<\/p>\n<p style=\"text-align: left;\">[\/et_pb_text][\/et_pb_column][\/et_pb_row][\/et_pb_section][et_pb_section fb_built=&#8221;1&#8243; _builder_version=&#8221;4.9.10&#8243; _module_preset=&#8221;default&#8221; background_color=&#8221;#fcfcfc&#8221; custom_padding=&#8221;||0px|||&#8221;][et_pb_row column_structure=&#8221;1_2,1_2&#8243; _builder_version=&#8221;4.9.10&#8243; _module_preset=&#8221;default&#8221; custom_padding=&#8221;||58px|||&#8221;][et_pb_column type=&#8221;1_2&#8243; _builder_version=&#8221;4.9.10&#8243; _module_preset=&#8221;default&#8221;][et_pb_text _builder_version=&#8221;4.9.10&#8243; text_font=&#8221;Noto Sans||||||||&#8221; text_text_color=&#8221;#000000&#8243; text_font_size=&#8221;17px&#8221; text_line_height=&#8221;2.1em&#8221; link_font=&#8221;||||||||&#8221; ul_font=&#8221;||||||||&#8221; ol_font=&#8221;||||||||&#8221; quote_font=&#8221;||||||||&#8221; header_font=&#8221;||||||||&#8221; header_2_font=&#8221;Noto Serif|700|||||||&#8221; header_2_text_color=&#8221;#000000&#8243; header_2_font_size=&#8221;44px&#8221; header_2_line_height=&#8221;1.5em&#8221; header_3_text_color=&#8221;#0C71C3&#8243; header_3_font_size=&#8221;25px&#8221; header_3_line_height=&#8221;1.2em&#8221; max_width=&#8221;800px&#8221; module_alignment=&#8221;center&#8221; min_height=&#8221;139.8px&#8221; custom_margin=&#8221;4px||118px|||&#8221; custom_padding=&#8221;46px|||||&#8221; header_2_font_size_tablet=&#8221;&#8221; header_2_font_size_phone=&#8221;34px&#8221; header_2_font_size_last_edited=&#8221;on|phone&#8221; locked=&#8221;off&#8221;]<\/p>\n<h3>Informa\u00e7\u00f5es sobre nosso Hangar<\/h3>\n<p><span>Nosso amplo hangar abriga aeronaves pr\u00f3prias e de terceiros.  <\/span><br \/><span>Al\u00e9m disso, pelas suas caracter\u00edsticas \u00fanicas, \u00e9 frequentemente utilizado para a organiza\u00e7\u00e3o de todo o tipo de eventos.<\/span><\/p>\n<p style=\"text-align: left;\">\n<p>[\/et_pb_text][et_pb_text _builder_version=&#8221;4.9.10&#8243; text_font=&#8221;Noto Sans||||||||&#8221; text_text_color=&#8221;#000000&#8243; text_font_size=&#8221;17px&#8221; text_line_height=&#8221;2.1em&#8221; link_font=&#8221;||||||||&#8221; ul_font=&#8221;||||||||&#8221; ol_font=&#8221;||||||||&#8221; quote_font=&#8221;||||||||&#8221; header_font=&#8221;||||||||&#8221; header_2_font=&#8221;Noto Serif|700|||||||&#8221; header_2_text_color=&#8221;#000000&#8243; header_2_font_size=&#8221;44px&#8221; header_2_line_height=&#8221;1.5em&#8221; header_3_text_color=&#8221;#0C71C3&#8243; header_3_font_size=&#8221;25px&#8221; header_3_line_height=&#8221;1.2em&#8221; max_width=&#8221;800px&#8221; module_alignment=&#8221;center&#8221; custom_margin=&#8221;-129px||0px|||&#8221; custom_padding=&#8221;20px|||||&#8221; header_2_font_size_tablet=&#8221;&#8221; header_2_font_size_phone=&#8221;34px&#8221; header_2_font_size_last_edited=&#8221;on|phone&#8221; locked=&#8221;off&#8221;]<\/p>\n<h3>Nosso escrit\u00f3rio<\/h3>\n<p><span>Com uma vista \u00fanica da cidade e da pista, disp\u00f5e de diversas comodidades para tornar a sua visita ao Aeroclube a mais agrad\u00e1vel poss\u00edvel.<\/span><\/p>\n<p style=\"text-align: left;\">[\/et_pb_text][et_pb_text _builder_version=&#8221;4.9.10&#8243; text_font=&#8221;Noto Sans||||||||&#8221; text_text_color=&#8221;#000000&#8243; text_font_size=&#8221;17px&#8221; text_line_height=&#8221;2.1em&#8221; link_font=&#8221;||||||||&#8221; ul_font=&#8221;||||||||&#8221; ol_font=&#8221;||||||||&#8221; quote_font=&#8221;||||||||&#8221; header_font=&#8221;||||||||&#8221; header_2_font=&#8221;Noto Serif|700|||||||&#8221; header_2_text_color=&#8221;#000000&#8243; header_2_font_size=&#8221;44px&#8221; header_2_line_height=&#8221;1.5em&#8221; header_3_text_color=&#8221;#0C71C3&#8243; header_3_font_size=&#8221;25px&#8221; header_3_line_height=&#8221;1.2em&#8221; max_width=&#8221;800px&#8221; module_alignment=&#8221;center&#8221; custom_padding=&#8221;20px|||||&#8221; header_2_font_size_tablet=&#8221;&#8221; header_2_font_size_phone=&#8221;34px&#8221; header_2_font_size_last_edited=&#8221;on|phone&#8221; locked=&#8221;off&#8221;]<\/p>\n<h3>Nosso Quincho<\/h3>\n<p><span>Com uma vista impressionante sobre a cidade e arredores, disp\u00f5e de ampla churrasqueira, cozinha industrial, aquecimento central, m\u00fasica ambiente e instala\u00e7\u00f5es sanit\u00e1rias.<\/span><\/p>\n<p style=\"text-align: left;\">[\/et_pb_text][\/et_pb_column][et_pb_column type=&#8221;1_2&#8243; _builder_version=&#8221;4.9.10&#8243; _module_preset=&#8221;default&#8221;][et_pb_image src=&#8221;https:\/\/www.aeroclubushuaia.com\/wp-content\/uploads\/2022\/10\/Aeroclub-Ushuaia-Instalaciones-2.jpg&#8221; title_text=&#8221;Instala\u00e7\u00f5es do Aeroclube Ushuaia 2&#8243; align=&#8221;center&#8221; _builder_version=&#8221;4.9.10&#8243; _module_preset=&#8221;default&#8221; width=&#8221;100%&#8221; max_width=&#8221;100%&#8221; custom_padding=&#8221;||||false|false&#8221; border_radii=&#8221;on|20px|20px|20px|20px&#8221; box_shadow_style=&#8221;preset1&#8243;][\/et_pb_image][et_pb_image src=&#8221;https:\/\/www.aeroclubushuaia.com\/wp-content\/uploads\/2022\/10\/Aeroclub-Ushuaia-Instalaciones-5.jpg&#8221; title_text=&#8221;Instala\u00e7\u00f5es do Aeroclube Ushuaia 5&#8243; align=&#8221;center&#8221; _builder_version=&#8221;4.9.10&#8243; _module_preset=&#8221;default&#8221; width=&#8221;100%&#8221; max_width=&#8221;100%&#8221; custom_padding=&#8221;||||false|false&#8221; border_radii=&#8221;on|20px|20px|20px|20px&#8221; box_shadow_style=&#8221;preset1&#8243;][\/et_pb_image][\/et_pb_column][\/et_pb_row][et_pb_row _builder_version=&#8221;4.9.10&#8243; _module_preset=&#8221;default&#8221;][et_pb_column type=&#8221;4_4&#8243; _builder_version=&#8221;4.9.10&#8243; _module_preset=&#8221;default&#8221;][et_pb_text _builder_version=&#8221;4.9.10&#8243; _module_preset=&#8221;default&#8221; text_font=&#8221;Noto Sans||||||||&#8221; custom_margin=&#8221;||-1px|||&#8221;]<\/p>\n<h1 style=\"text-align: center;\">Instala\u00e7\u00f5es<\/h1>\n<p>[\/et_pb_text][et_pb_divider color=&#8221;#0C71C3&#8243; divider_weight=&#8221;6px&#8221; _builder_version=&#8221;4.9.10&#8243; _module_preset=&#8221;default&#8221; width=&#8221;24%&#8221; module_alignment=&#8221;center&#8221; custom_margin=&#8221;||9px|||&#8221; locked=&#8221;off&#8221;][\/et_pb_divider][et_pb_accordion open_toggle_text_color=&#8221;#0C71C3&#8243; _builder_version=&#8221;4.9.10&#8243; _module_preset=&#8221;default&#8221; toggle_font=&#8221;Noto Sans|700|||||||&#8221; width=&#8221;100%&#8221; module_alignment=&#8221;center&#8221; custom_margin=&#8221;||||false|false&#8221;][et_pb_accordion_item title=&#8221;Sala de aula&#8221; open=&#8221;on&#8221; _builder_version=&#8221;4.9.10&#8243; _module_preset=&#8221;default&#8221; body_text_color=&#8221;#000000&#8243;]<\/p>\n<p><span>Uma parte vital da Escola de Voo do Aeroclube Ushuaia \u00e9 a sala de aula. \u00c9 aqui que s\u00e3o dadas as aulas te\u00f3ricas aos alunos piloto.<\/span><\/p>\n<p><span>Tem capacidade para 10 alunos, e disp\u00f5e, entre outros, de ilumina\u00e7\u00e3o, aquecimento, projetor de alta defini\u00e7\u00e3o, televis\u00e3o, leitor de DVD, quadro negro, mesa de trabalho de grupo, cartografia, elementos de demonstra\u00e7\u00e3o (pe\u00e7as de motores de aeronaves, maquetes, etc.) , bem como uma ampla e variada biblioteca aeron\u00e1utica.<\/span><\/p>\n<p><span>Al\u00e9m das aulas te\u00f3ricas correspondentes ao curso de Piloto de Avi\u00e3o Privado, os nossos Instrutores de Voo ministram periodicamente aulas te\u00f3ricas abertas sobre diversos temas: Regulamentos de voo, espa\u00e7o a\u00e9reo, meteorologia, navega\u00e7\u00e3o a\u00e9rea, voo entre montanhas, entre outros.<\/span><\/p>\n<p><span>A sala de aula possui excelente vista da plataforma do Aeroclube, bem como da pista do aer\u00f3dromo.<\/span><\/p>\n<p>[\/et_pb_accordion_item][et_pb_accordion_item title=&#8221;Hangar&#8221; _builder_version=&#8221;4.9.10&#8243; _module_preset=&#8221;default&#8221; open=&#8221;off&#8221;]<\/p>\n<p><span>O Aeroclube Ushuaia possui em suas instala\u00e7\u00f5es um hangar aquecido e iluminado para manter as aeronaves protegidas das intemp\u00e9ries. O hangar tem frente de 30 metros, lateral de 20 metros e altura de 5 metros. O piso do hangar \u00e9 de cimento. A capacidade aproximada \u00e9 de 9 aeronaves.<\/span><\/p>\n<p><span>Se necessitar de hangaragem para a sua aeronave em tr\u00e2nsito, <a href=\"https:\/\/www.aeroclubushuaia.com\/contacto\/\">n\u00e3o hesite em contactar-nos.<\/a><\/span><\/p>\n<p>[\/et_pb_accordion_item][et_pb_accordion_item title=&#8221;Quincho&#8221; _builder_version=&#8221;4.9.10&#8243; _module_preset=&#8221;default&#8221; open=&#8221;off&#8221;]<\/p>\n<p><span>O Aeroclube Ushuaia possui em suas instala\u00e7\u00f5es uma das melhores churrasqueiras da cidade de Ushuaia. Localizada na Passarela Luis Pedro Fique 151, nossa churrasqueira possui amplas janelas que garantem as melhores vistas da cidade, da Cordilheira dos Andes e se voc\u00ea gosta de avi\u00f5es, tamb\u00e9m da pista do antigo aeroporto de Ushuaia, atual sede do Aeroclube.  <\/span><\/p>\n<p><span>A \u00e1rea da churrasqueira possui uma ampla cozinha, que \u00e9 integrada ao restante da sala e conta com churrasqueira interna, forno a g\u00e1s, \u00e1gua encanada, t\u00e1buas de madeira, bancadas amplas, geladeira e freezer grande. Da mesma forma, est\u00e1 equipado com banheiros separados para homens e mulheres.  <\/span><\/p>\n<p><span>As mesas s\u00e3o facilmente remov\u00edveis e as cadeiras empilhadas para personalizar a sala dependendo do tipo de evento que deseja realizar. Lou\u00e7as (pratos, copos e talheres) est\u00e3o inclu\u00eddas no aluguel.<\/span><\/p>\n<p><span>A churrasqueira possui um amplo jardim para que seu evento n\u00e3o se limite \u00e0s paredes da sala. Possui tamb\u00e9m um amplo estacionamento externo iluminado.<\/span><\/p>\n<p><span>Cumprindo as normas de seguran\u00e7a, a \u00e1rea da churrasqueira conta com extintor e duas sa\u00eddas de emerg\u00eancia, al\u00e9m do acesso principal. Ambas as sa\u00eddas est\u00e3o claramente marcadas com sinais indicadores.<\/span><\/p>\n<p>[\/et_pb_accordion_item][et_pb_accordion_item title=&#8221;Sala dos Pilotos&#8221; _builder_version=&#8221;4.9.10&#8243; _module_preset=&#8221;default&#8221; open=&#8221;off&#8221;]<\/p>\n<p><span>O Pilots Lounge \u00e9 o epicentro do Aeroclube de Ushuaia. \u00c9 aqui que todos os dias se re\u00fanem os s\u00f3cios do nosso Aeroclube, e onde recebemos outros pilotos ou amantes da aeron\u00e1utica que nos visitam.<\/span><\/p>\n<p><span>O Sal\u00e3o dos Pilotos est\u00e1 dividido em duas partes, de um lado a \u00e1rea de descanso, equipada com poltronas e mesas de centro. Por outro lado, h\u00e1 a parte operacional: aqui existem tr\u00eas postos de trabalho com liga\u00e7\u00e3o \u00e0 internet, televis\u00e3o por cabo, esta\u00e7\u00e3o de r\u00e1dio aeron\u00e1utica, cozinha completa, mesa e cadeiras e, por fim, uma grande biblioteca com material aeron\u00e1utico.<\/span><\/p>\n<p><span>Quer pretenda planear um voo (estudar a rota, analisar o tempo, etc.), ou simplesmente passar uma tarde com colegas, o Pilots&#8217; Lounge \u00e9 o local certo dentro do nosso Aeroclube.<\/span><\/p>\n<p>[\/et_pb_accordion_item][\/et_pb_accordion][et_pb_gallery gallery_ids=&#8221;381,740,739,737,736,735,733,741,825,824,823,802&#8243; posts_number=&#8221;12&#8243; show_title_and_caption=&#8221;off&#8221; show_pagination=&#8221;off&#8221; _builder_version=&#8221;4.9.10&#8243; _module_preset=&#8221;default&#8221; hover_enabled=&#8221;0&#8243; sticky_enabled=&#8221;0&#8243;][\/et_pb_gallery][\/et_pb_column][\/et_pb_row][\/et_pb_section]<\/p>\n","protected":false},"excerpt":{"rendered":"<p>Instala\u00e7\u00f5es O Aeroclube Ushuaia conta com instala\u00e7\u00f5es de \u00faltima gera\u00e7\u00e3o tanto para a escola de forma\u00e7\u00e3o de pilotos comerciais quanto para sobrevoos ou voos de batismo abertos a toda a comunidade. Nossa trilha Aqui poder\u00e1 ver a nossa pista, bem como parte das nossas instala\u00e7\u00f5es (hangar, confeitaria, etc.). Dados da pista : Orienta\u00e7\u00e3o SAWO 16-34, [&hellip;]<\/p>\n","protected":false},"author":1,"featured_media":0,"parent":0,"menu_order":0,"comment_status":"open","ping_status":"open","template":"","meta":{"_et_pb_use_builder":"on","_et_pb_old_content":"","_et_gb_content_width":"","footnotes":""},"class_list":["post-1412","page","type-page","status-publish","hentry"],"_links":{"self":[{"href":"https:\/\/www.aeroclubushuaia.com\/pt-br\/wp-json\/wp\/v2\/pages\/1412","targetHints":{"allow":["GET"]}}],"collection":[{"href":"https:\/\/www.aeroclubushuaia.com\/pt-br\/wp-json\/wp\/v2\/pages"}],"about":[{"href":"https:\/\/www.aeroclubushuaia.com\/pt-br\/wp-json\/wp\/v2\/types\/page"}],"author":[{"embeddable":true,"href":"https:\/\/www.aeroclubushuaia.com\/pt-br\/wp-json\/wp\/v2\/users\/1"}],"replies":[{"embeddable":true,"href":"https:\/\/www.aeroclubushuaia.com\/pt-br\/wp-json\/wp\/v2\/comments?post=1412"}],"version-history":[{"count":2,"href":"https:\/\/www.aeroclubushuaia.com\/pt-br\/wp-json\/wp\/v2\/pages\/1412\/revisions"}],"predecessor-version":[{"id":1420,"href":"https:\/\/www.aeroclubushuaia.com\/pt-br\/wp-json\/wp\/v2\/pages\/1412\/revisions\/1420"}],"wp:attachment":[{"href":"https:\/\/www.aeroclubushuaia.com\/pt-br\/wp-json\/wp\/v2\/media?parent=1412"}],"curies":[{"name":"wp","href":"https:\/\/api.w.org\/{rel}","templated":true}]}}