{"id":1419,"date":"2022-08-06T03:33:39","date_gmt":"2022-08-06T06:33:39","guid":{"rendered":"https:\/\/www.aeroclubushuaia.com\/voo-de-30-minutos\/"},"modified":"2024-07-22T18:49:41","modified_gmt":"2024-07-22T21:49:41","slug":"voo-de-30-minutos","status":"publish","type":"page","link":"https:\/\/www.aeroclubushuaia.com\/pt-br\/voo-de-30-minutos\/","title":{"rendered":"Voo de 30 minutos"},"content":{"rendered":"<p>[et_pb_section fb_built=&#8221;1&#8243; fullwidth=&#8221;on&#8221; admin_label=&#8221;Header&#8221; _builder_version=&#8221;4.9.10&#8243; background_color=&#8221;#FFFFFF&#8221; custom_padding=&#8221;0px|0|0px|0px|false|false&#8221; bottom_divider_style=&#8221;arrow&#8221; bottom_divider_color=&#8221;#FFFFFF&#8221; locked=&#8221;off&#8221;][et_pb_fullwidth_header title=&#8221;Voo 30 minutos&#8221; text_orientation=&#8221;center&#8221; header_scroll_down=&#8221;on&#8221; scroll_down_icon=&#8221;%%0%%&#8221; scroll_down_icon_color=&#8221;#FFFFFF&#8221; scroll_down_icon_size=&#8221;32px&#8221; background_overlay_color=&#8221;rgba(83,90,128,0.3)&#8221; content_max_width=&#8221;90%&#8221; _builder_version=&#8221;4.9.10&#8243; title_font=&#8221;Noto Serif|700|||||||&#8221; title_text_align=&#8221;center&#8221; title_font_size=&#8221;3vw&#8221; content_font=&#8221;Noto Serif|700|||||||&#8221; content_text_align=&#8221;left&#8221; content_font_size=&#8221;32px&#8221; subhead_font=&#8221;Noto Sans||||||||&#8221; subhead_text_align=&#8221;center&#8221; subhead_font_size=&#8221;30px&#8221; subhead_line_height=&#8221;2em&#8221; background_color=&#8221;rgba(224,43,32,0.55)&#8221; background_image=&#8221;https:\/\/www.aeroclubushuaia.com\/wp-content\/uploads\/2022\/10\/Aeroclub-Ushuaia-escuela-1.jpg&#8221; custom_button_one=&#8221;on&#8221; button_one_text_size=&#8221;17px&#8221; button_one_text_color=&#8221;#FFFFFF&#8221; button_one_bg_color=&#8221;#0063a8&#8243; button_one_border_width=&#8221;7px&#8221; button_one_border_color=&#8221;#0063a8&#8243; button_one_border_radius=&#8221;100px&#8221; button_one_font=&#8221;Noto Sans|700||on|||||&#8221; button_one_use_icon=&#8221;off&#8221; custom_margin=&#8221;|||&#8221; custom_padding=&#8221;166px||164px|||&#8221; custom_padding_tablet=&#8221;100px|||&#8221; custom_padding_phone=&#8221;&#8221; custom_padding_last_edited=&#8221;on|phone&#8221; animation_style=&#8221;fade&#8221; animation_direction=&#8221;top&#8221; title_font_size_tablet=&#8221;60px&#8221; title_font_size_phone=&#8221;35px&#8221; title_font_size_last_edited=&#8221;on|phone&#8221; subhead_font_size_tablet=&#8221;&#8221; subhead_font_size_phone=&#8221;20px&#8221; subhead_font_size_last_edited=&#8221;on|desktop&#8221; subhead_line_height_tablet=&#8221;&#8221; subhead_line_height_phone=&#8221;1.5em&#8221; subhead_line_height_last_edited=&#8221;on|phone&#8221; button_one_text_color_hover=&#8221;#ffffff&#8221; button_one_border_color_hover=&#8221;#ff9e59&#8243; button_one_border_radius_hover=&#8221;100px&#8221; button_one_bg_color_hover=&#8221;#ff9e59&#8243; button_one_text_size__hover_enabled=&#8221;off&#8221; button_two_text_size__hover_enabled=&#8221;off&#8221; button_one_text_color__hover_enabled=&#8221;on&#8221; button_one_text_color__hover=&#8221;#ffffff&#8221; button_two_text_color__hover_enabled=&#8221;off&#8221; button_one_border_width__hover_enabled=&#8221;off&#8221; button_two_border_width__hover_enabled=&#8221;off&#8221; button_one_border_color__hover_enabled=&#8221;on&#8221; button_one_border_color__hover=&#8221;#0063a8&#8243; button_two_border_color__hover_enabled=&#8221;off&#8221; button_one_border_radius__hover_enabled=&#8221;on&#8221; button_one_border_radius__hover=&#8221;100px&#8221; button_two_border_radius__hover_enabled=&#8221;off&#8221; button_one_letter_spacing__hover_enabled=&#8221;off&#8221; button_two_letter_spacing__hover_enabled=&#8221;off&#8221; button_one_bg_color__hover_enabled=&#8221;on|hover&#8221; button_one_bg_color__hover=&#8221;#0063a8&#8243; button_two_bg_color__hover_enabled=&#8221;off&#8221; button_one_bg_enable_color__hover=&#8221;on&#8221;][\/et_pb_fullwidth_header][\/et_pb_section][et_pb_section fb_built=&#8221;1&#8243; _builder_version=&#8221;4.9.10&#8243; _module_preset=&#8221;default&#8221; background_color=&#8221;#FFFFFF&#8221; custom_padding=&#8221;||22px|||&#8221; locked=&#8221;off&#8221;][et_pb_row column_structure=&#8221;1_3,1_3,1_3&#8243; _builder_version=&#8221;4.9.10&#8243; _module_preset=&#8221;default&#8221;][et_pb_column type=&#8221;1_3&#8243; _builder_version=&#8221;4.9.10&#8243; _module_preset=&#8221;default&#8221;][et_pb_blurb title=&#8221;Dura\u00e7\u00e3o&#8221; use_icon=&#8221;on&#8221; font_icon=&#8221;%%227%%&#8221; icon_color=&#8221;#0C71C3&#8243; use_icon_font_size=&#8221;on&#8221; icon_font_size=&#8221;55px&#8221; _builder_version=&#8221;4.9.10&#8243; _module_preset=&#8221;default&#8221; header_font=&#8221;|700|||||||&#8221; text_orientation=&#8221;center&#8221; custom_margin=&#8221;||18px|||&#8221; custom_padding=&#8221;20px|25px|20px|25px|true|true&#8221; box_shadow_style=&#8221;preset2&#8243; locked=&#8221;off&#8221;]<\/p>\n<p style=\"text-align: center;\">A dura\u00e7\u00e3o deste voo \u00e9<br \/>30 minutos.<\/p>\n<p>[\/et_pb_blurb][\/et_pb_column][et_pb_column type=&#8221;1_3&#8243; _builder_version=&#8221;4.9.10&#8243; _module_preset=&#8221;default&#8221;][et_pb_blurb title=&#8221;Pre\u00e7o&#8221; use_icon=&#8221;on&#8221; font_icon=&#8221;%%280%%&#8221; icon_color=&#8221;#0C71C3&#8243; use_icon_font_size=&#8221;on&#8221; icon_font_size=&#8221;55px&#8221; _builder_version=&#8221;4.9.10&#8243; _module_preset=&#8221;default&#8221; header_font=&#8221;|700|||||||&#8221; text_orientation=&#8221;center&#8221; custom_padding=&#8221;20px|25px|20px|25px|true|true&#8221; hover_enabled=&#8221;0&#8243; box_shadow_style=&#8221;preset2&#8243; sticky_enabled=&#8221;0&#8243;]<\/p>\n<p class=\"tw-data-text tw-text-large tw-ta\" data-placeholder=\"Traducci\u00f3n\" id=\"tw-target-text\" aria-label=\"Texto traducido\" data-ved=\"2ahUKEwiDwvWJzruHAxX-qpUCHePeAZAQ3ewLegQIExAU\" dir=\"ltr\"><span class=\"Y2IQFc\" lang=\"pt\">Consulte pre\u00e7o pelo whatsapp<\/span><\/p>\n<p>[\/et_pb_blurb][et_pb_button button_url=&#8221;#reserva&#8221; button_text=&#8221;QUERO RESERVAR!&#8221; button_alignment=&#8221;center&#8221; _builder_version=&#8221;4.9.10&#8243; custom_button=&#8221;on&#8221; button_text_size=&#8221;17px&#8221; button_bg_color=&#8221;#0063a8&#8243; button_border_width=&#8221;5px&#8221; button_border_color=&#8221;#0063a8&#8243; button_border_radius=&#8221;100px&#8221; button_font=&#8221;Noto Sans|700||on|||||&#8221; button_use_icon=&#8221;off&#8221; background_layout=&#8221;dark&#8221; custom_margin=&#8221;65px|||||&#8221; button_border_color_hover=&#8221;#ff9e59&#8243; button_bg_color_hover=&#8221;#ff9e59&#8243; locked=&#8221;off&#8221; button_text_size__hover_enabled=&#8221;off&#8221; button_one_text_size__hover_enabled=&#8221;off&#8221; button_two_text_size__hover_enabled=&#8221;off&#8221; button_text_color__hover_enabled=&#8221;off&#8221; button_one_text_color__hover_enabled=&#8221;off&#8221; button_two_text_color__hover_enabled=&#8221;off&#8221; button_border_width__hover_enabled=&#8221;off&#8221; button_one_border_width__hover_enabled=&#8221;off&#8221; button_two_border_width__hover_enabled=&#8221;off&#8221; button_border_color__hover_enabled=&#8221;on&#8221; button_border_color__hover=&#8221;#0C71C3&#8243; button_one_border_color__hover_enabled=&#8221;off&#8221; button_two_border_color__hover_enabled=&#8221;off&#8221; button_border_radius__hover_enabled=&#8221;off&#8221; button_one_border_radius__hover_enabled=&#8221;off&#8221; button_two_border_radius__hover_enabled=&#8221;off&#8221; button_letter_spacing__hover_enabled=&#8221;off&#8221; button_one_letter_spacing__hover_enabled=&#8221;off&#8221; button_two_letter_spacing__hover_enabled=&#8221;off&#8221; button_bg_color__hover_enabled=&#8221;on|hover&#8221; button_bg_color__hover=&#8221;#0C71C3&#8243; button_one_bg_color__hover_enabled=&#8221;off&#8221; button_two_bg_color__hover_enabled=&#8221;off&#8221; button_bg_enable_color__hover=&#8221;on&#8221;][\/et_pb_button][\/et_pb_column][et_pb_column type=&#8221;1_3&#8243; _builder_version=&#8221;4.9.10&#8243; _module_preset=&#8221;default&#8221;][et_pb_blurb title=&#8221;Rota&#8221; use_icon=&#8221;on&#8221; font_icon=&#8221;%%194%%&#8221; icon_color=&#8221;#0C71C3&#8243; use_icon_font_size=&#8221;on&#8221; icon_font_size=&#8221;55px&#8221; _builder_version=&#8221;4.9.10&#8243; _module_preset=&#8221;default&#8221; header_font=&#8221;|700|||||||&#8221; text_orientation=&#8221;center&#8221; custom_margin=&#8221;||18px|||&#8221; custom_padding=&#8221;20px|25px|20px|25px|true|true&#8221; box_shadow_style=&#8221;preset2&#8243; locked=&#8221;off&#8221;]<\/p>\n<p style=\"text-align: center;\">Sobrevoe Ushuaia, o Canal Beagle e as melhores paisagens do Fim do Mundo<\/p>\n<p>[\/et_pb_blurb][\/et_pb_column][\/et_pb_row][\/et_pb_section][et_pb_section fb_built=&#8221;1&#8243; _builder_version=&#8221;4.9.10&#8243; _module_preset=&#8221;default&#8221; locked=&#8221;off&#8221;][et_pb_row column_structure=&#8221;1_2,1_2&#8243; _builder_version=&#8221;4.9.10&#8243; _module_preset=&#8221;default&#8221;][et_pb_column type=&#8221;1_2&#8243; _builder_version=&#8221;4.9.10&#8243; _module_preset=&#8221;default&#8221;][et_pb_text _builder_version=&#8221;4.9.10&#8243; text_font=&#8221;Noto Sans||||||||&#8221; text_text_color=&#8221;#000000&#8243; text_font_size=&#8221;17px&#8221; text_line_height=&#8221;2em&#8221; link_font=&#8221;||||||||&#8221; ul_font=&#8221;||||||||&#8221; ol_font=&#8221;||||||||&#8221; quote_font=&#8221;||||||||&#8221; header_font=&#8221;||||||||&#8221; header_2_font=&#8221;Noto Serif|700|||||||&#8221; header_2_text_color=&#8221;#0C71C3&#8243; header_2_font_size=&#8221;24px&#8221; header_2_line_height=&#8221;1.5em&#8221; max_width=&#8221;800px&#8221; module_alignment=&#8221;center&#8221; custom_padding=&#8221;20px|||||&#8221; header_2_font_size_tablet=&#8221;&#8221; header_2_font_size_phone=&#8221;17px&#8221; header_2_font_size_last_edited=&#8221;on|phone&#8221; locked=&#8221;off&#8221;]<\/p>\n<h2>Cidade de Ushuaia, Parque Nacional Tierra del Fuego, Canal Beagle e Farol Les Eclereurs.<\/h2>\n<p><span>O v\u00f4o de meia hora come\u00e7a no antigo aeroporto da cidade de Ushuaia, onde est\u00e1 localizado o Aeroclube, a apenas 10 minutos a p\u00e9 do centro da cidade de Ushuaia.<\/span><\/p>\n<p><span>\u00c0 chegada ao Aeroclube, ser\u00e1 recebido por um dos nossos pilotos que lhe fornecer\u00e1 todas as informa\u00e7\u00f5es relativas ao voo que ser\u00e1 realizado, bem como lhe fornecer\u00e1 informa\u00e7\u00f5es de seguran\u00e7a.  <\/span><\/p>\n<p><span>Quando tudo estiver pronto, voc\u00ea embarcar\u00e1 em uma de nossas oito aeronaves, que ser\u00e3o previamente selecionadas pelo piloto para melhor atender \u00e0s suas necessidades. Todas as nossas aeronaves encontram-se em perfeito estado de manuten\u00e7\u00e3o, cumprindo as mais exigentes normas nesta mat\u00e9ria.<\/span><\/p>\n<p style=\"text-align: left;\">[\/et_pb_text][\/et_pb_column][et_pb_column type=&#8221;1_2&#8243; _builder_version=&#8221;4.9.10&#8243; _module_preset=&#8221;default&#8221;][et_pb_image src=&#8221;https:\/\/www.aeroclubushuaia.com\/wp-content\/uploads\/2022\/09\/mapa2.jpg&#8221; title_text=&#8221;mapa2&#8243; _builder_version=&#8221;4.9.10&#8243; _module_preset=&#8221;default&#8221;][\/et_pb_image][et_pb_text _builder_version=&#8221;4.9.10&#8243; text_font=&#8221;Noto Sans||||||||&#8221; text_text_color=&#8221;#000000&#8243; text_font_size=&#8221;17px&#8221; text_line_height=&#8221;2em&#8221; link_font=&#8221;||||||||&#8221; ul_font=&#8221;||||||||&#8221; ol_font=&#8221;||||||||&#8221; quote_font=&#8221;||||||||&#8221; header_font=&#8221;||||||||&#8221; header_2_font=&#8221;Noto Serif|700|||||||&#8221; header_2_text_color=&#8221;#0C71C3&#8243; header_2_font_size=&#8221;24px&#8221; header_2_line_height=&#8221;1.5em&#8221; max_width=&#8221;800px&#8221; module_alignment=&#8221;center&#8221; custom_padding=&#8221;20px|||||&#8221; header_2_font_size_tablet=&#8221;&#8221; header_2_font_size_phone=&#8221;17px&#8221; header_2_font_size_last_edited=&#8221;on|phone&#8221; locked=&#8221;off&#8221;]<\/p>\n<h2 style=\"text-align: center;\">\u201cO atendimento \u00e9 100% personalizado. Antes, durante e depois do voo nossos pilotos garantem o bem-estar dos nossos passageiros.\u201d<\/h2>\n<p style=\"text-align: left;\">[\/et_pb_text][\/et_pb_column][\/et_pb_row][et_pb_row use_custom_gutter=&#8221;on&#8221; gutter_width=&#8221;1&#8243; make_equal=&#8221;on&#8221; _builder_version=&#8221;4.9.10&#8243; _module_preset=&#8221;default&#8221; width=&#8221;56%&#8221; max_width=&#8221;2560px&#8221; module_alignment=&#8221;center&#8221; locked=&#8221;off&#8221;][et_pb_column type=&#8221;4_4&#8243; _builder_version=&#8221;4.9.10&#8243; _module_preset=&#8221;default&#8221;][et_pb_gallery gallery_ids=&#8221;373,409,390,387,383,381,378,375&#8243; posts_number=&#8221;10&#8243; show_title_and_caption=&#8221;off&#8221; show_pagination=&#8221;off&#8221; _builder_version=&#8221;4.9.10&#8243; _module_preset=&#8221;default&#8221;][\/et_pb_gallery][\/et_pb_column][\/et_pb_row][\/et_pb_section][et_pb_section fb_built=&#8221;1&#8243; next_background_color=&#8221;#ffffff&#8221; _builder_version=&#8221;4.9.10&#8243; _module_preset=&#8221;default&#8221; background_color=&#8221;#fcfcfc&#8221; bottom_divider_style=&#8221;slant&#8221; locked=&#8221;off&#8221;][et_pb_row _builder_version=&#8221;4.9.10&#8243; _module_preset=&#8221;default&#8221;][et_pb_column type=&#8221;4_4&#8243; _builder_version=&#8221;4.9.10&#8243; _module_preset=&#8221;default&#8221;][et_pb_divider color=&#8221;#0C71C3&#8243; divider_weight=&#8221;6px&#8221; _builder_version=&#8221;4.9.10&#8243; _module_preset=&#8221;default&#8221; width=&#8221;10%&#8221; module_alignment=&#8221;center&#8221; custom_margin=&#8221;||9px|||&#8221; locked=&#8221;off&#8221;][\/et_pb_divider][et_pb_text _builder_version=&#8221;4.9.10&#8243; text_font=&#8221;Noto Sans||||||||&#8221; text_text_color=&#8221;#000000&#8243; text_font_size=&#8221;17px&#8221; text_line_height=&#8221;2em&#8221; link_font=&#8221;||||||||&#8221; ul_font=&#8221;||||||||&#8221; ol_font=&#8221;||||||||&#8221; quote_font=&#8221;||||||||&#8221; header_font=&#8221;||||||||&#8221; header_2_font=&#8221;Noto Serif|700|||||||&#8221; header_2_text_color=&#8221;#000000&#8243; header_2_font_size=&#8221;44px&#8221; header_2_line_height=&#8221;1.5em&#8221; max_width=&#8221;800px&#8221; module_alignment=&#8221;center&#8221; custom_padding=&#8221;20px||0px|||&#8221; header_2_font_size_tablet=&#8221;&#8221; header_2_font_size_phone=&#8221;34px&#8221; header_2_font_size_last_edited=&#8221;on|phone&#8221; locked=&#8221;off&#8221;]<\/p>\n<p><span>Ap\u00f3s a decolagem, ascendemos at\u00e9 atingir uma altitude m\u00e9dia de 1.500 p\u00e9s, o que equivale a aproximadamente 450 metros, enquanto sobrevoamos a Ba\u00eda de Ushuaia e a cidade. Nesta primeira etapa voc\u00ea poder\u00e1 conhecer os edif\u00edcios mais destacados da cidade, a Cordilheira dos Andes e o famoso Glaciar Le Martial.  <\/span><\/p>\n<p><span>Deixamos a cidade para tr\u00e1s e rumo ao oeste nos dirigimos ao setor do Parque Nacional Tierra del Fuego. Em nosso trajeto at\u00e9 o Parque \u00e9 poss\u00edvel avistar a Ba\u00eda Golondrina, o Vale do Rio Pipo, o C\u00e2nion La Oveja e o Monte Susana. Uma vez no setor Parque Nacional, avistam-se os principais pontos de interesse da referida reserva: Ba\u00eda Ensenada, Ba\u00eda Lapataia, Ilha Redonda, Ilha Estorbo, Lago Roca, Laguna Negra, Laguna Verde, entre outros. Continuaremos voando para oeste at\u00e9 a fronteira internacional com o Chile no Marco XXVI, onde se avista a Ba\u00eda Yendegaia com sua imponente geleira, localizada em territ\u00f3rio chileno.<\/p>\n<p>\u00c9 feita uma curva de 180\u00ba para sobrevoar o Canal de Beagle em dire\u00e7\u00e3o ao leste. Voc\u00ea pode ver a imponente Ilha Hoste chilena, o Canal Murray, a Ilha Navarino e o Porto de Navarino. Sobrevoam-se as ilhotas que comp\u00f5em as Ilhas Bridges, contemplando o Aeroporto Internacional das Ilhas Malvinas, a Ilha dos Lobos, a Ilha dos P\u00e1ssaros e, o mais importante: o enigm\u00e1tico e solit\u00e1rio Farol Les Eclaireurs.<\/span><\/p>\n<p style=\"text-align: left;\">[\/et_pb_text][\/et_pb_column][\/et_pb_row][et_pb_row _builder_version=&#8221;4.9.10&#8243; _module_preset=&#8221;default&#8221;][et_pb_column type=&#8221;4_4&#8243; _builder_version=&#8221;4.9.10&#8243; _module_preset=&#8221;default&#8221;][et_pb_text _builder_version=&#8221;4.9.10&#8243; text_font=&#8221;Noto Sans||||||||&#8221; text_text_color=&#8221;#000000&#8243; text_font_size=&#8221;17px&#8221; text_line_height=&#8221;2em&#8221; link_font=&#8221;||||||||&#8221; ul_font=&#8221;||||||||&#8221; ol_font=&#8221;||||||||&#8221; quote_font=&#8221;||||||||&#8221; header_font=&#8221;||||||||&#8221; header_2_font=&#8221;Noto Serif|700|||||||&#8221; header_2_text_color=&#8221;#000000&#8243; header_2_font_size=&#8221;44px&#8221; header_2_line_height=&#8221;1.5em&#8221; max_width=&#8221;800px&#8221; module_alignment=&#8221;center&#8221; custom_padding=&#8221;5px||34px|||&#8221; header_2_font_size_tablet=&#8221;&#8221; header_2_font_size_phone=&#8221;34px&#8221; header_2_font_size_last_edited=&#8221;on|phone&#8221; locked=&#8221;off&#8221;]<\/p>\n<p style=\"text-align: left;\"><span>J\u00e1 na etapa final do nosso voo, deixamos para tr\u00e1s o setor de far\u00f3is para sobrevoar o T\u00fanel Est\u00e2ncia enquanto retornamos \u00e0 Ba\u00eda de Ushuaia, onde sobrevoamos a cidade em descida e depois pousamos no Aeroporto Antigo. \u00c9 neste exato momento que se tem as melhores vistas do alto do centro da cidade de Ushuaia.  <\/span><\/p>\n<p>[\/et_pb_text][\/et_pb_column][\/et_pb_row][\/et_pb_section][et_pb_section fb_built=&#8221;1&#8243; module_id=&#8221;reserva&#8221; _builder_version=&#8221;4.9.10&#8243; _module_preset=&#8221;default&#8221; locked=&#8221;off&#8221;][et_pb_row _builder_version=&#8221;4.9.10&#8243; _module_preset=&#8221;default&#8221; custom_padding=&#8221;7px|||||&#8221;][et_pb_column type=&#8221;4_4&#8243; _builder_version=&#8221;4.9.10&#8243; _module_preset=&#8221;default&#8221;][et_pb_text _builder_version=&#8221;4.9.10&#8243; text_font=&#8221;Noto Sans||||||||&#8221; text_text_color=&#8221;#000000&#8243; text_font_size=&#8221;17px&#8221; text_line_height=&#8221;2em&#8221; link_font=&#8221;||||||||&#8221; ul_font=&#8221;||||||||&#8221; ol_font=&#8221;||||||||&#8221; quote_font=&#8221;||||||||&#8221; header_font=&#8221;||||||||&#8221; header_2_font=&#8221;Noto Serif|700|||||||&#8221; header_2_text_align=&#8221;center&#8221; header_2_text_color=&#8221;#000000&#8243; header_2_font_size=&#8221;44px&#8221; header_2_line_height=&#8221;1.5em&#8221; max_width=&#8221;800px&#8221; module_alignment=&#8221;center&#8221; custom_margin=&#8221;||3px|||&#8221; custom_padding=&#8221;0px|||||&#8221; header_2_font_size_tablet=&#8221;&#8221; header_2_font_size_phone=&#8221;34px&#8221; header_2_font_size_last_edited=&#8221;on|phone&#8221; locked=&#8221;off&#8221;]<\/p>\n<h2><span data-sheets-value=\"{\"1\":2,\"2\":\"Tarifas de Vuelos\"}\" data-sheets-userformat=\"{\"2\":7041,\"3\":{\"1\":0},\"10\":1,\"11\":4,\"12\":0,\"14\":{\"1\":3,\"3\":1},\"15\":\"Arial\"}\">Gostaria de reservar um voo?<\/span><\/h2>\n<p style=\"text-align: left;\">[\/et_pb_text][et_pb_divider color=&#8221;#0C71C3&#8243; divider_weight=&#8221;6px&#8221; _builder_version=&#8221;4.9.10&#8243; _module_preset=&#8221;default&#8221; width=&#8221;10%&#8221; module_alignment=&#8221;center&#8221; custom_margin=&#8221;||9px|||&#8221; locked=&#8221;off&#8221;][\/et_pb_divider][et_pb_text _builder_version=&#8221;4.9.10&#8243; _module_preset=&#8221;default&#8221; text_font=&#8221;Noto Sans||||||||&#8221; text_text_color=&#8221;#000000&#8243; text_font_size=&#8221;17px&#8221; text_line_height=&#8221;2em&#8221; link_font=&#8221;||||||||&#8221; ul_font=&#8221;||||||||&#8221; ol_font=&#8221;||||||||&#8221; quote_font=&#8221;||||||||&#8221; header_font=&#8221;||||||||&#8221; header_2_font=&#8221;Noto Serif|700|||||||&#8221; header_2_text_color=&#8221;#000000&#8243; header_2_font_size=&#8221;44px&#8221; header_2_line_height=&#8221;1.5em&#8221; max_width=&#8221;800px&#8221; module_alignment=&#8221;center&#8221; custom_margin=&#8221;-10px|||||&#8221; custom_padding=&#8221;0px|||||&#8221; header_2_font_size_tablet=&#8221;&#8221; header_2_font_size_phone=&#8221;34px&#8221; header_2_font_size_last_edited=&#8221;on|phone&#8221;]<\/p>\n<p>\u00c9 poss\u00edvel fazer uma reserva gratuita. Voc\u00ea pode nos escrever e entraremos em contato o mais breve poss\u00edvel.<\/p>\n<p>*Todos os nossos voos est\u00e3o sujeitos a altera\u00e7\u00f5es ou cancelamentos. Condi\u00e7\u00f5es clim\u00e1ticas (nebulosidade, precipita\u00e7\u00e3o, turbul\u00eancia, etc.), problemas operacionais das aeronaves e outros fatores podem causar varia\u00e7\u00f5es nos circuitos e at\u00e9 mesmo cancelamentos.<\/p>\n<p>[\/et_pb_text][et_pb_contact_form use_spam_service=&#8221;on&#8221; recaptcha_list=&#8221;Aeroclub|Aeroclub-0&#8243; email=&#8221;aeroclubushuaia@gmail.com, mcc.daleclick@gmail.com&#8221; custom_message=&#8221;Nome: %%Name%% ||et_pb_line_break_holder||E-mail: %%Email%% ||et_pb_line_break_holder||Consulta: %%Message%%&#8221; success_message=&#8221;Obrigado!&#8221; admin_label=&#8221;Formulario de contacto&#8221; _builder_version=&#8221;4.9.10&#8243; _module_preset=&#8221;default&#8221; form_field_text_color=&#8221;#000000&#8243; title_text_color=&#8221;#000000&#8243; captcha_text_color=&#8221;#000000&#8243; custom_button=&#8221;on&#8221; button_text_color=&#8221;#FFFFFF&#8221; button_bg_color=&#8221;#0C71C3&#8243; custom_margin=&#8221;||131px|||&#8221;][et_pb_contact_field field_id=&#8221;Name&#8221; field_title=&#8221;Nome&#8221; _builder_version=&#8221;3.16&#8243; button_text_size__hover_enabled=&#8221;off&#8221; button_one_text_size__hover_enabled=&#8221;off&#8221; button_two_text_size__hover_enabled=&#8221;off&#8221; button_text_color__hover_enabled=&#8221;off&#8221; button_one_text_color__hover_enabled=&#8221;off&#8221; button_two_text_color__hover_enabled=&#8221;off&#8221; button_border_width__hover_enabled=&#8221;off&#8221; button_one_border_width__hover_enabled=&#8221;off&#8221; button_two_border_width__hover_enabled=&#8221;off&#8221; button_border_color__hover_enabled=&#8221;off&#8221; button_one_border_color__hover_enabled=&#8221;off&#8221; button_two_border_color__hover_enabled=&#8221;off&#8221; button_border_radius__hover_enabled=&#8221;off&#8221; button_one_border_radius__hover_enabled=&#8221;off&#8221; button_two_border_radius__hover_enabled=&#8221;off&#8221; button_letter_spacing__hover_enabled=&#8221;off&#8221; button_one_letter_spacing__hover_enabled=&#8221;off&#8221; button_two_letter_spacing__hover_enabled=&#8221;off&#8221; button_bg_color__hover_enabled=&#8221;off&#8221; button_one_bg_color__hover_enabled=&#8221;off&#8221; button_two_bg_color__hover_enabled=&#8221;off&#8221;][\/et_pb_contact_field][et_pb_contact_field field_id=&#8221;Email&#8221; field_title=&#8221;endere\u00e7o de email&#8221; field_type=&#8221;email&#8221; _builder_version=&#8221;3.16&#8243; button_text_size__hover_enabled=&#8221;off&#8221; button_one_text_size__hover_enabled=&#8221;off&#8221; button_two_text_size__hover_enabled=&#8221;off&#8221; button_text_color__hover_enabled=&#8221;off&#8221; button_one_text_color__hover_enabled=&#8221;off&#8221; button_two_text_color__hover_enabled=&#8221;off&#8221; button_border_width__hover_enabled=&#8221;off&#8221; button_one_border_width__hover_enabled=&#8221;off&#8221; button_two_border_width__hover_enabled=&#8221;off&#8221; button_border_color__hover_enabled=&#8221;off&#8221; button_one_border_color__hover_enabled=&#8221;off&#8221; button_two_border_color__hover_enabled=&#8221;off&#8221; button_border_radius__hover_enabled=&#8221;off&#8221; button_one_border_radius__hover_enabled=&#8221;off&#8221; button_two_border_radius__hover_enabled=&#8221;off&#8221; button_letter_spacing__hover_enabled=&#8221;off&#8221; button_one_letter_spacing__hover_enabled=&#8221;off&#8221; button_two_letter_spacing__hover_enabled=&#8221;off&#8221; button_bg_color__hover_enabled=&#8221;off&#8221; button_one_bg_color__hover_enabled=&#8221;off&#8221; button_two_bg_color__hover_enabled=&#8221;off&#8221;][\/et_pb_contact_field][et_pb_contact_field field_id=&#8221;Message&#8221; field_title=&#8221;Mensagem&#8221; field_type=&#8221;text&#8221; fullwidth_field=&#8221;on&#8221; _builder_version=&#8221;3.16&#8243; button_text_size__hover_enabled=&#8221;off&#8221; button_one_text_size__hover_enabled=&#8221;off&#8221; button_two_text_size__hover_enabled=&#8221;off&#8221; button_text_color__hover_enabled=&#8221;off&#8221; button_one_text_color__hover_enabled=&#8221;off&#8221; button_two_text_color__hover_enabled=&#8221;off&#8221; button_border_width__hover_enabled=&#8221;off&#8221; button_one_border_width__hover_enabled=&#8221;off&#8221; button_two_border_width__hover_enabled=&#8221;off&#8221; button_border_color__hover_enabled=&#8221;off&#8221; button_one_border_color__hover_enabled=&#8221;off&#8221; button_two_border_color__hover_enabled=&#8221;off&#8221; button_border_radius__hover_enabled=&#8221;off&#8221; button_one_border_radius__hover_enabled=&#8221;off&#8221; button_two_border_radius__hover_enabled=&#8221;off&#8221; button_letter_spacing__hover_enabled=&#8221;off&#8221; button_one_letter_spacing__hover_enabled=&#8221;off&#8221; button_two_letter_spacing__hover_enabled=&#8221;off&#8221; button_bg_color__hover_enabled=&#8221;off&#8221; button_one_bg_color__hover_enabled=&#8221;off&#8221; button_two_bg_color__hover_enabled=&#8221;off&#8221;][\/et_pb_contact_field][\/et_pb_contact_form][\/et_pb_column][\/et_pb_row][\/et_pb_section]<\/p>\n","protected":false},"excerpt":{"rendered":"<p>Voo 30 minutos &#x22; &#xe06b; Dura\u00e7\u00e3o A dura\u00e7\u00e3o deste voo \u00e930 minutos. &#xe0f3; Pre\u00e7o Consulte pre\u00e7o pelo whatsapp QUERO RESERVAR! &#xe04a; Rota Sobrevoe Ushuaia, o Canal Beagle e as melhores paisagens do Fim do Mundo Cidade de Ushuaia, Parque Nacional Tierra del Fuego, Canal Beagle e Farol Les Eclereurs. O v\u00f4o de meia hora come\u00e7a [&hellip;]<\/p>\n","protected":false},"author":1,"featured_media":1476,"parent":0,"menu_order":0,"comment_status":"open","ping_status":"open","template":"","meta":{"_et_pb_use_builder":"on","_et_pb_old_content":"","_et_gb_content_width":"","footnotes":""},"class_list":["post-1419","page","type-page","status-publish","has-post-thumbnail","hentry"],"_links":{"self":[{"href":"https:\/\/www.aeroclubushuaia.com\/pt-br\/wp-json\/wp\/v2\/pages\/1419","targetHints":{"allow":["GET"]}}],"collection":[{"href":"https:\/\/www.aeroclubushuaia.com\/pt-br\/wp-json\/wp\/v2\/pages"}],"about":[{"href":"https:\/\/www.aeroclubushuaia.com\/pt-br\/wp-json\/wp\/v2\/types\/page"}],"author":[{"embeddable":true,"href":"https:\/\/www.aeroclubushuaia.com\/pt-br\/wp-json\/wp\/v2\/users\/1"}],"replies":[{"embeddable":true,"href":"https:\/\/www.aeroclubushuaia.com\/pt-br\/wp-json\/wp\/v2\/comments?post=1419"}],"version-history":[{"count":6,"href":"https:\/\/www.aeroclubushuaia.com\/pt-br\/wp-json\/wp\/v2\/pages\/1419\/revisions"}],"predecessor-version":[{"id":1557,"href":"https:\/\/www.aeroclubushuaia.com\/pt-br\/wp-json\/wp\/v2\/pages\/1419\/revisions\/1557"}],"wp:featuredmedia":[{"embeddable":true,"href":"https:\/\/www.aeroclubushuaia.com\/pt-br\/wp-json\/wp\/v2\/media\/1476"}],"wp:attachment":[{"href":"https:\/\/www.aeroclubushuaia.com\/pt-br\/wp-json\/wp\/v2\/media?parent=1419"}],"curies":[{"name":"wp","href":"https:\/\/api.w.org\/{rel}","templated":true}]}}