{"id":1455,"date":"2022-08-06T03:33:24","date_gmt":"2022-08-06T06:33:24","guid":{"rendered":"https:\/\/www.aeroclubushuaia.com\/frota-3\/"},"modified":"2022-08-06T03:33:24","modified_gmt":"2022-08-06T06:33:24","slug":"frota-3","status":"publish","type":"page","link":"https:\/\/www.aeroclubushuaia.com\/pt-br\/frota-3\/","title":{"rendered":"Frota"},"content":{"rendered":"<p>O Aeroclube Ushuaia possui uma frota de oito aeronaves pr\u00f3prias. Desde nossos avi\u00f5es de treinamento Piper Tomahawk (que s\u00e3o usados \u200b\u200bpara ensinar os alunos a voar), at\u00e9 o bimotor Piper Seneca (usado para treinamento de nossos pilotos e voos de transfer\u00eancia para outras cidades), passando pelo confi\u00e1vel Piper Archer (usado em nossos voos de batismo), entre outras aeronaves.<\/p>\n<p>Abaixo voc\u00ea pode conhecer um pouco mais sobre nossa frota.<\/p>\n","protected":false},"excerpt":{"rendered":"<p>O Aeroclube Ushuaia possui uma frota de oito aeronaves pr\u00f3prias. Desde nossos avi\u00f5es de treinamento Piper Tomahawk (que s\u00e3o usados \u200b\u200bpara ensinar os alunos a voar), at\u00e9 o bimotor Piper Seneca (usado para treinamento de nossos pilotos e voos de transfer\u00eancia para outras cidades), passando pelo confi\u00e1vel Piper Archer (usado em nossos voos de batismo), [&hellip;]<\/p>\n","protected":false},"author":1,"featured_media":0,"parent":0,"menu_order":0,"comment_status":"open","ping_status":"open","template":"","meta":{"_et_pb_use_builder":"","_et_pb_old_content":"","_et_gb_content_width":"","footnotes":""},"class_list":["post-1455","page","type-page","status-publish","hentry"],"_links":{"self":[{"href":"https:\/\/www.aeroclubushuaia.com\/pt-br\/wp-json\/wp\/v2\/pages\/1455","targetHints":{"allow":["GET"]}}],"collection":[{"href":"https:\/\/www.aeroclubushuaia.com\/pt-br\/wp-json\/wp\/v2\/pages"}],"about":[{"href":"https:\/\/www.aeroclubushuaia.com\/pt-br\/wp-json\/wp\/v2\/types\/page"}],"author":[{"embeddable":true,"href":"https:\/\/www.aeroclubushuaia.com\/pt-br\/wp-json\/wp\/v2\/users\/1"}],"replies":[{"embeddable":true,"href":"https:\/\/www.aeroclubushuaia.com\/pt-br\/wp-json\/wp\/v2\/comments?post=1455"}],"version-history":[{"count":0,"href":"https:\/\/www.aeroclubushuaia.com\/pt-br\/wp-json\/wp\/v2\/pages\/1455\/revisions"}],"wp:attachment":[{"href":"https:\/\/www.aeroclubushuaia.com\/pt-br\/wp-json\/wp\/v2\/media?parent=1455"}],"curies":[{"name":"wp","href":"https:\/\/api.w.org\/{rel}","templated":true}]}}