{"id":1466,"date":"2022-08-06T03:33:24","date_gmt":"2022-08-06T06:33:24","guid":{"rendered":"https:\/\/www.aeroclubushuaia.com\/oficina\/"},"modified":"2022-08-06T03:33:24","modified_gmt":"2022-08-06T06:33:24","slug":"oficina","status":"publish","type":"page","link":"https:\/\/www.aeroclubushuaia.com\/pt-br\/oficina\/","title":{"rendered":"Oficina"},"content":{"rendered":"<p style=\"text-align: justify;\">\n A seguran\u00e7a nas opera\u00e7\u00f5es n\u00e3o \u00e9 negoci\u00e1vel no Aeroclube de Ushuaia. \u00c9 por isso que a manuten\u00e7\u00e3o correta das nossas aeronaves \u00e9 de vital import\u00e2ncia. Para atingir esse objetivo, o Aeroclube Ushuaia possui em suas instala\u00e7\u00f5es uma oficina aeron\u00e1utica capacitada pela Administra\u00e7\u00e3o Nacional de Avia\u00e7\u00e3o Civil (ANAC) sob os mais exigentes padr\u00f5es. A gest\u00e3o de nossa oficina est\u00e1 a cargo da empresa Ushuaia Aviaci\u00f3n, sendo o Sr. Ariel Alberto Argente o mec\u00e2nico aeron\u00e1utico que realiza a manuten\u00e7\u00e3o de nossas aeronaves.<\/p>\n<p style=\"text-align: justify;\">\n Os servi\u00e7os da nossa Oficina Aeron\u00e1utica poder\u00e3o ser prestados a outras aeronaves que n\u00e3o perten\u00e7am ao Aeroclube. Caso necessite deste servi\u00e7o, recomendamos que nos contacte previamente para gerir o seu pedido.<\/p>\n","protected":false},"excerpt":{"rendered":"<p>A seguran\u00e7a nas opera\u00e7\u00f5es n\u00e3o \u00e9 negoci\u00e1vel no Aeroclube de Ushuaia. \u00c9 por isso que a manuten\u00e7\u00e3o correta das nossas aeronaves \u00e9 de vital import\u00e2ncia. Para atingir esse objetivo, o Aeroclube Ushuaia possui em suas instala\u00e7\u00f5es uma oficina aeron\u00e1utica capacitada pela Administra\u00e7\u00e3o Nacional de Avia\u00e7\u00e3o Civil (ANAC) sob os mais exigentes padr\u00f5es. A gest\u00e3o de [&hellip;]<\/p>\n","protected":false},"author":1,"featured_media":0,"parent":0,"menu_order":0,"comment_status":"open","ping_status":"open","template":"","meta":{"_et_pb_use_builder":"","_et_pb_old_content":"","_et_gb_content_width":"","footnotes":""},"class_list":["post-1466","page","type-page","status-publish","hentry"],"_links":{"self":[{"href":"https:\/\/www.aeroclubushuaia.com\/pt-br\/wp-json\/wp\/v2\/pages\/1466","targetHints":{"allow":["GET"]}}],"collection":[{"href":"https:\/\/www.aeroclubushuaia.com\/pt-br\/wp-json\/wp\/v2\/pages"}],"about":[{"href":"https:\/\/www.aeroclubushuaia.com\/pt-br\/wp-json\/wp\/v2\/types\/page"}],"author":[{"embeddable":true,"href":"https:\/\/www.aeroclubushuaia.com\/pt-br\/wp-json\/wp\/v2\/users\/1"}],"replies":[{"embeddable":true,"href":"https:\/\/www.aeroclubushuaia.com\/pt-br\/wp-json\/wp\/v2\/comments?post=1466"}],"version-history":[{"count":0,"href":"https:\/\/www.aeroclubushuaia.com\/pt-br\/wp-json\/wp\/v2\/pages\/1466\/revisions"}],"wp:attachment":[{"href":"https:\/\/www.aeroclubushuaia.com\/pt-br\/wp-json\/wp\/v2\/media?parent=1466"}],"curies":[{"name":"wp","href":"https:\/\/api.w.org\/{rel}","templated":true}]}}