{"id":1467,"date":"2022-08-06T03:33:24","date_gmt":"2022-08-06T06:33:24","guid":{"rendered":"https:\/\/www.aeroclubushuaia.com\/hangaragem\/"},"modified":"2022-08-06T03:33:24","modified_gmt":"2022-08-06T06:33:24","slug":"hangaragem","status":"publish","type":"page","link":"https:\/\/www.aeroclubushuaia.com\/pt-br\/hangaragem\/","title":{"rendered":"Hangaragem"},"content":{"rendered":"<h4>\n  Pergunte sobre nosso servi\u00e7o de hangaragem<\/h4>\n<p>Para aeronaves em tr\u00e2nsito<\/p>\n<div>\n\t&nbsp;<\/div>\n<div>\n Dispomos de um hangar aquecido e das comodidades necess\u00e1rias para a sua estadia.&nbsp;<\/p>\n<p> Para este servi\u00e7o solicitamos que fa\u00e7a reservas com bastante anteced\u00eancia.<\/p><\/div>\n","protected":false},"excerpt":{"rendered":"<p>Pergunte sobre nosso servi\u00e7o de hangaragem Para aeronaves em tr\u00e2nsito &nbsp; Dispomos de um hangar aquecido e das comodidades necess\u00e1rias para a sua estadia.&nbsp; Para este servi\u00e7o solicitamos que fa\u00e7a reservas com bastante anteced\u00eancia.<\/p>\n","protected":false},"author":1,"featured_media":0,"parent":0,"menu_order":0,"comment_status":"open","ping_status":"open","template":"","meta":{"_et_pb_use_builder":"","_et_pb_old_content":"","_et_gb_content_width":"","footnotes":""},"class_list":["post-1467","page","type-page","status-publish","hentry"],"_links":{"self":[{"href":"https:\/\/www.aeroclubushuaia.com\/pt-br\/wp-json\/wp\/v2\/pages\/1467","targetHints":{"allow":["GET"]}}],"collection":[{"href":"https:\/\/www.aeroclubushuaia.com\/pt-br\/wp-json\/wp\/v2\/pages"}],"about":[{"href":"https:\/\/www.aeroclubushuaia.com\/pt-br\/wp-json\/wp\/v2\/types\/page"}],"author":[{"embeddable":true,"href":"https:\/\/www.aeroclubushuaia.com\/pt-br\/wp-json\/wp\/v2\/users\/1"}],"replies":[{"embeddable":true,"href":"https:\/\/www.aeroclubushuaia.com\/pt-br\/wp-json\/wp\/v2\/comments?post=1467"}],"version-history":[{"count":0,"href":"https:\/\/www.aeroclubushuaia.com\/pt-br\/wp-json\/wp\/v2\/pages\/1467\/revisions"}],"wp:attachment":[{"href":"https:\/\/www.aeroclubushuaia.com\/pt-br\/wp-json\/wp\/v2\/media?parent=1467"}],"curies":[{"name":"wp","href":"https:\/\/api.w.org\/{rel}","templated":true}]}}