{"id":1475,"date":"2022-08-06T03:33:24","date_gmt":"2022-08-06T06:33:24","guid":{"rendered":"https:\/\/www.aeroclubushuaia.com\/meia-hora\/"},"modified":"2022-08-06T03:33:24","modified_gmt":"2022-08-06T06:33:24","slug":"meia-hora","status":"publish","type":"page","link":"https:\/\/www.aeroclubushuaia.com\/pt-br\/meia-hora\/","title":{"rendered":"Meia hora"},"content":{"rendered":"<h1 style=\"text-align: justify;\">\n  Cidade de Ushuaia, Parque Nacional Tierra del Fuego, Canal Beagle e Farol Les Eclereurs.<\/h1>\n<p style=\"text-align: justify;\">\n\t<br \/>\n  O v\u00f4o de meia hora come\u00e7a no antigo aeroporto da cidade de Ushuaia, onde est\u00e1 localizado o Aeroclube, a apenas 10 minutos a p\u00e9 do centro da cidade de Ushuaia.<\/p>\n<p>  \u00c0 chegada ao Aeroclube, ser\u00e1 recebido por um dos nossos pilotos que lhe fornecer\u00e1 todas as informa\u00e7\u00f5es relativas ao voo que ser\u00e1 realizado, bem como lhe fornecer\u00e1 informa\u00e7\u00f5es de seguran\u00e7a.&nbsp;<\/p>\n<p>  Quando tudo estiver pronto, voc\u00ea embarcar\u00e1 em uma de nossas oito aeronaves, que ser\u00e3o previamente selecionadas pelo piloto para melhor atender \u00e0s suas necessidades. Todas as nossas aeronaves encontram-se em perfeito estado de manuten\u00e7\u00e3o, cumprindo as mais exigentes normas nesta mat\u00e9ria.<br \/>\n\t&nbsp;<\/p>\n<div style=\"text-align: center;\">\n\t<span style=\"color: rgb(153, 153, 153); font-size: 18px; font-style: italic; text-align: center;\">\u201cO atendimento \u00e9 100% personalizado. Antes, durante e depois do voo nossos pilotos garantem o bem-estar dos nossos passageiros.\u201d<\/span><\/div>\n<p style=\"text-align: justify;\">\n\t<br \/>\n  Ap\u00f3s a decolagem, ascendemos at\u00e9 atingir uma altitude m\u00e9dia de 1.500 p\u00e9s, o que equivale a aproximadamente 450 metros, enquanto sobrevoamos a Ba\u00eda de Ushuaia e a cidade. Nesta primeira etapa voc\u00ea poder\u00e1 conhecer os edif\u00edcios mais destacados da cidade, a Cordilheira dos Andes e o famoso Glaciar Le Martial.  &nbsp;<\/p>\n<p style=\"text-align: center;\">\n\t<img decoding=\"async\" alt=\"\" src=\"https:\/\/www.aeroclubushuaia.com\/wp-content\/uploads\/2022\/08\/faro-les-eclereaux.jpg\" style=\"padding: 5px; width: 342px; height: 228px;\"><\/p>\n<p style=\"text-align: justify;\">\n  Deixamos a cidade para tr\u00e1s e rumo ao oeste nos dirigimos ao setor do Parque Nacional Tierra del Fuego. Em nosso trajeto at\u00e9 o Parque \u00e9 poss\u00edvel avistar a Ba\u00eda Golondrina, o Vale do Rio Pipo, o C\u00e2nion La Oveja e o Monte Susana. Uma vez no setor Parque Nacional, avistam-se os principais pontos de interesse da referida reserva: Ba\u00eda Ensenada, Ba\u00eda Lapataia, Ilha Redonda, Ilha Estorbo, Lago Roca, Laguna Negra, Laguna Verde, entre outros. Continuaremos voando para oeste at\u00e9 a fronteira internacional com o Chile no marco XXVI.&nbsp; onde se avista a Ba\u00eda Yendegaia com sua imponente geleira, localizada em territ\u00f3rio chileno.<\/p>\n<p>  \u00c9 feita uma curva de 180\u00ba para sobrevoar o Canal de Beagle em dire\u00e7\u00e3o ao leste. ELE&nbsp; Pude conhecer a imponente Ilha Hoste chilena, o Canal Murray, a Ilha Navarino e o Porto de Navarino. Sobrevoam-se as ilhotas que comp\u00f5em as Ilhas Bridges, contemplando o Aeroporto Internacional das Ilhas Malvinas, a Ilha dos Lobos, a Ilha dos P\u00e1ssaros e, o mais importante: o enigm\u00e1tico e solit\u00e1rio Farol Les Eclaireurs.<\/p>\n<p style=\"text-align: center;\">\n\t<img decoding=\"async\" alt=\"Vista da cidade momentos antes do pouso.\" src=\"https:\/\/www.aeroclubushuaia.com\/wp-content\/uploads\/2022\/08\/9109310.jpg\" style=\"width: 342px; height: 257px;\"><\/p>\n<p style=\"text-align: justify;\">\n  J\u00e1 na etapa final do nosso voo, deixamos para tr\u00e1s o setor de far\u00f3is para sobrevoar o T\u00fanel Est\u00e2ncia enquanto retornamos \u00e0 Ba\u00eda de Ushuaia, onde sobrevoamos a cidade em descida e depois pousamos no Aeroporto Antigo. \u00c9 neste exato momento que se tem as melhores vistas do alto do centro da cidade de Ushuaia.  &nbsp;<br \/>\n\t&nbsp;<\/p>\n<h1 style=\"text-align: justify;\">\n  Importante:<\/h1>\n<ul>\n<li style=\"text-align: justify;\">\n  \u00c9 poss\u00edvel fazer uma reserva gratuita. Voc\u00ea pode nos ligar ou escrever um e-mail para reservar ( <a href=\"http:\/\/www.aeroclubushuaia.com\/es\/contacto\/\">clicando aqui<\/a> ). O passageiro seleciona o dia e hor\u00e1rio de sua prefer\u00eancia. Para conhecer as tarifas dos nossos voos, <a href=\"http:\/\/www.aeroclubushuaia.com\/es\/tarifas-de-vuelos,3\/\">clique aqui<\/a><\/li>\n<li style=\"text-align: justify;\">\n  Todos os nossos voos est\u00e3o sujeitos a altera\u00e7\u00f5es ou cancelamentos. Condi\u00e7\u00f5es clim\u00e1ticas (nebulosidade, precipita\u00e7\u00e3o, turbul\u00eancia, etc.), problemas operacionais das aeronaves e outros fatores podem causar varia\u00e7\u00f5es nos circuitos e at\u00e9 mesmo cancelamentos.<\/li>\n<\/ul>\n<p style=\"text-align: justify;\">\n\t&nbsp;<\/p>\n<div class=\"TA_linkingWidgetRedesign\" id=\"TA_linkingWidgetRedesign701\">\n<ul class=\"TA_links 0sYJXyrYQid2\" id=\"i05l2smCU6MT\">\n<li class=\"qnm3XtVTjQc\" id=\"cUdfNlK\" style=\"text-align: center;\">\n  Leia as avalia\u00e7\u00f5es do <a href=\"http:\/\/www.tripadvisor.com.ar\/Attraction_Review-g312855-d3734577-Reviews-Aeroclub_Ushuaia-Ushuaia_Province_of_Tierra_del_Fuego_Patagonia.html\" target=\"_blank\" rel=\"noopener\">Aeroc<\/a> <a href=\"http:\/\/www.tripadvisor.com.ar\/Attraction_Review-g312855-d3734577-Reviews-Aeroclub_Ushuaia-Ushuaia_Province_of_Tierra_del_Fuego_Patagonia.html\" style=\"text-align: justify;\" target=\"_blank\" rel=\"noopener\">lub<\/a>&nbsp; <a href=\"http:\/\/www.tripadvisor.com.ar\/Attraction_Review-g312855-d3734577-Reviews-Aeroclub_Ushuaia-Ushuaia_Province_of_Tierra_del_Fuego_Patagonia.html\" style=\"text-align: justify;\" target=\"_blank\" rel=\"noopener\">Ushuaia<\/a><\/li>\n<\/ul>\n<\/div>\n<p><script src=\"http:\/\/www.jscache.com\/wejs?wtype=linkingWidgetRedesign&amp;uniq=701&amp;locationId=3734577&amp;lang=es_AR&amp;border=true\"><\/script><\/p>\n","protected":false},"excerpt":{"rendered":"<p>Cidade de Ushuaia, Parque Nacional Tierra del Fuego, Canal Beagle e Farol Les Eclereurs. O v\u00f4o de meia hora come\u00e7a no antigo aeroporto da cidade de Ushuaia, onde est\u00e1 localizado o Aeroclube, a apenas 10 minutos a p\u00e9 do centro da cidade de Ushuaia. \u00c0 chegada ao Aeroclube, ser\u00e1 recebido por um dos nossos pilotos [&hellip;]<\/p>\n","protected":false},"author":1,"featured_media":1476,"parent":0,"menu_order":0,"comment_status":"open","ping_status":"open","template":"","meta":{"_et_pb_use_builder":"","_et_pb_old_content":"","_et_gb_content_width":"","footnotes":""},"class_list":["post-1475","page","type-page","status-publish","has-post-thumbnail","hentry"],"_links":{"self":[{"href":"https:\/\/www.aeroclubushuaia.com\/pt-br\/wp-json\/wp\/v2\/pages\/1475","targetHints":{"allow":["GET"]}}],"collection":[{"href":"https:\/\/www.aeroclubushuaia.com\/pt-br\/wp-json\/wp\/v2\/pages"}],"about":[{"href":"https:\/\/www.aeroclubushuaia.com\/pt-br\/wp-json\/wp\/v2\/types\/page"}],"author":[{"embeddable":true,"href":"https:\/\/www.aeroclubushuaia.com\/pt-br\/wp-json\/wp\/v2\/users\/1"}],"replies":[{"embeddable":true,"href":"https:\/\/www.aeroclubushuaia.com\/pt-br\/wp-json\/wp\/v2\/comments?post=1475"}],"version-history":[{"count":0,"href":"https:\/\/www.aeroclubushuaia.com\/pt-br\/wp-json\/wp\/v2\/pages\/1475\/revisions"}],"wp:featuredmedia":[{"embeddable":true,"href":"https:\/\/www.aeroclubushuaia.com\/pt-br\/wp-json\/wp\/v2\/media\/1476"}],"wp:attachment":[{"href":"https:\/\/www.aeroclubushuaia.com\/pt-br\/wp-json\/wp\/v2\/media?parent=1475"}],"curies":[{"name":"wp","href":"https:\/\/api.w.org\/{rel}","templated":true}]}}