{"id":1481,"date":"2022-08-06T03:33:39","date_gmt":"2022-08-06T06:33:39","guid":{"rendered":"https:\/\/www.aeroclubushuaia.com\/historia-2\/"},"modified":"2022-08-06T03:33:39","modified_gmt":"2022-08-06T06:33:39","slug":"historia-2","status":"publish","type":"page","link":"https:\/\/www.aeroclubushuaia.com\/pt-br\/historia-2\/","title":{"rendered":"Hist\u00f3ria"},"content":{"rendered":"<p style=\"text-align: center;\">\n\t<strong>HIST\u00d3RIA DO CLUBE A\u00c9REO<\/strong><\/p>\n<p style=\"text-align: justify;\">\n  Em 16 de junho de 1949 chegou \u00e0 cidade de Ushuaia um Piper PA12 (LV-YDZ), comandado pelo inspetor Alberto Vico, membro da Dire\u00e7\u00e3o Nacional de Avia\u00e7\u00e3o Civil. Ele estava acompanhado por Dom Gerardo Lorenzo. Esta viagem ajuda a motivar a atividade.<\/p>\n<p>  Vico foi um pioneiro: ajudou a criar muitos Aeroclubes na Patag\u00f4nia.<\/p>\n<p>\n<img loading=\"lazy\" decoding=\"async\" alt=\"\" height=\"390\" src=\"https:\/\/www.aeroclubushuaia.com\/wp-content\/uploads\/2022\/08\/Alberto-Vico.jpg\" width=\"620\">&nbsp;<\/p>\n<p style=\"text-align: justify;\">\n\t<span id=\"result_box\" lang=\"en\"><span class=\"hps\">Em<\/span> <span class=\"hps\">30 de agosto de 1954<\/span> ele <span class=\"hps\">conheceu<\/span> <span class=\"hps\">formalmente<\/span> <span class=\"hps\">um grupo de<\/span> <span class=\"hps\">entusiastas da avia\u00e7\u00e3o<\/span> <span>, nomeando<\/span> <span class=\"hps\">um &#8220;comit\u00ea tempor\u00e1rio<\/span> para  <span class=\"hps\">representar o<\/span> <span class=\"hps\">grupo de apoiadores<\/span> <span class=\"hps\">da<\/span> <span class=\"hps\">atividade a\u00e9rea<\/span> <span class=\"hps\">e trabalhar pela<\/span> <span class=\"hps\">organiza\u00e7\u00e3o<\/span> <span class=\"hps\">imediata<\/span> <span class=\"hps\">da entidade<\/span> <span class=\"hps\">.\u201d<\/span><\/span><\/p>\n<p>\t<span id=\"result_box\" lang=\"en\"><span class=\"hps\">A primeira comiss\u00e3o<\/span> <span class=\"hps\">foi formada<\/span> <span class=\"hps\">por<\/span> <span class=\"hps\">Francisco<\/span> <span class=\"hps\">RESTOVIC<\/span> <span>,<\/span> <span class=\"hps\">como Presidente<\/span> <span>;<\/span> <span class=\"hps\">Vicente<\/span> <span class=\"hps\">PADIN<\/span> <span class=\"hps\">como Secret\u00e1rio;<\/span> <span class=\"hps\">e<\/span> <span class=\"hps\">George<\/span> <span class=\"hps\">Miles, como Tesoureiro<\/span> <span>.<\/span> O Ushuaia  Foi fundado <span class=\"hps\">o Aeroclube<\/span><span>.<\/span> <\/span><span id=\"result_box\" lang=\"en\"><span class=\"hps\">Em<\/span> <span class=\"hps\">5 de setembro de 1954<\/span> ,<\/span> <span id=\"result_box\" lang=\"en\"><span class=\"hps\">foi<\/span> <span class=\"hps\">legalmente constitu\u00edda<\/span> a <span class=\"hps\">institui\u00e7\u00e3o<\/span><\/span> .<\/p>\n<p>\t<span id=\"result_box\" lang=\"en\"><span class=\"hps\">Em 1955<\/span> <span class=\"hps\">foi processada a permiss\u00e3o para operar no aer\u00f3dromo local<\/span> <span>.<\/span><\/span> <span id=\"result_box\" lang=\"en\"><span class=\"hps\">Em<\/span> <span class=\"hps\">24 de janeiro de 1958<\/span> <span class=\"hps\">foi obtida a situa\u00e7\u00e3o jur\u00eddica<\/span> <span class=\"hps\">e<\/span> <span class=\"hps\">recebida<\/span> <span class=\"hps\">a autoriza\u00e7\u00e3o<\/span> <span class=\"hps\">para a constru\u00e7\u00e3o<\/span> <span class=\"hps\">do primeiro<\/span> hangar.<\/span><br \/>\n\t&nbsp;<br \/>\n\t<span id=\"result_box\" lang=\"en\"><span class=\"hps\">sobre<\/span> <span class=\"hps\">10 de maio de 1959<\/span> <span class=\"hps\">foi inaugurado<\/span> <span class=\"hps\">Voo  <\/span><span class=\"hps\">escola<\/span> <span class=\"hps\">e<\/span> <span class=\"hps\">Centro de treinamento<\/span><span>, com<\/span> <span class=\"hps\">apenas um<\/span> <span class=\"hps\">tr\u00eas lugares<\/span> <span class=\"hps\">Flautista<\/span> <span class=\"hps\">PA<\/span><span>12<\/span><span>,<\/span> <span class=\"hps\">registro LV<\/span><span class=\"atn\">&#8211;<\/span><span>YDU<\/span>  <span class=\"hps\">Martinho<\/span> <span class=\"hps\">Louren\u00e7o<\/span> <span class=\"hps\">e Tom\u00e1s<\/span> <span class=\"hps\">Goodall ficou ferido<\/span><span>.<\/span> <span class=\"hps\">Em dezembro<\/span>,  <span class=\"hps\">o<\/span> <span class=\"hps\">Civil<\/span> <span class=\"hps\">Avia\u00e7\u00e3o<\/span> <span class=\"hps\">Instrutor<\/span> <span class=\"hps\">Danny<\/span><span class=\"hps\">eu<\/span> <span class=\"hps\">Mini<\/span><span>,<\/span> <span class=\"hps\">no comando<\/span> <span class=\"hps\">de um<\/span> <span class=\"hps\">Flautista<\/span> <span class=\"hps\">PA<\/span><span>18<\/span><span>,<\/span> <span class=\"hps\">QL<\/span><span class=\"atn\">&#8211;<\/span><span>ZJP<\/span>; chegou para iniciar os cursos.  <span class=\"hps\">Este curso<\/span> <span class=\"hps\">consistiu<\/span> nos seguintes  <span class=\"hps\">alunos:<\/span> <span class=\"hps\">Bronzovic<\/span> <span class=\"hps\">jorge<\/span> <span class=\"hps\">e Andr\u00e9<\/span><span>,<\/span> <span class=\"hps\">Jo\u00e3o<\/span> <span class=\"hps\">Carlos<\/span> <span class=\"hps\">Juncosa<\/span><span>,<\/span> <span class=\"hps\">Dom\u00ednio<\/span> <span class=\"hps\">Papa-figos<\/span><span>,<\/span> <span class=\"hps\">a esposa dele<\/span> <span class=\"hps\">Mercedes<\/span> <span class=\"hps\">Elisalde<\/span> <span class=\"hps\">e<\/span> <span class=\"hps\">Carlos<\/span> <span class=\"hps\">Herrera<\/span><span>.<\/span> <span class=\"hps\">O<\/span> <span class=\"hps\">primeiro<\/span>  &#8220;voo solo&#8221;  <span class=\"hps\">foi<\/span> <span class=\"hps\">Jorge<\/span> <span class=\"hps\">Bronsovic<\/span> (<span class=\"hps\">fevereiro de 1960)<\/span> <span>.<\/span> <span class=\"hps\">Mercedes<\/span> <span class=\"hps\">foi<\/span> <span class=\"hps\">a primeira mulher<\/span> <span class=\"hps\">piloto<\/span> <span class=\"hps\">da<\/span> <span class=\"hps\">Terra do<\/span> <span class=\"hps\">Fogo<\/span> <span>.<\/span><\/span><\/p>\n<p>\t<span id=\"result_box\" lang=\"en\"><span class=\"hps\">No final de 1960<\/span> <span class=\"hps\">come\u00e7ou o<\/span> <span class=\"hps\">segundo ano<\/span> <span class=\"hps\">de<\/span> <span class=\"hps\">cursos<\/span><span>,<\/span> <span class=\"hps\">com seis<\/span> <span class=\"hps\">estudantes<\/span><span>,<\/span> <span class=\"hps\">entre eles<\/span> <span class=\"hps\">Ant\u00f4nio<\/span> <span class=\"hps\">Beros<\/span><span>,<\/span> <span class=\"hps\">Miguel<\/span> <span class=\"hps\">Rosa<\/span><span>,<\/span> <span class=\"hps\">L\u00facia<\/span> <span class=\"hps\">Favale<\/span><span>,<\/span> <span class=\"hps\">Em\u00edlio<\/span> <span class=\"hps\">Szczepanski<\/span><span>,<\/span> <span class=\"hps\">Tomislao<\/span> <span class=\"hps\">Bronsovic<\/span> <span class=\"hps\">e Jos\u00e9<\/span> <span class=\"hps\">Pastorizar<\/span><span>.<\/span><\/span><\/p>\n<p>  Em 25 de setembro de 1961, foi adquirido um Cessna Skywagon (LV-HSW).<\/p>\n<p>\t<span id=\"result_box\" lang=\"en\"><span class=\"hps\">O \u00faltimo curso<\/span> <span class=\"hps\">(apoiado pelo<\/span> <span class=\"hps\">estado),<\/span> <span class=\"hps\">ficou a cargo de Luis<\/span> <span class=\"hps\">Cuniberti<\/span>&nbsp;<span class=\"hps\">(1962)<\/span><span>. O curso foi feito em  <\/span> <span class=\"hps\">uma pequena<\/span> <span class=\"hps\">\u00e1rea<\/span> <span class=\"hps\">protegida dos ventos chamada<\/span> &#8221; <span class=\"hps\">Kutalateka&#8221;<\/span> <span class=\"hps\">perto<\/span><span class=\"hps\"> <\/span><span>Rancho<\/span> <span class=\"hps\">Harberton<\/span> , <span class=\"hps\">onde<\/span> <span class=\"hps\">os ventos est\u00e3o calmos. Mais seis alunos tornaram-se pilotos.<\/span><\/span><\/p>\n<p>\t<span id=\"result_box\" lang=\"en\"><span class=\"hps\">Em 1963<\/span> <span class=\"hps\">foi incorporada outra aeronave<\/span> <span class=\"hps\">,<\/span> <span>um<\/span> <span class=\"hps\">Cessna<\/span> <span class=\"hps\">172<\/span> <span>,<\/span> <span class=\"hps\">matr\u00edcula LV<\/span> <span class=\"atn\">&#8211;<\/span> <span>FNV<\/span> <span>,<\/span> <span class=\"hps\">nesta \u00e9poca o Aeroclube contava com 3 aeronaves<\/span> <span>, al\u00e9m<\/span> do&nbsp;<span class=\"hps\"> <\/span><span class=\"hps\">Aeronave escolar Piper<\/span> <span>.<\/span><br \/>\n\t&nbsp;<br \/>\n\t<span class=\"hps\">Em 1964<\/span> <span class=\"hps\">a popula\u00e7\u00e3o<\/span> <span class=\"hps\">de<\/span> <span class=\"hps\">a costa sul<\/span><span>,<\/span> <span class=\"hps\">desde<\/span> <span class=\"hps\">Ushuaia<\/span> <span class=\"hps\">para a Bahia<\/span> <span class=\"hps\">Aguirre<\/span><span>,<\/span> <span class=\"hps\">foram atendidos<\/span> <span class=\"hps\">regularmente por<\/span> <span class=\"hps\">os servi\u00e7os prestados por<\/span> <span class=\"hps\">o<\/span> <span class=\"hps\">Aeroclube<\/span><span>,<\/span>  transporte  <span class=\"hps\">alimentos, rem\u00e9dios<\/span> <span>, not\u00edcias<\/span> <span>, muitas vezes com um<\/span> <span class=\"hps\">risco consider\u00e1vel<\/span> <span class=\"hps\">devido \u00e0s<\/span> <span class=\"hps\">caracter\u00edsticas<\/span> <span class=\"hps\">do terreno e \u00e0s condi\u00e7\u00f5es clim\u00e1ticas<\/span> <span>.<\/span><\/span><\/p>\n<p>  Em 1965, a Escola de Avia\u00e7\u00e3o contava com seu pr\u00f3prio instrutor: Vladimir Bronzovic, que havia obtido sua licen\u00e7a de instrutor. Em 1967, o Governo <span class=\"long_text\" id=\"result_box\" lang=\"en\"><span class=\"hps\">confiou<\/span> <span class=\"hps\">ao<\/span> <span class=\"hps\">Aeroclube<\/span> <span class=\"hps\">um bimotor<\/span> <span class=\"hps\">Piper<\/span> Aztec <span>,<\/span> <span class=\"hps\">com capacidade para dois<\/span> <span class=\"hps\">tripulantes e quatro<\/span> <span class=\"hps\">passageiros.<\/span><\/span> <span class=\"long_text\" id=\"result_box\" lang=\"en\"><span class=\"hps\">Esta aeronave era<\/span> <span class=\"hps\">s\u00edmbolo<\/span> <span class=\"hps\">do prest\u00edgio<\/span> <span class=\"hps\">da institui\u00e7\u00e3o<\/span><\/span><span class=\"long_text\" id=\"result_box\" lang=\"en\"><span>.<\/span> <span class=\"hps\">Nesse mesmo ano o<\/span> <span class=\"hps\">Cessna 172<\/span> <span class=\"hps\">pousou em<\/span> Rock Port <span>,<\/span> <span class=\"hps\">Estados Unidos<\/span> <span>: foi a primeira<\/span> <span class=\"hps\">aeronave<\/span> que <span class=\"hps\">ali<\/span> <span class=\"hps\">pousou<\/span> <span>.<\/span><br \/>\n\t&nbsp;<br \/>\n\t<span class=\"hps\">Em outubro<\/span> <span class=\"hps\">de 1968<\/span> <span class=\"hps\">foi adquirido<\/span> <span class=\"hps\">outro<\/span> <span class=\"hps\">PA<\/span> <span>-12<\/span> <span>(<\/span> matr\u00edcula LV <span class=\"atn\">&#8211;<\/span> <span>YHN<\/span> <span>).<\/span><\/span><\/p>\n<p>\t<span class=\"long_text\" id=\"result_box\" lang=\"en\"><span class=\"hps\">Em<\/span> <span class=\"hps\">1971,<\/span> <span class=\"hps\">o aumento da<\/span> <span>actividade tur\u00edstica,<\/span> <span class=\"hps\">deu origem a<\/span> <span class=\"hps\">uma<\/span> <span class=\"hps\">nova<\/span> <span class=\"hps\">actividade<\/span> <span>,<\/span> <span class=\"hps\">resultando numa<\/span> <span class=\"hps\">importante fonte<\/span> <span class=\"hps\">de recursos para o<\/span> <span class=\"hps\">clube: voo tur\u00edstico,<\/span> <span class=\"hps\">foi desenhado um circuito<\/span> <span class=\"hps\">de meia hora<\/span> .  <span class=\"hps\">Este<\/span> <span class=\"hps\">ano<\/span> o Cessna 185  <span class=\"hps\">Foi substitu\u00eddo<\/span> <span class=\"hps\">por um<\/span> <span class=\"hps\">Cessna 206<\/span> <span>,<\/span> <span class=\"hps\">matr\u00edcula LV<\/span> <span class=\"atn\">&#8211;<\/span> <span>INX<\/span> <span>,<\/span> <span class=\"hps\">mais<\/span> <span class=\"hps\">adequado \u00e0s<\/span> <span class=\"hps\">condi\u00e7\u00f5es clim\u00e1ticas<\/span> <span class=\"hps\">da regi\u00e3o<\/span> <span>.<\/span><br \/>\n\t&nbsp;<br \/>\n\t<span class=\"hps\">Em 1973<\/span> <span class=\"hps\">duas outras aeronaves<\/span><span>  foram incorporados, um<\/span> <span class=\"hps\">Flautista<\/span> <span class=\"hps\">Crokee<\/span> <span class=\"hps\">140<\/span><span>,<\/span> <span class=\"hps\">registro LV<\/span><span class=\"atn\">&#8211;<\/span><span>LFC<\/span> <span class=\"hps\">e para<\/span> <span class=\"hps\">Cessna<\/span> <span class=\"hps\">206,<\/span> <span class=\"hps\">seis lugares<\/span><span>,<\/span> <span class=\"hps\">registro LV<\/span><span class=\"atn\">&#8211;<\/span><span>J.G.L.<\/span><span>.<\/span><\/span><\/p>\n<p>\t<span class=\"long_text\" id=\"result_box\" lang=\"en\"><span class=\"hps\">Em 1974<\/span> foi celebrado <span class=\"hps\">o primeiro<\/span> <span class=\"hps\">festival aeron\u00e1utico,<\/span> <span class=\"hps\">comemorando os 20 anos<\/span> <span class=\"hps\">da institui\u00e7\u00e3o e<\/span> <span class=\"hps\">os 15<\/span> anos da <span class=\"hps\">Escola<\/span> de Avia\u00e7\u00e3o <span>.<\/span> <span class=\"hps\">Naquela \u00e9poca<\/span> <span>.<\/span><br \/>\n\t&nbsp;<br \/>\n\t<span class=\"hps\">Em 1978<\/span> <span>foi inclu\u00eddo<\/span> um <span class=\"hps\">Piper<\/span> <span class=\"hps\">PA32-300<\/span> , <span>matr\u00edcula<\/span> <span class=\"hps\">LV<\/span> <span>-MEN<\/span> . Ei<span class=\"hps\">n 1981  <\/span><span class=\"hps\">para Piper<\/span> <span class=\"hps\">PA<\/span><span>28-181<\/span> <span class=\"hps\">Arqueiro<\/span> <span class=\"hps\">II<\/span><span>,<\/span> <span class=\"hps\">registro LV<\/span><span class=\"atn\">&#8211;<\/span><span>OOD<\/span> <span class=\"hps\">e para<\/span> <span class=\"hps\">Flautista<\/span> <span class=\"hps\">Lan\u00e7ar<\/span> <span class=\"hps\">PA<\/span><span>32<\/span><span class=\"atn\">-300<\/span><span>TR<\/span> <span class=\"hps\">com<\/span> <span class=\"hps\">trem de pouso retr\u00e1til<\/span>  (<span class=\"hps\">registro<\/span> <span class=\"hps atn\">LV-<\/span> <span>MLY) tamb\u00e9m foram incorporados<\/span> <span>.<\/span><br \/>\n\t&nbsp;<br \/>\n\t<span class=\"hps\">Durante o ano de 1984<\/span> <span class=\"hps\">foi constru\u00eddo<\/span> <span class=\"hps\">o hangar principal<\/span> , <span class=\"hps\">com 625<\/span> <span class=\"hps\">m2<\/span> . Em <span class=\"hps\">1985<\/span> <span class=\"hps\">foi<\/span> <span class=\"hps\">nomeado<\/span> <span class=\"hps atn\">&#8220;<\/span> <span>Piloto<\/span> <span class=\"hps\">Mario<\/span> <span class=\"hps\">Marconcini<\/span> <span>&#8220;<\/span> <span class=\"hps\">, pioneiro<\/span> <span class=\"hps\">da avia\u00e7\u00e3o<\/span> na Terra do Fogo <span class=\"hps\">.<\/span><\/span><\/p>\n<p>\t<span class=\"long_text\" id=\"result_box\" lang=\"en\"><span class=\"hps\">Em 1986 um<\/span> <span class=\"hps\">Cessna 310<\/span> <span class=\"hps\">bimotor<\/span> <span>,<\/span> <span class=\"hps\">matr\u00edcula<\/span> <span class=\"hps atn\">LV-<\/span> <span>LSH<\/span><span>  foi comprado. para oficina<\/span><span class=\"hps\">Foram constru\u00eddos ,<\/span> <span>dep\u00f3sito<\/span> , <span class=\"hps\">banheiro<\/span> e escrit\u00f3rio piloto.<br \/>\n\t&nbsp;<br \/>\n\t<span class=\"hps\">Em 1994<\/span> <span class=\"hps\">foi adquirida<\/span> <span class=\"hps\">outra aeronave<\/span> <span class=\"hps\">Piper<\/span> <span class=\"hps\">Cherokee<\/span> <span class=\"hps\">PA-<\/span> <span>28-140<\/span> <span>,<\/span> <span class=\"hps\">matr\u00edcula LV<\/span> <span class=\"atn\">&#8211;<\/span> <span>LZF<\/span> para escola.<br \/>\n\t&nbsp;<br \/>\n\t<span class=\"hps\">Em 1997<\/span> <span class=\"hps\">o<\/span> <span class=\"hps\">Aeroclube<\/span> <span class=\"hps\">enfrentou uma<\/span> <span class=\"hps\">dif\u00edcil<\/span> <span class=\"hps\">situa\u00e7\u00e3o<\/span> <span class=\"hps\">de ter que<\/span> <span class=\"hps\">desmontar<\/span> <span class=\"hps\">e<\/span> <span class=\"hps\">deslocar suas<\/span> <span class=\"hps\">valiosas<\/span> <span class=\"hps\">instala\u00e7\u00f5es (localizadas<\/span> <span class=\"hps\">na<\/span> <span class=\"hps\">Base<\/span> <span class=\"hps\">Naval<\/span> ) devido a <span class=\"hps\">a<\/span> Marinha  <span class=\"hps\">projeto<\/span> <span class=\"hps\">para construir<\/span> um  base <span class=\"hps\">integrada<\/span> <span class=\"hps\">l\u00e1<\/span> <span>.<\/span><\/p>\n<p>\t<span class=\"hps\">A hist\u00f3ria do<\/span> <span class=\"hps\">Aeroclube<\/span> <span class=\"hps\">Ushuaia<\/span> <span class=\"hps\">se constr\u00f3i<\/span> <span class=\"hps\">diariamente<\/span> <span>.<\/span> <span class=\"hps\">N\u00f3s,<\/span> <span class=\"hps\">associados e<\/span> <span class=\"hps\">gestores<\/span> <span>, temos a<\/span> <span class=\"hps\">firme<\/span> <span class=\"hps\">inten\u00e7\u00e3o<\/span> <span class=\"hps\">de<\/span> <span class=\"hps\">nunca acabar<\/span> <span>com isso.<\/span><\/span><\/p>\n","protected":false},"excerpt":{"rendered":"<p>HIST\u00d3RIA DO CLUBE A\u00c9REO Em 16 de junho de 1949 chegou \u00e0 cidade de Ushuaia um Piper PA12 (LV-YDZ), comandado pelo inspetor Alberto Vico, membro da Dire\u00e7\u00e3o Nacional de Avia\u00e7\u00e3o Civil. Ele estava acompanhado por Dom Gerardo Lorenzo. Esta viagem ajuda a motivar a atividade. Vico foi um pioneiro: ajudou a criar muitos Aeroclubes na [&hellip;]<\/p>\n","protected":false},"author":1,"featured_media":1437,"parent":0,"menu_order":0,"comment_status":"open","ping_status":"open","template":"","meta":{"_et_pb_use_builder":"","_et_pb_old_content":"","_et_gb_content_width":"","footnotes":""},"class_list":["post-1481","page","type-page","status-publish","has-post-thumbnail","hentry"],"_links":{"self":[{"href":"https:\/\/www.aeroclubushuaia.com\/pt-br\/wp-json\/wp\/v2\/pages\/1481","targetHints":{"allow":["GET"]}}],"collection":[{"href":"https:\/\/www.aeroclubushuaia.com\/pt-br\/wp-json\/wp\/v2\/pages"}],"about":[{"href":"https:\/\/www.aeroclubushuaia.com\/pt-br\/wp-json\/wp\/v2\/types\/page"}],"author":[{"embeddable":true,"href":"https:\/\/www.aeroclubushuaia.com\/pt-br\/wp-json\/wp\/v2\/users\/1"}],"replies":[{"embeddable":true,"href":"https:\/\/www.aeroclubushuaia.com\/pt-br\/wp-json\/wp\/v2\/comments?post=1481"}],"version-history":[{"count":0,"href":"https:\/\/www.aeroclubushuaia.com\/pt-br\/wp-json\/wp\/v2\/pages\/1481\/revisions"}],"wp:featuredmedia":[{"embeddable":true,"href":"https:\/\/www.aeroclubushuaia.com\/pt-br\/wp-json\/wp\/v2\/media\/1437"}],"wp:attachment":[{"href":"https:\/\/www.aeroclubushuaia.com\/pt-br\/wp-json\/wp\/v2\/media?parent=1481"}],"curies":[{"name":"wp","href":"https:\/\/api.w.org\/{rel}","templated":true}]}}