{"id":1487,"date":"2022-08-06T03:33:24","date_gmt":"2022-08-06T06:33:24","guid":{"rendered":"https:\/\/www.aeroclubushuaia.com\/tarifas-de-voo\/"},"modified":"2022-08-06T03:33:24","modified_gmt":"2022-08-06T06:33:24","slug":"tarifas-de-voo","status":"publish","type":"page","link":"https:\/\/www.aeroclubushuaia.com\/pt-br\/tarifas-de-voo\/","title":{"rendered":"Tarifas de voo"},"content":{"rendered":"<p style=\"color: blue; text-align: center;\">\n\t<span style=\"color:#808080;\"><strong><span style=\"font-size:14px;\">Abaixo voc\u00ea encontra as tarifas normais para nossos voos de 15, 30 e 60 minutos. Lembre-se que voc\u00ea pode reservar gratuitamente ligando para 54 02901 421717 \/421892 ou enviando-nos um e-mail atrav\u00e9s da aba <a href=\"http:\/\/www.aeroclubushuaia.com\/es\/contacto\/\">Contato<\/a> .<\/span><\/strong><\/span><\/p>\n<h1 style=\"text-align: justify;\">\n  Voo de 60 minutos.<\/h1>\n<p style=\"text-align: justify;\">\n  Sem d\u00favida, o melhor dos nossos voos: O voo de 60 minutos \u00e9 a melhor op\u00e7\u00e3o para conhecer a fundo o sul da Prov\u00edncia da Terra do Fogo. Sobrevoe a cidade de Ushuaia, voe entre os imponentes picos da Cordilheira dos Andes, o Canal Beagle e outras paisagens incr\u00edveis a bordo de nossos avi\u00f5es Piper. Conhe\u00e7a o cockpit destes avi\u00f5es e ou\u00e7a as comunica\u00e7\u00f5es que o piloto mant\u00e9m com a torre de controle. Para saber todos os detalhes e ver imagens do voo de 60 minutos, <a href=\"http:\/\/www.aeroclubushuaia.com\/es\/una-hora,45\/\">clique aqui<\/a> .<\/p>\n<ul>\n<li style=\"text-align: justify;\">\n  Tarifa: USD 155 por pessoa (para um m\u00ednimo de 2 passageiros). \/ USD 205 (se voc\u00ea for passageiro individual).*<\/li>\n<\/ul>\n<div style=\"text-align: justify;\">\n  *: Consulte descontos para passageiros nacionais, residentes da Terra do Fogo ou grandes grupos.<br \/>\n\t&nbsp;<\/div>\n<h3 style=\"text-align: center;\">\n\t<img loading=\"lazy\" decoding=\"async\" alt=\"\" height=\"230\" src=\"https:\/\/www.aeroclubushuaia.com\/wp-content\/uploads\/2022\/08\/Circuito-una-hora.jpg\" style=\"border-width: 3px; border-style: solid;\" width=\"434\"><\/h3>\n<h1>\n\t<br \/>\n  Voo de 30 minutos.<\/h1>\n<p style=\"text-align: justify;\">\n  O voo de 30 minutos \u00e9 uma alternativa mais curta e barata ao voo de 60 minutos. Sobrevoe a cidade de Ushuaia, o Parque Nacional e o Farol Les Eclereurs enquanto aprecia a majestade do Canal Beagle e a Cordilheira dos Andes ao fundo. Para saber todos os detalhes e ver imagens do voo de 30 minutos, <a href=\"http:\/\/www.aeroclubushuaia.com\/es\/media-hora,44\/\">clique aqui<\/a> .<\/p>\n<ul style=\"text-align: start;\">\n<li style=\"text-align: justify;\">\n  Tarifa: USD 95 por pessoa (para um m\u00ednimo de 2 passageiros).&nbsp; \/ USD 125 (se passageiro individual).*<\/li>\n<\/ul>\n<div style=\"text-align: justify;\">\n  *: Consulte descontos para passageiros nacionais, residentes da Terra do Fogo ou grandes grupos.<br \/>\n\t&nbsp;<\/div>\n<div style=\"text-align: justify;\">\n\t&nbsp;<\/div>\n<div style=\"text-align: center;\">\n\t<img loading=\"lazy\" decoding=\"async\" alt=\"\" height=\"237\" src=\"https:\/\/www.aeroclubushuaia.com\/wp-content\/uploads\/2022\/08\/Circuito-media-hora.jpg\" style=\"text-align: center; border-width: 3px; border-style: solid;\" width=\"433\"><\/div>\n<div style=\"text-align: justify;\">\n\t&nbsp;<\/div>\n<h1>\n\t<br \/>\n  Voo de 15 minutos.<\/h1>\n<p style=\"text-align: justify;\">\n  O voo de 15 minutos \u00e9 a nossa op\u00e7\u00e3o mais econ\u00f3mica e o nosso voo mais curto. Se voc\u00ea nunca voou e quer viver a experi\u00eancia pela primeira vez, o voo de 15 minutos \u00e9 uma boa alternativa. Sobrevoe a cidade de Ushuaia e a Ba\u00eda de Ushuaia. Para saber todos os detalhes e ver imagens do voo de 15 minutos, <a href=\"http:\/\/www.aeroclubushuaia.com\/es\/15-minutos,74\/\">clique aqui<\/a> .<\/p>\n<ul>\n<li style=\"text-align: justify;\">\n  Taxa: US$ 55&nbsp; por pessoa (para um m\u00ednimo de 2 passageiros).&nbsp; \/ USD 70 (se voc\u00ea for passageiro individual).*<\/li>\n<\/ul>\n<p style=\"text-align: justify;\">\n  *: Consulte descontos para passageiros nacionais, residentes da Terra do Fogo ou grandes grupos.<br \/>\n\t&nbsp;<\/p>\n<p style=\"text-align: center;\">\n\t<img decoding=\"async\" alt=\"\" src=\"https:\/\/www.aeroclubushuaia.com\/wp-content\/uploads\/2022\/08\/IMG_2579.jpg\" style=\"width: 545px;\"><\/p>\n<h1>\n\t<br \/>\n  Outros voos.<\/h1>\n<p style=\"text-align: justify;\">\n  \u00c9 poss\u00edvel viver outras experi\u00eancias incr\u00edveis com o Aeroclube Ushuaia. Sobrevoe a m\u00edtica e solit\u00e1ria Ilha de Los Unidos, onde est\u00e1 localizado o verdadeiro Farol do Fim do Mundo, fazendo escala para visitar Tolhuin e depois retornar a Ushuaia.<\/p>\n<p>  Se preferir, voc\u00ea pode sobrevoar a Cordilheira de Darwin, localizada em territ\u00f3rio chileno, ou visitar o ic\u00f4nico Cabo Horn.<\/p>\n<p>  Caso pretenda realizar outro voo, n\u00e3o hesite em contactar-nos.<\/p>\n<p>&nbsp;&nbsp;<\/p>\n<div class=\"TA_certificateOfExcellence\" id=\"TA_certificateOfExcellence573\">\n<div class=\"lAkcKF\" style=\"text-align: center;\">\n\t\t<a href=\"http:\/\/www.tripadvisor.com.ar\/Attraction_Review-g312855-d3734577-Reviews-Aeroclub_Ushuaia-Ushuaia_Province_of_Tierra_del_Fuego_Patagonia.html\" target=\"_blank\" rel=\"noopener\"><img decoding=\"async\" alt=\"\" src=\"https:\/\/www.aeroclubushuaia.com\/wp-content\/uploads\/2022\/08\/Tripadvisor.jpg\" style=\"width: 300px; height: 133px;\"><\/a><\/div>\n<\/div>\n<p style=\"text-align: center;\">\n\t&nbsp;<\/p>\n<p>\nLeia avalia\u00e7\u00f5es do <a href=\"http:\/\/www.tripadvisor.com.ar\/Attraction_Review-g312855-d3734577-Reviews-Aeroclub_Ushuaia-Ushuaia_Province_of_Tierra_del_Fuego_Patagonia.html\" target=\"_blank\" rel=\"noopener\">Aeroclube de Ushuaia<\/a> <\/p>\n<p><script>\n!function(f,b,e,v,n,t,s)\n{if(f.fbq)return;n=f.fbq=function(){n.callMethod?\nn.callMethod.apply(n,arguments):n.queue.push(arguments)};\nif(!f._fbq)f._fbq=n;n.push=n;n.loaded=!0;n.version='2.0';\nn.queue=[];t=b.createElement(e);t.async=!0;\nt.src=v;s=b.getElementsByTagName(e)[0];\ns.parentNode.insertBefore(t,s)}(window,document,'script',\n'https:\/\/connect.facebook.net\/en_US\/fbevents.js');\n fbq('init', '160924021315791'); \nfbq('track', 'PageView');\n<\/script><noscript><br \/>\n <img loading=\"lazy\" decoding=\"async\" height=\"1\" width=\"1\" src=\"https:\/\/www.aeroclubushuaia.com\/wp-content\/uploads\/2022\/08\/tr-noscript1.gif\"><br \/>\n<\/noscript><\/p>\n","protected":false},"excerpt":{"rendered":"<p>Abaixo voc\u00ea encontra as tarifas normais para nossos voos de 15, 30 e 60 minutos. Lembre-se que voc\u00ea pode reservar gratuitamente ligando para 54 02901 421717 \/421892 ou enviando-nos um e-mail atrav\u00e9s da aba Contato . Voo de 60 minutos. Sem d\u00favida, o melhor dos nossos voos: O voo de 60 minutos \u00e9 a melhor [&hellip;]<\/p>\n","protected":false},"author":1,"featured_media":1378,"parent":0,"menu_order":0,"comment_status":"open","ping_status":"open","template":"","meta":{"_et_pb_use_builder":"on","_et_pb_old_content":"","_et_gb_content_width":"","footnotes":""},"class_list":["post-1487","page","type-page","status-publish","has-post-thumbnail","hentry"],"_links":{"self":[{"href":"https:\/\/www.aeroclubushuaia.com\/pt-br\/wp-json\/wp\/v2\/pages\/1487","targetHints":{"allow":["GET"]}}],"collection":[{"href":"https:\/\/www.aeroclubushuaia.com\/pt-br\/wp-json\/wp\/v2\/pages"}],"about":[{"href":"https:\/\/www.aeroclubushuaia.com\/pt-br\/wp-json\/wp\/v2\/types\/page"}],"author":[{"embeddable":true,"href":"https:\/\/www.aeroclubushuaia.com\/pt-br\/wp-json\/wp\/v2\/users\/1"}],"replies":[{"embeddable":true,"href":"https:\/\/www.aeroclubushuaia.com\/pt-br\/wp-json\/wp\/v2\/comments?post=1487"}],"version-history":[{"count":0,"href":"https:\/\/www.aeroclubushuaia.com\/pt-br\/wp-json\/wp\/v2\/pages\/1487\/revisions"}],"wp:featuredmedia":[{"embeddable":true,"href":"https:\/\/www.aeroclubushuaia.com\/pt-br\/wp-json\/wp\/v2\/media\/1378"}],"wp:attachment":[{"href":"https:\/\/www.aeroclubushuaia.com\/pt-br\/wp-json\/wp\/v2\/media?parent=1487"}],"curies":[{"name":"wp","href":"https:\/\/api.w.org\/{rel}","templated":true}]}}