{"id":1525,"date":"2022-07-05T20:40:32","date_gmt":"2022-07-05T23:40:32","guid":{"rendered":"https:\/\/www.aeroclubushuaia.com\/pagina-de-exemplo\/"},"modified":"2023-10-27T18:58:31","modified_gmt":"2023-10-27T21:58:31","slug":"pagina-de-exemplo","status":"publish","type":"page","link":"https:\/\/www.aeroclubushuaia.com\/pt-br\/pagina-de-exemplo\/","title":{"rendered":"P\u00e1gina de exemplo"},"content":{"rendered":"\n<p>Esta \u00e9 uma p\u00e1gina de exemplo. \u00c9 diferente de uma postagem de blog porque ficar\u00e1 em um s\u00f3 lugar e aparecer\u00e1 na navega\u00e7\u00e3o do seu site (na maioria dos temas). A maioria das pessoas come\u00e7a com uma p\u00e1gina \u201cSobre\u201d que as apresenta aos visitantes em potencial do site. Voc\u00ea poderia dizer algo assim:<\/p>\n\n<blockquote class=\"wp-block-quote is-layout-flow wp-block-quote-is-layout-flow\"><p>Bem-vindo! Sou gar\u00e7om durante o dia, aspirante a ator \u00e0 noite e este \u00e9 o meu site. Moro em Mairena del Alcor, tenho um cachorro chamado Firulais e gosto do rebujito. (E longas tardes com caf\u00e9).<\/p><\/blockquote>\n\n<p>\u2026ou algo assim:<\/p>\n\n<blockquote class=\"wp-block-quote is-layout-flow wp-block-quote-is-layout-flow\"><p>A empresa \u201cMariscos Recio\u201d foi fundada por Antonio Recio Mata. Come\u00e7ou como uma pequena empresa que fornecia frutos do mar para hot\u00e9is e restaurantes, mas aos poucos se transformou em um grande imp\u00e9rio. Recio Seafood, o mar ao melhor pre\u00e7o.<\/p><\/blockquote>\n\n<p>Como um novo usu\u00e1rio do WordPress, voc\u00ea deve acessar <a href=\"https:\/\/www.aeroclubushuaia.com\/wp-admin\/\">seu painel<\/a> para excluir esta p\u00e1gina e criar novas p\u00e1ginas para o seu conte\u00fado. Passe bem!<\/p>\n","protected":false},"excerpt":{"rendered":"<p>Esta \u00e9 uma p\u00e1gina de exemplo. \u00c9 diferente de uma postagem de blog porque ficar\u00e1 em um s\u00f3 lugar e aparecer\u00e1 na navega\u00e7\u00e3o do seu site (na maioria dos temas). A maioria das pessoas come\u00e7a com uma p\u00e1gina \u201cSobre\u201d que as apresenta aos visitantes em potencial do site. Voc\u00ea poderia dizer algo assim: Bem-vindo! Sou [&hellip;]<\/p>\n","protected":false},"author":1,"featured_media":0,"parent":0,"menu_order":0,"comment_status":"closed","ping_status":"open","template":"","meta":{"_et_pb_use_builder":"","_et_pb_old_content":"","_et_gb_content_width":"","footnotes":""},"class_list":["post-1525","page","type-page","status-publish","hentry"],"_links":{"self":[{"href":"https:\/\/www.aeroclubushuaia.com\/pt-br\/wp-json\/wp\/v2\/pages\/1525","targetHints":{"allow":["GET"]}}],"collection":[{"href":"https:\/\/www.aeroclubushuaia.com\/pt-br\/wp-json\/wp\/v2\/pages"}],"about":[{"href":"https:\/\/www.aeroclubushuaia.com\/pt-br\/wp-json\/wp\/v2\/types\/page"}],"author":[{"embeddable":true,"href":"https:\/\/www.aeroclubushuaia.com\/pt-br\/wp-json\/wp\/v2\/users\/1"}],"replies":[{"embeddable":true,"href":"https:\/\/www.aeroclubushuaia.com\/pt-br\/wp-json\/wp\/v2\/comments?post=1525"}],"version-history":[{"count":1,"href":"https:\/\/www.aeroclubushuaia.com\/pt-br\/wp-json\/wp\/v2\/pages\/1525\/revisions"}],"predecessor-version":[{"id":1527,"href":"https:\/\/www.aeroclubushuaia.com\/pt-br\/wp-json\/wp\/v2\/pages\/1525\/revisions\/1527"}],"wp:attachment":[{"href":"https:\/\/www.aeroclubushuaia.com\/pt-br\/wp-json\/wp\/v2\/media?parent=1525"}],"curies":[{"name":"wp","href":"https:\/\/api.w.org\/{rel}","templated":true}]}}